{"id":18492,"date":"2024-10-11T16:41:53","date_gmt":"2024-10-11T14:41:53","guid":{"rendered":"https:\/\/greenkingdom.ch\/product\/growtool-hx8850-ersatzpumpe-1-2\/"},"modified":"2024-10-11T16:41:53","modified_gmt":"2024-10-11T14:41:53","slug":"growtool-hx8850-ersatzpumpe-1-2","status":"publish","type":"product","link":"https:\/\/greenkingdom.ch\/it\/prodotto\/growtool-hx8850-ersatzpumpe-1-2\/","title":{"rendered":"GrowTOOL HX8850 Ersatzpumpe 1.2"},"content":{"rendered":"<p>growPUMP nutriment HX-8850 \u00e8 la pompa universale ideale per innaffiare tutte le tue piante nel sistema di coltivazione aeroponica pi\u00f9 capace di growTOOL. Questa pompa pu\u00f2 funzionare sott&#8217;acqua e pu\u00f2 essere installata anche a secco. Caratteristiche:<br \/>\n&#8211; Potenza: 95 W<br \/>\n&#8211; Portata: 4900 litri \/ ora<br \/>\n&#8211; Prevalenza: 3,5 m<br \/>\n&#8211; Attacco: 3\/4&#8243; IG \/ femmina<br \/>\n&#8211; Dimensioni: 24 x 11 x 15 cm Non perdere l&#8217;opportunit\u00e0 di migliorare il tuo sistema di coltivazione con questa pompa di qualit\u00e0. EAN: 4260358344843  <\/p>\n","protected":false},"excerpt":{"rendered":"<p>growPUMP nutriment HX-8850 \u00e8 la pompa universale ideale per innaffiare tutte le tue piante nel sistema di coltivazione aeroponica pi\u00f9 capace di growTOOL. Questa pompa pu\u00f2 funzionare sott&#8217;acqua e pu\u00f2 essere installata anche a secco. Caratteristiche: &#8211; Potenza: 95 W &#8211; Portata: 4900 litri \/ ora &#8211; Prevalenza: 3,5 m &#8211; Attacco: 3\/4&#8243; IG \/ [&hellip;]<\/p>\n","protected":false},"featured_media":10243,"comment_status":"open","ping_status":"closed","template":"","meta":{"_seopress_robots_primary_cat":"","_seopress_titles_title":"","_seopress_titles_desc":"","_seopress_robots_index":""},"product_brand":[],"product_cat":[620],"product_tag":[],"class_list":{"0":"post-18492","1":"product","2":"type-product","3":"status-publish","4":"has-post-thumbnail","6":"product_cat-sistemi-idroponici-e-aeroponici","9":"instock","10":"taxable","11":"shipping-taxable","12":"purchasable","13":"product-type-simple","14":"product-grid-view"},"_links":{"self":[{"href":"https:\/\/greenkingdom.ch\/it\/wp-json\/wp\/v2\/product\/18492","targetHints":{"allow":["GET"]}}],"collection":[{"href":"https:\/\/greenkingdom.ch\/it\/wp-json\/wp\/v2\/product"}],"about":[{"href":"https:\/\/greenkingdom.ch\/it\/wp-json\/wp\/v2\/types\/product"}],"replies":[{"embeddable":true,"href":"https:\/\/greenkingdom.ch\/it\/wp-json\/wp\/v2\/comments?post=18492"}],"version-history":[{"count":0,"href":"https:\/\/greenkingdom.ch\/it\/wp-json\/wp\/v2\/product\/18492\/revisions"}],"wp:featuredmedia":[{"embeddable":true,"href":"https:\/\/greenkingdom.ch\/it\/wp-json\/wp\/v2\/media\/10243"}],"wp:attachment":[{"href":"https:\/\/greenkingdom.ch\/it\/wp-json\/wp\/v2\/media?parent=18492"}],"wp:term":[{"taxonomy":"product_brand","embeddable":true,"href":"https:\/\/greenkingdom.ch\/it\/wp-json\/wp\/v2\/product_brand?post=18492"},{"taxonomy":"product_cat","embeddable":true,"href":"https:\/\/greenkingdom.ch\/it\/wp-json\/wp\/v2\/product_cat?post=18492"},{"taxonomy":"product_tag","embeddable":true,"href":"https:\/\/greenkingdom.ch\/it\/wp-json\/wp\/v2\/product_tag?post=18492"}],"curies":[{"name":"wp","href":"https:\/\/api.w.org\/{rel}","templated":true}]}}