{"id":18522,"date":"2024-10-11T16:42:16","date_gmt":"2024-10-11T14:42:16","guid":{"rendered":"https:\/\/greenkingdom.ch\/product\/aquamaster-tools-combo-pen-p160-pro\/"},"modified":"2024-10-11T16:42:16","modified_gmt":"2024-10-11T14:42:16","slug":"aquamaster-tools-combo-pen-p160-pro","status":"publish","type":"product","link":"https:\/\/greenkingdom.ch\/it\/prodotto\/aquamaster-tools-combo-pen-p160-pro\/","title":{"rendered":"Aquamaster Tools Combo Pen P160 Pro"},"content":{"rendered":"<div class=\"value\">\n<h2>P160 Pro Combo Pen \u2013 Precisione delle misurazioni di pH, EC, TDS, PPM e temperatura<\/h2>\n<h3><strong>Perfeziona le tue misure con stile<\/strong><\/h3>\n<p><\/p>\n<p>La P160 Pro Combo Pen \u00e8 lo strumento ideale per misurazioni accurate e affidabili dei liquidi. Che si tratti di piante in crescita, piscine o laghetti, questa penna all-in-one si distingue per la sua precisione e facilit\u00e0 d&#8217;uso. Con un design resistente e una gamma completa di accessori, misurare pH, EC, TDS, PPM e temperatura diventa un gioco da ragazzi.  <\/p>\n<p><\/p>\n<p><strong>Uso versatile:<\/strong> Facilmente adattabile tra parametri come pH, EC, TDS e PPM con la semplice pressione di un pulsante. I sensori pre-calibrati garantiscono misurazioni accurate e possono essere facilmente sostituiti in caso di usura. Con la sua struttura robusta e il grado di impermeabilit\u00e0 IP67, questo dispositivo \u00e8 ideale per l&#8217;uso quotidiano in una variet\u00e0 di ambienti.  <\/p>\n<p><\/p>\n<p><strong>Calibrazione conveniente:<\/strong> La calibrazione dell&#8217;EC viene eseguita in modo analogico, riducendo cos\u00ec al minimo gli effetti delle variazioni di temperatura del fluido di calibrazione. Il dispositivo viene fornito con i fluidi di calibrazione necessari per l&#8217;uso immediato. <\/p>\n<p><\/p>\n<p><strong>Facile da usare:<\/strong> Dopo aver rimosso il cappuccio protettivo e pulito l&#8217;elettrodo, l&#8217;immersione della penna nella soluzione consente di visualizzare i valori misurati in pochi secondi. Il controllo intuitivo dei pulsanti consente di passare da una modalit\u00e0 di misurazione all&#8217;altra. <\/p>\n<p><\/p>\n<h3><strong>I vantaggi in sintesi:<\/strong><\/h3>\n<ul>\n<li><strong>Versatile:<\/strong> Misurazione di pH, EC, TDS, PPM e temperatura.<\/li>\n<li><strong>Design robusto:<\/strong> Durevole e impermeabile (IP67).<\/li>\n<li><strong>Calibrazione facile:<\/strong> Insensibile alle variazioni di temperatura durante la calibrazione dell&#8217;EC.<\/li>\n<li><strong>Kit completo:<\/strong> Include liquidi di calibrazione e una custodia per impieghi gravosi.<\/li>\n<li><strong>Facilit\u00e0 d&#8217;uso:<\/strong> Funzionamento intuitivo ed elettrodo facilmente sostituibile.<\/li>\n<\/ul>\n<p><\/p>\n<h3><strong>Specifiche tecniche:<\/strong><\/h3>\n<ul>\n<li><strong>Campo di misura:<\/strong><\/li>\n<ul>\n<li><strong>pH:<\/strong> 0,1~14,0 pH<\/li>\n<li><strong>EC:<\/strong> 0,0 ~ 19,9 mS \/ cm<\/li>\n<li><strong>TDS:<\/strong> 0,0 ~ 19,99 PPT<\/li>\n<li><strong>PPM:<\/strong> 0,0 ~ 1999 PPM<\/li>\n<li><strong>Temperatura:<\/strong> 0\u00b0C ~ 50\u00b0C (32\u00b0F ~ 122\u00b0F)<\/li>\n<\/ul>\n<li><strong>Risoluzione:<\/strong><\/li>\n<ul>\n<li><strong>pH:<\/strong> \u00b1 0,1 pH<\/li>\n<li><strong>EC:<\/strong> 0,1 mS\/cm<\/li>\n<li><strong>TDS:<\/strong> 0.01 PPT<\/li>\n<li><strong>PPM:<\/strong> 10 PPM<\/li>\n<li><strong>Temperatura:<\/strong> 0,1\u00b0C (1,0\u00baF)<\/li>\n<\/ul>\n<li><strong>Peso:<\/strong> 102 grammi<\/li>\n<li><strong>Dimensioni:<\/strong> 220 x 40 x 40 mm<\/li>\n<li><strong>Alimentazione:<\/strong> 3 batterie a bottone AG-13 da 1,5 volt (incluse)<\/li>\n<li><strong>Ermeticit\u00e0:<\/strong> Grado di protezione IP67<\/li>\n<\/ul>\n<p><\/p>\n<h3>Video utili:<\/h3>\n<p><a href=\"https:\/\/youtu.be\/RIqaOkp0cBk\">P160 &#8211; Funzionamento e utilizzo<\/a><\/p>\n<p><a href=\"https:\/\/youtu.be\/4-Amme2LckM\">P160 &#8211; Taratura del pH<\/a><\/p>\n<p><a href=\"https:\/\/youtu.be\/GUdmCGd5Gy0\">P160 &#8211; Calibrazione EC<\/a><\/p>\n<p><a href=\"https:\/\/youtu.be\/duwWjSYpl0Y\">P160 &#8211; Sostituzione elettrodo<\/a><\/p>\n<p><a href=\"https:\/\/youtu.be\/IiJ5DImDHJA\">P160 &#8211; Risoluzione dei problemi<\/a><\/p>\n<p><\/p>\n<div class=\"product attribute ean\"><strong class=\"type\">EAN<\/strong> <span class=\"value ean\">8785258333736<\/span><\/div>\n<\/div>\n","protected":false},"excerpt":{"rendered":"<p>P160 Pro Combo Pen \u2013 Precisione delle misurazioni di pH, EC, TDS, PPM e temperatura Perfeziona le tue misure con stile La P160 Pro Combo Pen \u00e8 lo strumento ideale per misurazioni accurate e affidabili dei liquidi. Che si tratti di piante in crescita, piscine o laghetti, questa penna all-in-one si distingue per la sua [&hellip;]<\/p>\n","protected":false},"featured_media":10383,"comment_status":"open","ping_status":"closed","template":"","meta":{"_seopress_robots_primary_cat":"","_seopress_titles_title":"","_seopress_titles_desc":"","_seopress_robots_index":""},"product_brand":[],"product_cat":[595],"product_tag":[],"class_list":{"0":"post-18522","1":"product","2":"type-product","3":"status-publish","4":"has-post-thumbnail","6":"product_cat-strumenti","9":"instock","10":"taxable","11":"shipping-taxable","12":"purchasable","13":"product-type-simple","14":"product-grid-view"},"_links":{"self":[{"href":"https:\/\/greenkingdom.ch\/it\/wp-json\/wp\/v2\/product\/18522","targetHints":{"allow":["GET"]}}],"collection":[{"href":"https:\/\/greenkingdom.ch\/it\/wp-json\/wp\/v2\/product"}],"about":[{"href":"https:\/\/greenkingdom.ch\/it\/wp-json\/wp\/v2\/types\/product"}],"replies":[{"embeddable":true,"href":"https:\/\/greenkingdom.ch\/it\/wp-json\/wp\/v2\/comments?post=18522"}],"version-history":[{"count":0,"href":"https:\/\/greenkingdom.ch\/it\/wp-json\/wp\/v2\/product\/18522\/revisions"}],"wp:featuredmedia":[{"embeddable":true,"href":"https:\/\/greenkingdom.ch\/it\/wp-json\/wp\/v2\/media\/10383"}],"wp:attachment":[{"href":"https:\/\/greenkingdom.ch\/it\/wp-json\/wp\/v2\/media?parent=18522"}],"wp:term":[{"taxonomy":"product_brand","embeddable":true,"href":"https:\/\/greenkingdom.ch\/it\/wp-json\/wp\/v2\/product_brand?post=18522"},{"taxonomy":"product_cat","embeddable":true,"href":"https:\/\/greenkingdom.ch\/it\/wp-json\/wp\/v2\/product_cat?post=18522"},{"taxonomy":"product_tag","embeddable":true,"href":"https:\/\/greenkingdom.ch\/it\/wp-json\/wp\/v2\/product_tag?post=18522"}],"curies":[{"name":"wp","href":"https:\/\/api.w.org\/{rel}","templated":true}]}}