{"id":18543,"date":"2024-10-11T16:42:18","date_gmt":"2024-10-11T14:42:18","guid":{"rendered":"https:\/\/greenkingdom.ch\/product\/biobizz-bio-heaven-5l\/"},"modified":"2024-10-11T16:42:18","modified_gmt":"2024-10-11T14:42:18","slug":"biobizz-bio-heaven-5l","status":"publish","type":"product","link":"https:\/\/greenkingdom.ch\/it\/prodotto\/biobizz-bio-heaven-5l\/","title":{"rendered":"BioBizz Bio Heaven 5l"},"content":{"rendered":"<p>Con Bio\u00b7 Cielo, dona alle tue piante un&#8217;esperienza verso l&#8217;integrit\u00e0 e il nirvana. Questo prezioso prodotto contiene una combinazione di stimolanti organici, come gli aminoacidi, essenziali per la struttura e il metabolismo delle piante. La sua speciale formula favorisce l&#8217;assorbimento dei nutrienti, elimina le tossine e stimola il sistema antiossidante delle piante, rigenerando al contempo la produzione di clorofilla. Utilizzabile durante l&#8217;intero ciclo vegetativo e fioritura, Bio\u00b7 Heaven \u00e8 adatto a tutti i tipi di substrati e sistemi idroponici. Iniziare con una dose di 2 ml per litro d&#8217;acqua, aumentare gradualmente fino a 5 ml per ottenere risultati ottimali. Questo prodotto stimola l&#8217;attivit\u00e0 enzimatica, migliora l&#8217;assorbimento dei nutrienti e aumenta l&#8217;apporto di macro e micronutrienti essenziali. Grazie a Bio\u00b7 In paradiso, le tue piante trattengono meglio l&#8217;umidit\u00e0, beneficiano di una fonte di acido carbonico per i microrganismi del suolo e danno rese di qualit\u00e0 superiore. Scopri un nuovo approccio per piante pi\u00f9 vigorose e rigogliose! EAN: 8718403231588  <\/p>\n","protected":false},"excerpt":{"rendered":"<p>Con Bio\u00b7 Cielo, dona alle tue piante un&#8217;esperienza verso l&#8217;integrit\u00e0 e il nirvana. Questo prezioso prodotto contiene una combinazione di stimolanti organici, come gli aminoacidi, essenziali per la struttura e il metabolismo delle piante. La sua speciale formula favorisce l&#8217;assorbimento dei nutrienti, elimina le tossine e stimola il sistema antiossidante delle piante, rigenerando al contempo [&hellip;]<\/p>\n","protected":false},"featured_media":10494,"comment_status":"open","ping_status":"closed","template":"","meta":{"_seopress_robots_primary_cat":"","_seopress_titles_title":"","_seopress_titles_desc":"","_seopress_robots_index":""},"product_brand":[],"product_cat":[587],"product_tag":[],"class_list":{"0":"post-18543","1":"product","2":"type-product","3":"status-publish","4":"has-post-thumbnail","6":"product_cat-acidi-e-basi","9":"instock","10":"taxable","11":"shipping-taxable","12":"purchasable","13":"product-type-simple","14":"product-grid-view"},"_links":{"self":[{"href":"https:\/\/greenkingdom.ch\/it\/wp-json\/wp\/v2\/product\/18543","targetHints":{"allow":["GET"]}}],"collection":[{"href":"https:\/\/greenkingdom.ch\/it\/wp-json\/wp\/v2\/product"}],"about":[{"href":"https:\/\/greenkingdom.ch\/it\/wp-json\/wp\/v2\/types\/product"}],"replies":[{"embeddable":true,"href":"https:\/\/greenkingdom.ch\/it\/wp-json\/wp\/v2\/comments?post=18543"}],"version-history":[{"count":0,"href":"https:\/\/greenkingdom.ch\/it\/wp-json\/wp\/v2\/product\/18543\/revisions"}],"wp:featuredmedia":[{"embeddable":true,"href":"https:\/\/greenkingdom.ch\/it\/wp-json\/wp\/v2\/media\/10494"}],"wp:attachment":[{"href":"https:\/\/greenkingdom.ch\/it\/wp-json\/wp\/v2\/media?parent=18543"}],"wp:term":[{"taxonomy":"product_brand","embeddable":true,"href":"https:\/\/greenkingdom.ch\/it\/wp-json\/wp\/v2\/product_brand?post=18543"},{"taxonomy":"product_cat","embeddable":true,"href":"https:\/\/greenkingdom.ch\/it\/wp-json\/wp\/v2\/product_cat?post=18543"},{"taxonomy":"product_tag","embeddable":true,"href":"https:\/\/greenkingdom.ch\/it\/wp-json\/wp\/v2\/product_tag?post=18543"}],"curies":[{"name":"wp","href":"https:\/\/api.w.org\/{rel}","templated":true}]}}