{"id":18553,"date":"2024-10-11T16:42:18","date_gmt":"2024-10-11T14:42:18","guid":{"rendered":"https:\/\/greenkingdom.ch\/product\/biobizz-succo-di-radice-250ml\/"},"modified":"2024-10-11T16:42:18","modified_gmt":"2024-10-11T14:42:18","slug":"biobizz-succo-di-radice-250ml","status":"publish","type":"product","link":"https:\/\/greenkingdom.ch\/it\/prodotto\/biobizz-succo-di-radice-250ml\/","title":{"rendered":"BioBizz Succo di Radice 250ml"},"content":{"rendered":"<p>Creato solo con ingredienti di origine vegetale, Root\u00b7 Il succo \u00e8 perfetto per gli orti biologici. Combinando acido umico e alghe di prima qualit\u00e0, questo prodotto \u00e8 appositamente formulato per promuovere radici forti e incoraggiare la vita naturale intorno alla tua pianta. Radice\u00b7 Il succo agisce fin dall&#8217;inizio per stimolare la crescita iniziale delle radici e aiutare le piante gi\u00e0 sviluppate. Prepara le tue piante ad assorbire i nutrienti pi\u00f9 velocemente, rendendole pi\u00f9 robuste, resistenti e garantendo un ottimo raccolto ai coltivatori. Ideale per terriccio, torba e miscele di cocco, Root\u00b7 Il succo protegge anche le radici nei sistemi idroponici o aeroponici. Se si utilizza All\u00b7 Mescola o accendi\u00b7 Mescola, nutri le tue piante con Root\u00b7 Succo durante la prima settimana per un&#8217;implementazione di successo. Biobizz raccomanda una dose da 1 a 4 ml di Root\u00b7 Succo per litro d&#8217;acqua. EAN: 8718403231373 <\/p>\n","protected":false},"excerpt":{"rendered":"<p>Creato solo con ingredienti di origine vegetale, Root\u00b7 Il succo \u00e8 perfetto per gli orti biologici. Combinando acido umico e alghe di prima qualit\u00e0, questo prodotto \u00e8 appositamente formulato per promuovere radici forti e incoraggiare la vita naturale intorno alla tua pianta. Radice\u00b7 Il succo agisce fin dall&#8217;inizio per stimolare la crescita iniziale delle radici [&hellip;]<\/p>\n","protected":false},"featured_media":10440,"comment_status":"open","ping_status":"closed","template":"","meta":{"_seopress_robots_primary_cat":"","_seopress_titles_title":"","_seopress_titles_desc":"","_seopress_robots_index":""},"product_brand":[],"product_cat":[587],"product_tag":[],"class_list":{"0":"post-18553","1":"product","2":"type-product","3":"status-publish","4":"has-post-thumbnail","6":"product_cat-acidi-e-basi","9":"instock","10":"taxable","11":"shipping-taxable","12":"purchasable","13":"product-type-simple","14":"product-grid-view"},"_links":{"self":[{"href":"https:\/\/greenkingdom.ch\/it\/wp-json\/wp\/v2\/product\/18553","targetHints":{"allow":["GET"]}}],"collection":[{"href":"https:\/\/greenkingdom.ch\/it\/wp-json\/wp\/v2\/product"}],"about":[{"href":"https:\/\/greenkingdom.ch\/it\/wp-json\/wp\/v2\/types\/product"}],"replies":[{"embeddable":true,"href":"https:\/\/greenkingdom.ch\/it\/wp-json\/wp\/v2\/comments?post=18553"}],"version-history":[{"count":0,"href":"https:\/\/greenkingdom.ch\/it\/wp-json\/wp\/v2\/product\/18553\/revisions"}],"wp:featuredmedia":[{"embeddable":true,"href":"https:\/\/greenkingdom.ch\/it\/wp-json\/wp\/v2\/media\/10440"}],"wp:attachment":[{"href":"https:\/\/greenkingdom.ch\/it\/wp-json\/wp\/v2\/media?parent=18553"}],"wp:term":[{"taxonomy":"product_brand","embeddable":true,"href":"https:\/\/greenkingdom.ch\/it\/wp-json\/wp\/v2\/product_brand?post=18553"},{"taxonomy":"product_cat","embeddable":true,"href":"https:\/\/greenkingdom.ch\/it\/wp-json\/wp\/v2\/product_cat?post=18553"},{"taxonomy":"product_tag","embeddable":true,"href":"https:\/\/greenkingdom.ch\/it\/wp-json\/wp\/v2\/product_tag?post=18553"}],"curies":[{"name":"wp","href":"https:\/\/api.w.org\/{rel}","templated":true}]}}