{"id":18575,"date":"2024-10-11T16:42:19","date_gmt":"2024-10-11T14:42:19","guid":{"rendered":"https:\/\/greenkingdom.ch\/product\/biobizz-acti-vera-5l\/"},"modified":"2024-10-11T16:42:19","modified_gmt":"2024-10-11T14:42:19","slug":"biobizz-acti-vera-5l","status":"publish","type":"product","link":"https:\/\/greenkingdom.ch\/it\/prodotto\/biobizz-acti-vera-5l\/","title":{"rendered":"BioBizz Acti Vera 5L"},"content":{"rendered":"<p>Acti\u00b7 Vera \u00e8 stato appositamente progettato per rafforzare il sistema immunitario, aumentare il metabolismo e promuovere l&#8217;assorbimento dei nutrienti per tutte le piante. L&#8217;aloe vera \u00e8 nota per la sua vitalit\u00e0, propriet\u00e0 purificanti, freschezza e benefici per la pelle. \u00c8 da questa ispirazione che Acti\u00b7 Vera \u00e8 nata, per portare gli stessi magici benefici alle piante. La sua formulazione unica a base di aloe vera lo distingue dagli altri prodotti Biobizz, concentrandosi sulle piante per le piante. Versatile e facile da usare, Acti\u00b7 Vera pu\u00f2 essere applicato sia all&#8217;interno che all&#8217;esterno, su vari tipi di piante durante la loro crescita e fioritura. Seguendo i consigli di Biobizz, potrai osservare piante pi\u00f9 vigorose e sane, grazie a una stimolazione del loro sviluppo e fioritura. Questo prodotto naturale e potente protegge, energizza e ottimizza l&#8217;assorbimento dei nutrienti in modo 100% vegano. Dai alle tue piante le cure che meritano con Acti\u00b7 Vera per risultati brillanti in ogni stagione!   <\/p>\n","protected":false},"excerpt":{"rendered":"<p>Acti\u00b7 Vera \u00e8 stato appositamente progettato per rafforzare il sistema immunitario, aumentare il metabolismo e promuovere l&#8217;assorbimento dei nutrienti per tutte le piante. L&#8217;aloe vera \u00e8 nota per la sua vitalit\u00e0, propriet\u00e0 purificanti, freschezza e benefici per la pelle. \u00c8 da questa ispirazione che Acti\u00b7 Vera \u00e8 nata, per portare gli stessi magici benefici alle [&hellip;]<\/p>\n","protected":false},"featured_media":10505,"comment_status":"open","ping_status":"closed","template":"","meta":{"_seopress_robots_primary_cat":"","_seopress_titles_title":"","_seopress_titles_desc":"","_seopress_robots_index":""},"product_brand":[],"product_cat":[587],"product_tag":[],"class_list":{"0":"post-18575","1":"product","2":"type-product","3":"status-publish","4":"has-post-thumbnail","6":"product_cat-acidi-e-basi","9":"instock","10":"taxable","11":"shipping-taxable","12":"purchasable","13":"product-type-simple","14":"product-grid-view"},"_links":{"self":[{"href":"https:\/\/greenkingdom.ch\/it\/wp-json\/wp\/v2\/product\/18575","targetHints":{"allow":["GET"]}}],"collection":[{"href":"https:\/\/greenkingdom.ch\/it\/wp-json\/wp\/v2\/product"}],"about":[{"href":"https:\/\/greenkingdom.ch\/it\/wp-json\/wp\/v2\/types\/product"}],"replies":[{"embeddable":true,"href":"https:\/\/greenkingdom.ch\/it\/wp-json\/wp\/v2\/comments?post=18575"}],"version-history":[{"count":0,"href":"https:\/\/greenkingdom.ch\/it\/wp-json\/wp\/v2\/product\/18575\/revisions"}],"wp:featuredmedia":[{"embeddable":true,"href":"https:\/\/greenkingdom.ch\/it\/wp-json\/wp\/v2\/media\/10505"}],"wp:attachment":[{"href":"https:\/\/greenkingdom.ch\/it\/wp-json\/wp\/v2\/media?parent=18575"}],"wp:term":[{"taxonomy":"product_brand","embeddable":true,"href":"https:\/\/greenkingdom.ch\/it\/wp-json\/wp\/v2\/product_brand?post=18575"},{"taxonomy":"product_cat","embeddable":true,"href":"https:\/\/greenkingdom.ch\/it\/wp-json\/wp\/v2\/product_cat?post=18575"},{"taxonomy":"product_tag","embeddable":true,"href":"https:\/\/greenkingdom.ch\/it\/wp-json\/wp\/v2\/product_tag?post=18575"}],"curies":[{"name":"wp","href":"https:\/\/api.w.org\/{rel}","templated":true}]}}