{"id":18584,"date":"2024-10-11T16:42:20","date_gmt":"2024-10-11T14:42:20","guid":{"rendered":"https:\/\/greenkingdom.ch\/product\/batteria-a-siringa\/"},"modified":"2024-10-11T16:42:20","modified_gmt":"2024-10-11T14:42:20","slug":"batteria-a-siringa","status":"publish","type":"product","link":"https:\/\/greenkingdom.ch\/it\/prodotto\/batteria-a-siringa\/","title":{"rendered":"Batteria a siringa"},"content":{"rendered":"<p>Scopri il nostro nuovo spruzzatore a zaino a batteria da 16 litri, uno strumento essenziale per prenderti cura delle tue piante con facilit\u00e0. Progettato per un comfort ottimale con morbidi supporti per le spalle, offre una lunga durata della batteria. Ideale per piccoli giardini cos\u00ec come per grandi campi, ti permetter\u00e0 di nebulizzare le tue piante senza sforzo. Questo spruzzatore ti accompagner\u00e0 ovunque tu ne abbia bisogno. Caratteristiche tecniche:<br \/>\n&#8211; Capacit\u00e0: 16 litri<br \/>\n&#8211; Pompa a membrana 12V<br \/>\n&#8211; Tensione di ingresso CA: 100-240V<br \/>\n&#8211; Frequenza: 50-60Hz<br \/>\n&#8211; Potenza di uscita CC: 12V 1.7A Non esitate a prendere questo spruzzatore ad alte prestazioni per prendervi cura del vostro giardino.   <\/p>\n","protected":false},"excerpt":{"rendered":"<p>Scopri il nostro nuovo spruzzatore a zaino a batteria da 16 litri, uno strumento essenziale per prenderti cura delle tue piante con facilit\u00e0. Progettato per un comfort ottimale con morbidi supporti per le spalle, offre una lunga durata della batteria. Ideale per piccoli giardini cos\u00ec come per grandi campi, ti permetter\u00e0 di nebulizzare le tue [&hellip;]<\/p>\n","protected":false},"featured_media":10567,"comment_status":"open","ping_status":"closed","template":"","meta":{"_seopress_robots_primary_cat":"","_seopress_titles_title":"","_seopress_titles_desc":"","_seopress_robots_index":""},"product_brand":[],"product_cat":[605],"product_tag":[],"class_list":{"0":"post-18584","1":"product","2":"type-product","3":"status-publish","4":"has-post-thumbnail","6":"product_cat-clima-it","9":"instock","10":"taxable","11":"shipping-taxable","12":"purchasable","13":"product-type-simple","14":"product-grid-view"},"_links":{"self":[{"href":"https:\/\/greenkingdom.ch\/it\/wp-json\/wp\/v2\/product\/18584","targetHints":{"allow":["GET"]}}],"collection":[{"href":"https:\/\/greenkingdom.ch\/it\/wp-json\/wp\/v2\/product"}],"about":[{"href":"https:\/\/greenkingdom.ch\/it\/wp-json\/wp\/v2\/types\/product"}],"replies":[{"embeddable":true,"href":"https:\/\/greenkingdom.ch\/it\/wp-json\/wp\/v2\/comments?post=18584"}],"version-history":[{"count":0,"href":"https:\/\/greenkingdom.ch\/it\/wp-json\/wp\/v2\/product\/18584\/revisions"}],"wp:featuredmedia":[{"embeddable":true,"href":"https:\/\/greenkingdom.ch\/it\/wp-json\/wp\/v2\/media\/10567"}],"wp:attachment":[{"href":"https:\/\/greenkingdom.ch\/it\/wp-json\/wp\/v2\/media?parent=18584"}],"wp:term":[{"taxonomy":"product_brand","embeddable":true,"href":"https:\/\/greenkingdom.ch\/it\/wp-json\/wp\/v2\/product_brand?post=18584"},{"taxonomy":"product_cat","embeddable":true,"href":"https:\/\/greenkingdom.ch\/it\/wp-json\/wp\/v2\/product_cat?post=18584"},{"taxonomy":"product_tag","embeddable":true,"href":"https:\/\/greenkingdom.ch\/it\/wp-json\/wp\/v2\/product_tag?post=18584"}],"curies":[{"name":"wp","href":"https:\/\/api.w.org\/{rel}","templated":true}]}}