{"id":18659,"date":"2024-10-11T16:39:40","date_gmt":"2024-10-11T14:39:40","guid":{"rendered":"https:\/\/greenkingdom.ch\/product\/smerigliatrice-in-acciaio-inossidabile-steely-leaf-steely-2-pezzi\/"},"modified":"2024-10-11T16:39:40","modified_gmt":"2024-10-11T14:39:40","slug":"smerigliatrice-in-acciaio-inossidabile-steely-leaf-steely-2-pezzi","status":"publish","type":"product","link":"https:\/\/greenkingdom.ch\/it\/prodotto\/smerigliatrice-in-acciaio-inossidabile-steely-leaf-steely-2-pezzi\/","title":{"rendered":"Smerigliatrice in acciaio inossidabile Steely Leaf Steely 2 pezzi"},"content":{"rendered":"<p>Ecco una versione riscritta delle descrizioni dei prodotti in francese: &#8220;Incontra il macinacaff\u00e8 pesante in acciaio inossidabile di alta qualit\u00e0, costruito per durare una vita grazie alla sua eccezionale robustezza. Questo trituratore \u00e8 praticamente indistruttibile e si distingue per la sua facilit\u00e0 di pulizia, essendo anche lavabile in lavastoviglie. Le lame dure e affilate con taglio a diamante facilitano la macinazione di erbe e materiale vegetale solido in un istante: un gioco da ragazzi! Il suo supporto magnetico tiene saldamente il meccanismo di macinazione, mentre un anello scorrevole in nylon consente una facile rotazione e un funzionamento regolare. Viene fornito in un&#8217;elegante scatola rotonda con cerniera, che sfoggia con orgoglio lo stemma &#8220;Black Leaf&#8221; all&#8217;interno del coperchio. Per i dettagli del prodotto:<br \/>\n&#8211; Materiale: Acciaio inossidabile<br \/>\n&#8211; Colore: Argento<br \/>\n&#8211; Modello: Steely Dan, Logo foglia nera<br \/>\n&#8211; Struttura: 2 pezzi<br \/>\n&#8211; Diametro: 49mm<br \/>\n&#8211; Altezza: 19mm<br \/>\n&#8211; Sistema: Denti tagliati<br \/>\n a diamante- Accessorio: Borsa con cerniera<br \/>\n&#8211; Garanzia: A vita EAN: 4250153626510<\/p>\n","protected":false},"excerpt":{"rendered":"<p>Ecco una versione riscritta delle descrizioni dei prodotti in francese: &#8220;Incontra il macinacaff\u00e8 pesante in acciaio inossidabile di alta qualit\u00e0, costruito per durare una vita grazie alla sua eccezionale robustezza. Questo trituratore \u00e8 praticamente indistruttibile e si distingue per la sua facilit\u00e0 di pulizia, essendo anche lavabile in lavastoviglie. Le lame dure e affilate con [&hellip;]<\/p>\n","protected":false},"featured_media":9344,"comment_status":"open","ping_status":"closed","template":"","meta":{"_seopress_robots_primary_cat":"","_seopress_titles_title":"","_seopress_titles_desc":"","_seopress_robots_index":""},"product_brand":[],"product_cat":[662],"product_tag":[],"class_list":{"0":"post-18659","1":"product","2":"type-product","3":"status-publish","4":"has-post-thumbnail","6":"product_cat-tritini","9":"instock","10":"taxable","11":"shipping-taxable","12":"purchasable","13":"product-type-simple","14":"product-grid-view"},"_links":{"self":[{"href":"https:\/\/greenkingdom.ch\/it\/wp-json\/wp\/v2\/product\/18659","targetHints":{"allow":["GET"]}}],"collection":[{"href":"https:\/\/greenkingdom.ch\/it\/wp-json\/wp\/v2\/product"}],"about":[{"href":"https:\/\/greenkingdom.ch\/it\/wp-json\/wp\/v2\/types\/product"}],"replies":[{"embeddable":true,"href":"https:\/\/greenkingdom.ch\/it\/wp-json\/wp\/v2\/comments?post=18659"}],"version-history":[{"count":0,"href":"https:\/\/greenkingdom.ch\/it\/wp-json\/wp\/v2\/product\/18659\/revisions"}],"wp:featuredmedia":[{"embeddable":true,"href":"https:\/\/greenkingdom.ch\/it\/wp-json\/wp\/v2\/media\/9344"}],"wp:attachment":[{"href":"https:\/\/greenkingdom.ch\/it\/wp-json\/wp\/v2\/media?parent=18659"}],"wp:term":[{"taxonomy":"product_brand","embeddable":true,"href":"https:\/\/greenkingdom.ch\/it\/wp-json\/wp\/v2\/product_brand?post=18659"},{"taxonomy":"product_cat","embeddable":true,"href":"https:\/\/greenkingdom.ch\/it\/wp-json\/wp\/v2\/product_cat?post=18659"},{"taxonomy":"product_tag","embeddable":true,"href":"https:\/\/greenkingdom.ch\/it\/wp-json\/wp\/v2\/product_tag?post=18659"}],"curies":[{"name":"wp","href":"https:\/\/api.w.org\/{rel}","templated":true}]}}