{"id":18665,"date":"2024-10-11T16:39:40","date_gmt":"2024-10-11T14:39:40","guid":{"rendered":"https:\/\/greenkingdom.ch\/product\/smerigliatrice-cnc-rossa\/"},"modified":"2024-10-11T16:39:40","modified_gmt":"2024-10-11T14:39:40","slug":"smerigliatrice-cnc-rossa","status":"publish","type":"product","link":"https:\/\/greenkingdom.ch\/it\/prodotto\/smerigliatrice-cnc-rossa\/","title":{"rendered":"Smerigliatrice CNC rossa"},"content":{"rendered":"<p>Ecco il nuovo testo in francese:  <\/p>\n<div class=\"value\">\n<p>Questo bellissimo macinino in alluminio anodizzato rosso \u00e8 una vera pepita!<br \/>  Grazie ai suoi denti finemente tagliati, questo grinder polverizzer\u00e0 le tue erbe, anche quelle bagnate, con una facilit\u00e0 sconcertante per un risultato ultra-fine.<br \/>  I trituratori in alluminio sono molto resistenti e di facile manutenzione.  <\/p>\n<p>Dimensioni: Diametro 50 mm, Altezza circa 20 mm<\/p>\n<\/div>\n<div class=\"product attribute ean\"><strong class=\"type\">EAN<\/strong> <span class=\"value ean\">8717624212765<\/span><\/div>\n","protected":false},"excerpt":{"rendered":"<p>Ecco il nuovo testo in francese: Questo bellissimo macinino in alluminio anodizzato rosso \u00e8 una vera pepita! Grazie ai suoi denti finemente tagliati, questo grinder polverizzer\u00e0 le tue erbe, anche quelle bagnate, con una facilit\u00e0 sconcertante per un risultato ultra-fine. I trituratori in alluminio sono molto resistenti e di facile manutenzione. Dimensioni: Diametro 50 mm, [&hellip;]<\/p>\n","protected":false},"featured_media":9338,"comment_status":"open","ping_status":"closed","template":"","meta":{"_seopress_robots_primary_cat":"","_seopress_titles_title":"","_seopress_titles_desc":"","_seopress_robots_index":""},"product_brand":[],"product_cat":[662],"product_tag":[],"class_list":{"0":"post-18665","1":"product","2":"type-product","3":"status-publish","4":"has-post-thumbnail","6":"product_cat-tritini","9":"instock","10":"taxable","11":"shipping-taxable","12":"purchasable","13":"product-type-simple","14":"product-grid-view"},"_links":{"self":[{"href":"https:\/\/greenkingdom.ch\/it\/wp-json\/wp\/v2\/product\/18665","targetHints":{"allow":["GET"]}}],"collection":[{"href":"https:\/\/greenkingdom.ch\/it\/wp-json\/wp\/v2\/product"}],"about":[{"href":"https:\/\/greenkingdom.ch\/it\/wp-json\/wp\/v2\/types\/product"}],"replies":[{"embeddable":true,"href":"https:\/\/greenkingdom.ch\/it\/wp-json\/wp\/v2\/comments?post=18665"}],"version-history":[{"count":0,"href":"https:\/\/greenkingdom.ch\/it\/wp-json\/wp\/v2\/product\/18665\/revisions"}],"wp:featuredmedia":[{"embeddable":true,"href":"https:\/\/greenkingdom.ch\/it\/wp-json\/wp\/v2\/media\/9338"}],"wp:attachment":[{"href":"https:\/\/greenkingdom.ch\/it\/wp-json\/wp\/v2\/media?parent=18665"}],"wp:term":[{"taxonomy":"product_brand","embeddable":true,"href":"https:\/\/greenkingdom.ch\/it\/wp-json\/wp\/v2\/product_brand?post=18665"},{"taxonomy":"product_cat","embeddable":true,"href":"https:\/\/greenkingdom.ch\/it\/wp-json\/wp\/v2\/product_cat?post=18665"},{"taxonomy":"product_tag","embeddable":true,"href":"https:\/\/greenkingdom.ch\/it\/wp-json\/wp\/v2\/product_tag?post=18665"}],"curies":[{"name":"wp","href":"https:\/\/api.w.org\/{rel}","templated":true}]}}