{"id":18672,"date":"2024-10-11T16:39:41","date_gmt":"2024-10-11T14:39:41","guid":{"rendered":"https:\/\/greenkingdom.ch\/product\/medtainer-marmo-blu\/"},"modified":"2024-10-11T16:39:41","modified_gmt":"2024-10-11T14:39:41","slug":"medtainer-marmo-blu","status":"publish","type":"product","link":"https:\/\/greenkingdom.ch\/it\/prodotto\/medtainer-marmo-blu\/","title":{"rendered":"Medtainer Marmo Blu"},"content":{"rendered":"<p>Cerchi la scatola portaoggetti perfetta e versatile? Scopri il Medtainer! Questo ingegnoso prodotto combina macinacaff\u00e8 e mixer in un design pratico, ideale per tutti i tuoi viaggi. Originariamente destinato alla macinazione di medicinali per i pazienti, il Medtainer \u00e8 diventato un compagno indispensabile in vari campi come il t\u00e8, la cucina, il caff\u00e8, i prodotti farmaceutici e la medicina veterinaria. Naturalmente, \u00e8 perfetto anche per macinare la tua erba! Che tu sia a un festival, al lago o in viaggio, il Medtainer ti accompagna con il suo design robusto in plastica approvata dalla FDA. Semplificate la vostra vita quotidiana ordinando oggi stesso il Medtainer! Goditi i suoi comodi vantaggi in movimento e migliora la tua vita quotidiana. Non dimenticare di controllare le specifiche: contenuto 80 ml, diametro 45 mm, altezza 90 mm. Riferimento EAN: 0702639868647.         <\/p>\n","protected":false},"excerpt":{"rendered":"<p>Cerchi la scatola portaoggetti perfetta e versatile? Scopri il Medtainer! Questo ingegnoso prodotto combina macinacaff\u00e8 e mixer in un design pratico, ideale per tutti i tuoi viaggi. Originariamente destinato alla macinazione di medicinali per i pazienti, il Medtainer \u00e8 diventato un compagno indispensabile in vari campi come il t\u00e8, la cucina, il caff\u00e8, i prodotti [&hellip;]<\/p>\n","protected":false},"featured_media":9383,"comment_status":"open","ping_status":"closed","template":"","meta":{"_seopress_robots_primary_cat":"","_seopress_titles_title":"","_seopress_titles_desc":"","_seopress_robots_index":""},"product_brand":[],"product_cat":[662],"product_tag":[],"class_list":{"0":"post-18672","1":"product","2":"type-product","3":"status-publish","4":"has-post-thumbnail","6":"product_cat-tritini","9":"instock","10":"taxable","11":"shipping-taxable","12":"purchasable","13":"product-type-simple","14":"product-grid-view"},"_links":{"self":[{"href":"https:\/\/greenkingdom.ch\/it\/wp-json\/wp\/v2\/product\/18672","targetHints":{"allow":["GET"]}}],"collection":[{"href":"https:\/\/greenkingdom.ch\/it\/wp-json\/wp\/v2\/product"}],"about":[{"href":"https:\/\/greenkingdom.ch\/it\/wp-json\/wp\/v2\/types\/product"}],"replies":[{"embeddable":true,"href":"https:\/\/greenkingdom.ch\/it\/wp-json\/wp\/v2\/comments?post=18672"}],"version-history":[{"count":0,"href":"https:\/\/greenkingdom.ch\/it\/wp-json\/wp\/v2\/product\/18672\/revisions"}],"wp:featuredmedia":[{"embeddable":true,"href":"https:\/\/greenkingdom.ch\/it\/wp-json\/wp\/v2\/media\/9383"}],"wp:attachment":[{"href":"https:\/\/greenkingdom.ch\/it\/wp-json\/wp\/v2\/media?parent=18672"}],"wp:term":[{"taxonomy":"product_brand","embeddable":true,"href":"https:\/\/greenkingdom.ch\/it\/wp-json\/wp\/v2\/product_brand?post=18672"},{"taxonomy":"product_cat","embeddable":true,"href":"https:\/\/greenkingdom.ch\/it\/wp-json\/wp\/v2\/product_cat?post=18672"},{"taxonomy":"product_tag","embeddable":true,"href":"https:\/\/greenkingdom.ch\/it\/wp-json\/wp\/v2\/product_tag?post=18672"}],"curies":[{"name":"wp","href":"https:\/\/api.w.org\/{rel}","templated":true}]}}