{"id":18679,"date":"2024-10-11T16:39:41","date_gmt":"2024-10-11T14:39:41","guid":{"rendered":"https:\/\/greenkingdom.ch\/product\/medtainer-rosa-solido\/"},"modified":"2024-10-11T16:39:41","modified_gmt":"2024-10-11T14:39:41","slug":"medtainer-rosa-solido","status":"publish","type":"product","link":"https:\/\/greenkingdom.ch\/it\/prodotto\/medtainer-rosa-solido\/","title":{"rendered":"Medtainer Rosa Solido"},"content":{"rendered":"<p>Cerchi la soluzione perfetta per conservare e macinare la tua erba in movimento? Scopri Medtainer, un prodotto innovativo che combina macinacaff\u00e8 e miscelatore in un design pratico! Originariamente progettato per la medicina, \u00e8 diventato un accessorio indispensabile per gli amanti del t\u00e8, della cucina, del caff\u00e8 e, naturalmente, della cannabis. Robusto e approvato dalla FDA, il Medtainer ti accompagna in sicurezza ovunque. Non perdere questa occasione per semplificare la tua vita quotidiana, ordinalo ora! Dettagli tecnici: capacit\u00e0 80 ml, diametro 45 mm, altezza 90 mm. EAN: 0702639868654.      <\/p>\n","protected":false},"excerpt":{"rendered":"<p>Cerchi la soluzione perfetta per conservare e macinare la tua erba in movimento? Scopri Medtainer, un prodotto innovativo che combina macinacaff\u00e8 e miscelatore in un design pratico! Originariamente progettato per la medicina, \u00e8 diventato un accessorio indispensabile per gli amanti del t\u00e8, della cucina, del caff\u00e8 e, naturalmente, della cannabis. Robusto e approvato dalla FDA, [&hellip;]<\/p>\n","protected":false},"featured_media":9380,"comment_status":"open","ping_status":"closed","template":"","meta":{"_seopress_robots_primary_cat":"","_seopress_titles_title":"","_seopress_titles_desc":"","_seopress_robots_index":""},"product_brand":[],"product_cat":[662],"product_tag":[],"class_list":{"0":"post-18679","1":"product","2":"type-product","3":"status-publish","4":"has-post-thumbnail","6":"product_cat-tritini","9":"instock","10":"taxable","11":"shipping-taxable","12":"purchasable","13":"product-type-simple","14":"product-grid-view"},"_links":{"self":[{"href":"https:\/\/greenkingdom.ch\/it\/wp-json\/wp\/v2\/product\/18679","targetHints":{"allow":["GET"]}}],"collection":[{"href":"https:\/\/greenkingdom.ch\/it\/wp-json\/wp\/v2\/product"}],"about":[{"href":"https:\/\/greenkingdom.ch\/it\/wp-json\/wp\/v2\/types\/product"}],"replies":[{"embeddable":true,"href":"https:\/\/greenkingdom.ch\/it\/wp-json\/wp\/v2\/comments?post=18679"}],"version-history":[{"count":0,"href":"https:\/\/greenkingdom.ch\/it\/wp-json\/wp\/v2\/product\/18679\/revisions"}],"wp:featuredmedia":[{"embeddable":true,"href":"https:\/\/greenkingdom.ch\/it\/wp-json\/wp\/v2\/media\/9380"}],"wp:attachment":[{"href":"https:\/\/greenkingdom.ch\/it\/wp-json\/wp\/v2\/media?parent=18679"}],"wp:term":[{"taxonomy":"product_brand","embeddable":true,"href":"https:\/\/greenkingdom.ch\/it\/wp-json\/wp\/v2\/product_brand?post=18679"},{"taxonomy":"product_cat","embeddable":true,"href":"https:\/\/greenkingdom.ch\/it\/wp-json\/wp\/v2\/product_cat?post=18679"},{"taxonomy":"product_tag","embeddable":true,"href":"https:\/\/greenkingdom.ch\/it\/wp-json\/wp\/v2\/product_tag?post=18679"}],"curies":[{"name":"wp","href":"https:\/\/api.w.org\/{rel}","templated":true}]}}