{"id":18696,"date":"2024-10-11T16:39:43","date_gmt":"2024-10-11T14:39:43","guid":{"rendered":"https:\/\/greenkingdom.ch\/product\/kenex-musica-tunes-100\/"},"modified":"2024-10-11T16:39:43","modified_gmt":"2024-10-11T14:39:43","slug":"kenex-musica-tunes-100","status":"publish","type":"product","link":"https:\/\/greenkingdom.ch\/it\/prodotto\/kenex-musica-tunes-100\/","title":{"rendered":"Kenex Musica Tunes 100"},"content":{"rendered":"<p>Bilancia elettronica Kenex Music Tunes:<br \/>\n&#8211; Capacit\u00e0: 100 g<br \/>\n&#8211; Precisione: +\/- 0,01 g<br \/>\n&#8211; Unit\u00e0 di pesatura: g, oz, ozt, dwt<br \/>\n&#8211; Tara- Intervallo: Piena capacit\u00e0<br \/>\n Tara- Spegnimento automatico: 60 secondi<br \/>\n&#8211; Temperatura di esercizio: 10 &#8211; 30 \u00b0C<br \/>\n&#8211; Display: retroilluminazione LCD<br \/>\n&#8211; Alimentazione: 2 batterie AAA Questa bilancia elettronica \u00e8 uno strumento di precisione che ti fornir\u00e0 anni di servizio affidabile con la cura adeguata. Fare attenzione a non superare la sua capacit\u00e0 massima per evitare danni. Utilizzare a temperatura ambiente normale per prestazioni ottimali. Il suo display LCD retroilluminato facilita la lettura delle misure. Per calibrare la bilancia, seguire le istruzioni fornite per garantire la massima precisione. Il suo design compatto e leggero lo rende ideale per le vostre esigenze di pesatura a casa o in viaggio. Goditi la precisione e l&#8217;affidabilit\u00e0 della bilancia Kenex Music Tunes per tutte le tue misurazioni! EAN: 5060240030545<\/p>\n","protected":false},"excerpt":{"rendered":"<p>Bilancia elettronica Kenex Music Tunes: &#8211; Capacit\u00e0: 100 g &#8211; Precisione: +\/- 0,01 g &#8211; Unit\u00e0 di pesatura: g, oz, ozt, dwt &#8211; Tara- Intervallo: Piena capacit\u00e0 Tara- Spegnimento automatico: 60 secondi &#8211; Temperatura di esercizio: 10 &#8211; 30 \u00b0C &#8211; Display: retroilluminazione LCD &#8211; Alimentazione: 2 batterie AAA Questa bilancia elettronica \u00e8 uno strumento [&hellip;]<\/p>\n","protected":false},"featured_media":9449,"comment_status":"open","ping_status":"closed","template":"","meta":{"_seopress_robots_primary_cat":"","_seopress_titles_title":"","_seopress_titles_desc":"","_seopress_robots_index":""},"product_brand":[],"product_cat":[644],"product_tag":[],"class_list":{"0":"post-18696","1":"product","2":"type-product","3":"status-publish","4":"has-post-thumbnail","6":"product_cat-bilance","9":"instock","10":"taxable","11":"shipping-taxable","12":"purchasable","13":"product-type-simple","14":"product-grid-view"},"_links":{"self":[{"href":"https:\/\/greenkingdom.ch\/it\/wp-json\/wp\/v2\/product\/18696","targetHints":{"allow":["GET"]}}],"collection":[{"href":"https:\/\/greenkingdom.ch\/it\/wp-json\/wp\/v2\/product"}],"about":[{"href":"https:\/\/greenkingdom.ch\/it\/wp-json\/wp\/v2\/types\/product"}],"replies":[{"embeddable":true,"href":"https:\/\/greenkingdom.ch\/it\/wp-json\/wp\/v2\/comments?post=18696"}],"version-history":[{"count":0,"href":"https:\/\/greenkingdom.ch\/it\/wp-json\/wp\/v2\/product\/18696\/revisions"}],"wp:featuredmedia":[{"embeddable":true,"href":"https:\/\/greenkingdom.ch\/it\/wp-json\/wp\/v2\/media\/9449"}],"wp:attachment":[{"href":"https:\/\/greenkingdom.ch\/it\/wp-json\/wp\/v2\/media?parent=18696"}],"wp:term":[{"taxonomy":"product_brand","embeddable":true,"href":"https:\/\/greenkingdom.ch\/it\/wp-json\/wp\/v2\/product_brand?post=18696"},{"taxonomy":"product_cat","embeddable":true,"href":"https:\/\/greenkingdom.ch\/it\/wp-json\/wp\/v2\/product_cat?post=18696"},{"taxonomy":"product_tag","embeddable":true,"href":"https:\/\/greenkingdom.ch\/it\/wp-json\/wp\/v2\/product_tag?post=18696"}],"curies":[{"name":"wp","href":"https:\/\/api.w.org\/{rel}","templated":true}]}}