{"id":18717,"date":"2024-10-11T16:39:44","date_gmt":"2024-10-11T14:39:44","guid":{"rendered":"https:\/\/greenkingdom.ch\/product\/js-150v-150g-x-0-1g\/"},"modified":"2024-10-11T16:39:44","modified_gmt":"2024-10-11T14:39:44","slug":"js-150v-150g-x-0-1g","status":"publish","type":"product","link":"https:\/\/greenkingdom.ch\/it\/prodotto\/js-150v-150g-x-0-1g\/","title":{"rendered":"JS-150V 150g x 0.1g"},"content":{"rendered":"<p>Scopri la nostra bilancia di alta qualit\u00e0 ad un ottimo prezzo! Le batterie (3x AAA) sono incluse per l&#8217;uso immediato. Il suo design elegante e compatto gli permette di stare facilmente in tasca. Il display retroilluminato a colori rossi consente di pesare con precisione anche al buio. Dotato di funzioni di tara e zero, spegnimento automatico e display LCD a 6 cifre chiaro e di facile lettura. Scegli tra 3 diverse unit\u00e0 di pesatura: grammi, once, pennyweight. Questa bilancia \u00e8 semplice da usare e ha una funzione di conteggio. Pu\u00f2 pesare fino a 150 grammi con una precisione di 0,1 g. Goditi la qualit\u00e0 a un prezzo accessibile! Dimensioni approssimative: 13 x 8 cm. Garanzia di fabbrica di 20 anni. Codice EAN: 016165123904.           <\/p>\n","protected":false},"excerpt":{"rendered":"<p>Scopri la nostra bilancia di alta qualit\u00e0 ad un ottimo prezzo! Le batterie (3x AAA) sono incluse per l&#8217;uso immediato. Il suo design elegante e compatto gli permette di stare facilmente in tasca. Il display retroilluminato a colori rossi consente di pesare con precisione anche al buio. Dotato di funzioni di tara e zero, spegnimento [&hellip;]<\/p>\n","protected":false},"featured_media":9461,"comment_status":"open","ping_status":"closed","template":"","meta":{"_seopress_robots_primary_cat":"","_seopress_titles_title":"","_seopress_titles_desc":"","_seopress_robots_index":""},"product_brand":[],"product_cat":[644],"product_tag":[],"class_list":{"0":"post-18717","1":"product","2":"type-product","3":"status-publish","4":"has-post-thumbnail","6":"product_cat-bilance","9":"instock","10":"taxable","11":"shipping-taxable","12":"purchasable","13":"product-type-simple","14":"product-grid-view"},"_links":{"self":[{"href":"https:\/\/greenkingdom.ch\/it\/wp-json\/wp\/v2\/product\/18717","targetHints":{"allow":["GET"]}}],"collection":[{"href":"https:\/\/greenkingdom.ch\/it\/wp-json\/wp\/v2\/product"}],"about":[{"href":"https:\/\/greenkingdom.ch\/it\/wp-json\/wp\/v2\/types\/product"}],"replies":[{"embeddable":true,"href":"https:\/\/greenkingdom.ch\/it\/wp-json\/wp\/v2\/comments?post=18717"}],"version-history":[{"count":0,"href":"https:\/\/greenkingdom.ch\/it\/wp-json\/wp\/v2\/product\/18717\/revisions"}],"wp:featuredmedia":[{"embeddable":true,"href":"https:\/\/greenkingdom.ch\/it\/wp-json\/wp\/v2\/media\/9461"}],"wp:attachment":[{"href":"https:\/\/greenkingdom.ch\/it\/wp-json\/wp\/v2\/media?parent=18717"}],"wp:term":[{"taxonomy":"product_brand","embeddable":true,"href":"https:\/\/greenkingdom.ch\/it\/wp-json\/wp\/v2\/product_brand?post=18717"},{"taxonomy":"product_cat","embeddable":true,"href":"https:\/\/greenkingdom.ch\/it\/wp-json\/wp\/v2\/product_cat?post=18717"},{"taxonomy":"product_tag","embeddable":true,"href":"https:\/\/greenkingdom.ch\/it\/wp-json\/wp\/v2\/product_tag?post=18717"}],"curies":[{"name":"wp","href":"https:\/\/api.w.org\/{rel}","templated":true}]}}