{"id":18718,"date":"2024-10-11T16:40:06","date_gmt":"2024-10-11T14:40:06","guid":{"rendered":"https:\/\/greenkingdom.ch\/product\/champ-accendino-a-torcia-ad-alto-controllo-assort\/"},"modified":"2024-10-11T16:40:06","modified_gmt":"2024-10-11T14:40:06","slug":"champ-accendino-a-torcia-ad-alto-controllo-assort","status":"publish","type":"product","link":"https:\/\/greenkingdom.ch\/it\/prodotto\/champ-accendino-a-torcia-ad-alto-controllo-assort\/","title":{"rendered":"CHAMP Accendino a torcia ad alto controllo Assort"},"content":{"rendered":"<p>Scopri l&#8217;accendino elettronico multiuso CHAMP &#8211; Il tuo compagno perfetto per fuoco e fiamme! Cerchi un piccolo extra per le tue avventure in campeggio? L&#8217;accendino elettronico multiuso CHAMP con un abbagliante design in metallo \u00e8 proprio ci\u00f2 di cui hai bisogno! Compatto con le sue dimensioni di 149x42x19 mm, questo accendino si infila facilmente in tasca per accompagnarti ovunque tu vada. Non lasciarti ingannare dalle sue dimensioni, perch\u00e9 questo piccolo gioiello di tecnologia pu\u00f2 realizzare grandi cose. Dotato di un&#8217;accensione elettronica affidabile e istantanea, l&#8217;accendino CHAMP \u00e8 il tuo fedele compagno sia che tu stia accendendo le tue cime di bong, bruciando in cucina o accendendo un fuoco in natura. La sua fiamma blu raggiunge l&#8217;impressionante temperatura di 1300\u00b0C (2372\u00b0F) ed \u00e8 in grado di vaporizzare anche le sostanze pi\u00f9 dure in pochissimo tempo. \u00c8 possibile regolare l&#8217;angolo di combustione secondo necessit\u00e0 per tenere sotto controllo il fuoco. La parte migliore? Questo accendino \u00e8 ricaricabile, consentendo un uso duraturo. Tutto quello che devi fare \u00e8 riempirlo di gas butano e l&#8217;avventura pu\u00f2 continuare all&#8217;infinito. Consegnato in un elegante display, l&#8217;accendino elettronico multiuso CHAMP \u00e8 anche un ottimo regalo per i tuoi amici o familiari. Caratteristiche:<br \/>\n&#8211; Materiale: metallo<br \/>\n&#8211; Colori: verde \/ nero \/ blu<br \/>\n&#8211; Dimensioni: 149x42x19 mm<br \/>\n&#8211; Sistema di accensione elettronica<br \/>\n&#8211; Ricaricabile con gas butano<br \/>\n&#8211; Angolo di combustione regolabile Non perdere l&#8217;occasione di ottenere questo eccezionale accendino, essenziale per le tue avventure all&#8217;aria aperta!<\/p>\n","protected":false},"excerpt":{"rendered":"<p>Scopri l&#8217;accendino elettronico multiuso CHAMP &#8211; Il tuo compagno perfetto per fuoco e fiamme! Cerchi un piccolo extra per le tue avventure in campeggio? L&#8217;accendino elettronico multiuso CHAMP con un abbagliante design in metallo \u00e8 proprio ci\u00f2 di cui hai bisogno! Compatto con le sue dimensioni di 149x42x19 mm, questo accendino si infila facilmente in [&hellip;]<\/p>\n","protected":false},"featured_media":9482,"comment_status":"open","ping_status":"closed","template":"","meta":{"_seopress_robots_primary_cat":"","_seopress_titles_title":"","_seopress_titles_desc":"","_seopress_robots_index":""},"product_brand":[],"product_cat":[647],"product_tag":[],"class_list":{"0":"post-18718","1":"product","2":"type-product","3":"status-publish","4":"has-post-thumbnail","6":"product_cat-accendini","9":"instock","10":"taxable","11":"shipping-taxable","12":"purchasable","13":"product-type-simple","14":"product-grid-view"},"_links":{"self":[{"href":"https:\/\/greenkingdom.ch\/it\/wp-json\/wp\/v2\/product\/18718","targetHints":{"allow":["GET"]}}],"collection":[{"href":"https:\/\/greenkingdom.ch\/it\/wp-json\/wp\/v2\/product"}],"about":[{"href":"https:\/\/greenkingdom.ch\/it\/wp-json\/wp\/v2\/types\/product"}],"replies":[{"embeddable":true,"href":"https:\/\/greenkingdom.ch\/it\/wp-json\/wp\/v2\/comments?post=18718"}],"version-history":[{"count":0,"href":"https:\/\/greenkingdom.ch\/it\/wp-json\/wp\/v2\/product\/18718\/revisions"}],"wp:featuredmedia":[{"embeddable":true,"href":"https:\/\/greenkingdom.ch\/it\/wp-json\/wp\/v2\/media\/9482"}],"wp:attachment":[{"href":"https:\/\/greenkingdom.ch\/it\/wp-json\/wp\/v2\/media?parent=18718"}],"wp:term":[{"taxonomy":"product_brand","embeddable":true,"href":"https:\/\/greenkingdom.ch\/it\/wp-json\/wp\/v2\/product_brand?post=18718"},{"taxonomy":"product_cat","embeddable":true,"href":"https:\/\/greenkingdom.ch\/it\/wp-json\/wp\/v2\/product_cat?post=18718"},{"taxonomy":"product_tag","embeddable":true,"href":"https:\/\/greenkingdom.ch\/it\/wp-json\/wp\/v2\/product_tag?post=18718"}],"curies":[{"name":"wp","href":"https:\/\/api.w.org\/{rel}","templated":true}]}}