{"id":18725,"date":"2024-10-11T16:40:06","date_gmt":"2024-10-11T14:40:06","guid":{"rendered":"https:\/\/greenkingdom.ch\/product\/kenex-scala-magno-1000\/"},"modified":"2024-10-11T16:40:06","modified_gmt":"2024-10-11T14:40:06","slug":"kenex-scala-magno-1000","status":"publish","type":"product","link":"https:\/\/greenkingdom.ch\/it\/prodotto\/kenex-scala-magno-1000\/","title":{"rendered":"Kenex Scala Magno 1000"},"content":{"rendered":"<h2>Magno Scales 1000 &#8211; Precisione, eleganza e indispensabilit\u00e0 combinate!<\/h2>\n<h3>Le Magno Scales 1000 della Platinum Collection non sono solo bilance. Incarnano precisione, stile e praticit\u00e0 nella vita di tutti i giorni. <\/h3>\n<p><strong>Una scala magnifica:<\/strong> il nome dice tutto &#8211; Magno significa brillante in latino, e questa scala lo \u00e8 davvero. Dotato di una cella di carico ultrasensibile e di un&#8217;impressionante capacit\u00e0 di 1000 grammi su una piattaforma generosa, \u00e8 il partner affidabile per tutte le vostre pesate. <\/p>\n<p><strong>Due in uno:<\/strong> Le Magno Scales sono dotate non di uno, ma di due gusci rimovibili. Uno funge da protezione per la piattaforma di pesatura, mentre l&#8217;altro \u00e8 un pratico vassoio per la pesatura, dandoti la possibilit\u00e0 di scegliere in ogni occasione. <\/p>\n<p><strong>Elegante e pratico:<\/strong> Disponibili in nero lucido, le bilance Magno si adattano perfettamente a qualsiasi cucina, laboratorio o spazio che richieda una pesatura accurata.<\/p>\n<h3>Caratteristiche interessanti:<\/h3>\n<ul>\n<li>Misurazioni precise con una precisione di 0,1 grammi (\u00b1)<\/li>\n<li>Ampio piatto di pesata in acciaio inox<\/li>\n<li>Ciotola profonda inclusa nella confezione<\/li>\n<li>Il coperchio protettivo pu\u00f2 essere utilizzato anche come ciotola extra<\/li>\n<li>Retroilluminazione con interruttore on\/off<\/li>\n<li>Protezione da sovraccarico<\/li>\n<li>4 unit\u00e0 di pesatura: grammi, once, carati e cereali<\/li>\n<li>Le bilance Magno 1000 non sono solo uno strumento, ma un partner affidabile per una pesatura accurata in ogni circostanza.<\/li>\n<\/ul>\n<h3>Indicazioni:<\/h3>\n<ul>\n<li>Capacit\u00e0: 1000 grammi<\/li>\n<li>Precisione: 0,1 grammi (\u00b1)<\/li>\n<li>Materiale: Acciaio inossidabile<\/li>\n<li>Opzioni di colore: nero o argento<\/li>\n<\/ul>\n<div class=\"product attribute ean\"><strong class=\"type\">EAN<\/strong> <span class=\"value ean\">5060240030163<\/span><\/div>\n","protected":false},"excerpt":{"rendered":"<p>Magno Scales 1000 &#8211; Precisione, eleganza e indispensabilit\u00e0 combinate! Le Magno Scales 1000 della Platinum Collection non sono solo bilance. Incarnano precisione, stile e praticit\u00e0 nella vita di tutti i giorni. Una scala magnifica: il nome dice tutto &#8211; Magno significa brillante in latino, e questa scala lo \u00e8 davvero. Dotato di una cella di [&hellip;]<\/p>\n","protected":false},"featured_media":9479,"comment_status":"open","ping_status":"closed","template":"","meta":{"_seopress_robots_primary_cat":"","_seopress_titles_title":"","_seopress_titles_desc":"","_seopress_robots_index":""},"product_brand":[],"product_cat":[644],"product_tag":[],"class_list":{"0":"post-18725","1":"product","2":"type-product","3":"status-publish","4":"has-post-thumbnail","6":"product_cat-bilance","9":"instock","10":"taxable","11":"shipping-taxable","12":"purchasable","13":"product-type-simple","14":"product-grid-view"},"_links":{"self":[{"href":"https:\/\/greenkingdom.ch\/it\/wp-json\/wp\/v2\/product\/18725","targetHints":{"allow":["GET"]}}],"collection":[{"href":"https:\/\/greenkingdom.ch\/it\/wp-json\/wp\/v2\/product"}],"about":[{"href":"https:\/\/greenkingdom.ch\/it\/wp-json\/wp\/v2\/types\/product"}],"replies":[{"embeddable":true,"href":"https:\/\/greenkingdom.ch\/it\/wp-json\/wp\/v2\/comments?post=18725"}],"version-history":[{"count":0,"href":"https:\/\/greenkingdom.ch\/it\/wp-json\/wp\/v2\/product\/18725\/revisions"}],"wp:featuredmedia":[{"embeddable":true,"href":"https:\/\/greenkingdom.ch\/it\/wp-json\/wp\/v2\/media\/9479"}],"wp:attachment":[{"href":"https:\/\/greenkingdom.ch\/it\/wp-json\/wp\/v2\/media?parent=18725"}],"wp:term":[{"taxonomy":"product_brand","embeddable":true,"href":"https:\/\/greenkingdom.ch\/it\/wp-json\/wp\/v2\/product_brand?post=18725"},{"taxonomy":"product_cat","embeddable":true,"href":"https:\/\/greenkingdom.ch\/it\/wp-json\/wp\/v2\/product_cat?post=18725"},{"taxonomy":"product_tag","embeddable":true,"href":"https:\/\/greenkingdom.ch\/it\/wp-json\/wp\/v2\/product_tag?post=18725"}],"curies":[{"name":"wp","href":"https:\/\/api.w.org\/{rel}","templated":true}]}}