{"id":18726,"date":"2024-10-11T16:40:06","date_gmt":"2024-10-11T14:40:06","guid":{"rendered":"https:\/\/greenkingdom.ch\/product\/kenex-colofonia-200-x-001g-bilancia-con-tappetino-in-silicone\/"},"modified":"2024-10-11T16:40:06","modified_gmt":"2024-10-11T14:40:06","slug":"kenex-colofonia-200-x-001g-bilancia-con-tappetino-in-silicone","status":"publish","type":"product","link":"https:\/\/greenkingdom.ch\/it\/prodotto\/kenex-colofonia-200-x-001g-bilancia-con-tappetino-in-silicone\/","title":{"rendered":"Kenex Colofonia 200 x 0,01g Bilancia con tappetino in silicone"},"content":{"rendered":"<p>Diametro della ROSINA: 8,5 cm per un equilibrio di alta precisione e affidabilit\u00e0. Pu\u00f2 pesare un massimo di 200 g con una precisione al pi\u00f9 piccolo dettaglio di 0,01 g. Questa bilancia intelligente si spegne automaticamente dopo 30 secondi per risparmiare energia. Non preoccuparti, \u00e8 garantito per 2 anni per la massima tranquillit\u00e0. Equipaggiatevi con il ROSIN per un&#8217;esperienza di pesatura senza interruzioni. Codice EAN: 5060240030729    <\/p>\n","protected":false},"excerpt":{"rendered":"<p>Diametro della ROSINA: 8,5 cm per un equilibrio di alta precisione e affidabilit\u00e0. Pu\u00f2 pesare un massimo di 200 g con una precisione al pi\u00f9 piccolo dettaglio di 0,01 g. Questa bilancia intelligente si spegne automaticamente dopo 30 secondi per risparmiare energia. Non preoccuparti, \u00e8 garantito per 2 anni per la massima tranquillit\u00e0. Equipaggiatevi con [&hellip;]<\/p>\n","protected":false},"featured_media":9467,"comment_status":"open","ping_status":"closed","template":"","meta":{"_seopress_robots_primary_cat":"","_seopress_titles_title":"","_seopress_titles_desc":"","_seopress_robots_index":""},"product_brand":[],"product_cat":[644],"product_tag":[],"class_list":{"0":"post-18726","1":"product","2":"type-product","3":"status-publish","4":"has-post-thumbnail","6":"product_cat-bilance","9":"instock","10":"taxable","11":"shipping-taxable","12":"purchasable","13":"product-type-simple","14":"product-grid-view"},"_links":{"self":[{"href":"https:\/\/greenkingdom.ch\/it\/wp-json\/wp\/v2\/product\/18726","targetHints":{"allow":["GET"]}}],"collection":[{"href":"https:\/\/greenkingdom.ch\/it\/wp-json\/wp\/v2\/product"}],"about":[{"href":"https:\/\/greenkingdom.ch\/it\/wp-json\/wp\/v2\/types\/product"}],"replies":[{"embeddable":true,"href":"https:\/\/greenkingdom.ch\/it\/wp-json\/wp\/v2\/comments?post=18726"}],"version-history":[{"count":0,"href":"https:\/\/greenkingdom.ch\/it\/wp-json\/wp\/v2\/product\/18726\/revisions"}],"wp:featuredmedia":[{"embeddable":true,"href":"https:\/\/greenkingdom.ch\/it\/wp-json\/wp\/v2\/media\/9467"}],"wp:attachment":[{"href":"https:\/\/greenkingdom.ch\/it\/wp-json\/wp\/v2\/media?parent=18726"}],"wp:term":[{"taxonomy":"product_brand","embeddable":true,"href":"https:\/\/greenkingdom.ch\/it\/wp-json\/wp\/v2\/product_brand?post=18726"},{"taxonomy":"product_cat","embeddable":true,"href":"https:\/\/greenkingdom.ch\/it\/wp-json\/wp\/v2\/product_cat?post=18726"},{"taxonomy":"product_tag","embeddable":true,"href":"https:\/\/greenkingdom.ch\/it\/wp-json\/wp\/v2\/product_tag?post=18726"}],"curies":[{"name":"wp","href":"https:\/\/api.w.org\/{rel}","templated":true}]}}