{"id":18757,"date":"2024-10-11T16:40:08","date_gmt":"2024-10-11T14:40:08","guid":{"rendered":"https:\/\/greenkingdom.ch\/product\/clipper-4er-sweeteis-908-911\/"},"modified":"2024-10-11T16:40:08","modified_gmt":"2024-10-11T14:40:08","slug":"clipper-4er-sweeteis-908-911","status":"publish","type":"product","link":"https:\/\/greenkingdom.ch\/it\/prodotto\/clipper-4er-sweeteis-908-911\/","title":{"rendered":"Clipper 4er Sweeteis 908-911"},"content":{"rendered":"<p>Scopri l&#8217;accendino Clipper: molto pi\u00f9 di un semplice accendino! Gli accendini CLIPPER\u00ae sono tra i pi\u00f9 popolari in tutto il mondo. Questo iconico accendino \u00e8 un must! Per quale motivo? Il suo perno di accensione rimovibile, lo strumento di pressatura e la fiamma inclinabile lo rendono una scelta perfetta per i fumatori di pipa. Grazie alla sua certificazione ISO 9994, la sua affidabilit\u00e0 \u00e8 assicurata. Con un corpo in nylon infrangibile e una fiamma autoregolante, questo accendino \u00e8 anche sicuro. E non \u00e8 tutto! Goditi fino a 3.000 accensioni con una facile ricarica a gas e pietra focaia. Disponibile in molti design diversi per soddisfare tutti i gusti. Non perdere l&#8217;occasione di possedere questo accendino unico nel suo genere!<\/p>\n","protected":false},"excerpt":{"rendered":"<p>Scopri l&#8217;accendino Clipper: molto pi\u00f9 di un semplice accendino! Gli accendini CLIPPER\u00ae sono tra i pi\u00f9 popolari in tutto il mondo. Questo iconico accendino \u00e8 un must! Per quale motivo? Il suo perno di accensione rimovibile, lo strumento di pressatura e la fiamma inclinabile lo rendono una scelta perfetta per i fumatori di pipa. Grazie [&hellip;]<\/p>\n","protected":false},"featured_media":9521,"comment_status":"open","ping_status":"closed","template":"","meta":{"_seopress_robots_primary_cat":"","_seopress_titles_title":"","_seopress_titles_desc":"","_seopress_robots_index":""},"product_brand":[],"product_cat":[647],"product_tag":[],"class_list":{"0":"post-18757","1":"product","2":"type-product","3":"status-publish","4":"has-post-thumbnail","6":"product_cat-accendini","9":"instock","10":"taxable","11":"shipping-taxable","12":"purchasable","13":"product-type-simple","14":"product-grid-view"},"_links":{"self":[{"href":"https:\/\/greenkingdom.ch\/it\/wp-json\/wp\/v2\/product\/18757","targetHints":{"allow":["GET"]}}],"collection":[{"href":"https:\/\/greenkingdom.ch\/it\/wp-json\/wp\/v2\/product"}],"about":[{"href":"https:\/\/greenkingdom.ch\/it\/wp-json\/wp\/v2\/types\/product"}],"replies":[{"embeddable":true,"href":"https:\/\/greenkingdom.ch\/it\/wp-json\/wp\/v2\/comments?post=18757"}],"version-history":[{"count":0,"href":"https:\/\/greenkingdom.ch\/it\/wp-json\/wp\/v2\/product\/18757\/revisions"}],"wp:featuredmedia":[{"embeddable":true,"href":"https:\/\/greenkingdom.ch\/it\/wp-json\/wp\/v2\/media\/9521"}],"wp:attachment":[{"href":"https:\/\/greenkingdom.ch\/it\/wp-json\/wp\/v2\/media?parent=18757"}],"wp:term":[{"taxonomy":"product_brand","embeddable":true,"href":"https:\/\/greenkingdom.ch\/it\/wp-json\/wp\/v2\/product_brand?post=18757"},{"taxonomy":"product_cat","embeddable":true,"href":"https:\/\/greenkingdom.ch\/it\/wp-json\/wp\/v2\/product_cat?post=18757"},{"taxonomy":"product_tag","embeddable":true,"href":"https:\/\/greenkingdom.ch\/it\/wp-json\/wp\/v2\/product_tag?post=18757"}],"curies":[{"name":"wp","href":"https:\/\/api.w.org\/{rel}","templated":true}]}}