{"id":18814,"date":"2024-10-11T16:40:33","date_gmt":"2024-10-11T14:40:33","guid":{"rendered":"https:\/\/greenkingdom.ch\/product\/dosentresor-jever-pilsner\/"},"modified":"2024-10-11T16:40:33","modified_gmt":"2024-10-11T14:40:33","slug":"dosentresor-jever-pilsner","status":"publish","type":"product","link":"https:\/\/greenkingdom.ch\/it\/prodotto\/dosentresor-jever-pilsner\/","title":{"rendered":"Dosentresor Jever Pilsner"},"content":{"rendered":"<p>Cerchi il rifugio perfetto a casa o in viaggio? Scopri la cassaforte perfetta per te! Questa scatola completamente invisibile pu\u00f2 essere acquistata ovunque e trasportata ovunque. Perfetto per tenere al sicuro denaro, gioielli e altri oggetti di valore che vuoi proteggere a tutti i costi. Questa cassaforte \u00e8 cos\u00ec discreta che anche un ladro avrebbe difficolt\u00e0 a trovarla \ud83d\ude09 Caratteristiche della scatola:<br \/>\n&#8211; Dimensioni: 170 mm<br \/>\n&#8211; Peso: 466 g<br \/>\n&#8211; \u00d8 esterno: 660 mm<br \/>\n&#8211; \u00d8 interno: 420 mm<br \/>\n&#8211; Dimensioni di sicurezza: 80 mm EAN: 6097232541511<\/p>\n","protected":false},"excerpt":{"rendered":"<p>Cerchi il rifugio perfetto a casa o in viaggio? Scopri la cassaforte perfetta per te! Questa scatola completamente invisibile pu\u00f2 essere acquistata ovunque e trasportata ovunque. Perfetto per tenere al sicuro denaro, gioielli e altri oggetti di valore che vuoi proteggere a tutti i costi. Questa cassaforte \u00e8 cos\u00ec discreta che anche un ladro avrebbe [&hellip;]<\/p>\n","protected":false},"featured_media":9650,"comment_status":"open","ping_status":"closed","template":"","meta":{"_seopress_robots_primary_cat":"","_seopress_titles_title":"","_seopress_titles_desc":"","_seopress_robots_index":""},"product_brand":[],"product_cat":[665],"product_tag":[],"class_list":{"0":"post-18814","1":"product","2":"type-product","3":"status-publish","4":"has-post-thumbnail","6":"product_cat-stoccaggio","9":"instock","10":"taxable","11":"shipping-taxable","12":"purchasable","13":"product-type-simple","14":"product-grid-view"},"_links":{"self":[{"href":"https:\/\/greenkingdom.ch\/it\/wp-json\/wp\/v2\/product\/18814","targetHints":{"allow":["GET"]}}],"collection":[{"href":"https:\/\/greenkingdom.ch\/it\/wp-json\/wp\/v2\/product"}],"about":[{"href":"https:\/\/greenkingdom.ch\/it\/wp-json\/wp\/v2\/types\/product"}],"replies":[{"embeddable":true,"href":"https:\/\/greenkingdom.ch\/it\/wp-json\/wp\/v2\/comments?post=18814"}],"version-history":[{"count":0,"href":"https:\/\/greenkingdom.ch\/it\/wp-json\/wp\/v2\/product\/18814\/revisions"}],"wp:featuredmedia":[{"embeddable":true,"href":"https:\/\/greenkingdom.ch\/it\/wp-json\/wp\/v2\/media\/9650"}],"wp:attachment":[{"href":"https:\/\/greenkingdom.ch\/it\/wp-json\/wp\/v2\/media?parent=18814"}],"wp:term":[{"taxonomy":"product_brand","embeddable":true,"href":"https:\/\/greenkingdom.ch\/it\/wp-json\/wp\/v2\/product_brand?post=18814"},{"taxonomy":"product_cat","embeddable":true,"href":"https:\/\/greenkingdom.ch\/it\/wp-json\/wp\/v2\/product_cat?post=18814"},{"taxonomy":"product_tag","embeddable":true,"href":"https:\/\/greenkingdom.ch\/it\/wp-json\/wp\/v2\/product_tag?post=18814"}],"curies":[{"name":"wp","href":"https:\/\/api.w.org\/{rel}","templated":true}]}}