{"id":18816,"date":"2024-10-11T16:40:34","date_gmt":"2024-10-11T14:40:34","guid":{"rendered":"https:\/\/greenkingdom.ch\/product\/hortiline-growtent-camera-oscura-90\/"},"modified":"2024-10-11T16:40:34","modified_gmt":"2024-10-11T14:40:34","slug":"hortiline-growtent-camera-oscura-90","status":"publish","type":"product","link":"https:\/\/greenkingdom.ch\/it\/prodotto\/hortiline-growtent-camera-oscura-90\/","title":{"rendered":"Hortiline Growtent Camera Oscura 90"},"content":{"rendered":"<p>Scopri la Hortiline Growtent 90x90x180cm &#8211; Il tuo spazio di coltivazione indoor a un prezzo basso! Sogni di coltivare le tue piante in tutta tranquillit\u00e0 a casa? La Hortiline Growtent 90x90x180cm realizza questo sogno! Questo spazio di coltivazione non \u00e8 solo l&#8217;ideale, ma anche l&#8217;epitome della funzionalit\u00e0. La Hortiline Growtent offre tutto ci\u00f2 di cui hai bisogno per una coltivazione indoor di successo. Con le sue dimensioni perfette di 90x90x180cm, offre lo spazio perfetto per lo sviluppo delle tue piante in un ambiente controllato. Ci\u00f2 che rende questa Growtent davvero speciale sono i dettagli curati e il suo prezzo accessibile. Con cinque basi \u00d8230 mm e due \u00d875 mm, hai la massima flessibilit\u00e0 durante l&#8217;installazione di sistemi di ventilazione, ventilatori e filtri. Ventilare la tua stanza di coltivazione non \u00e8 mai stato cos\u00ec facile! Tre prese d&#8217;aria in rete da 350&#215;150 mm assicurano una circolazione ottimale dell&#8217;aria, supportando la crescita e la salute delle tue piante. Inoltre, la Hortiline Growtent ha una finestra di 400&#215;350 mm per osservare le tue piante senza entrare nello spazio di coltivazione. Non preoccuparti pi\u00f9 delle fuoriuscite: la Growtent \u00e8 dotata di un contenitore in tessuto di alta qualit\u00e0 da 900x900x100 mm per raccogliere i liquidi in modo sicuro, mantenendo pulito il tuo spazio di coltivazione. Hortiline Growtent \u00e8 molto pi\u00f9 di un semplice spazio di coltivazione, \u00e8 un investimento per la salute delle tue piante e la qualit\u00e0 del tuo raccolto. Realizza i tuoi sogni di coltivazione indoor con questa tenda da coltivazione a un prezzo basso! Specifiche:<br \/>\n&#8211; Dimensioni: 90x90x180cm<br \/>\n&#8211; Base: 5x \u00d8230mm, 2x \u00d875mm<br \/>\n&#8211; Aperture di ventilazione in rete: 3x 350x150mm<br \/>\n&#8211; Finestra di visualizzazione: 1x 400x350mm<br \/>\n&#8211; Vassoio in tessuto: 1x 900x900x100mm EAN: 6097227166187<\/p>\n","protected":false},"excerpt":{"rendered":"<p>Scopri la Hortiline Growtent 90x90x180cm &#8211; Il tuo spazio di coltivazione indoor a un prezzo basso! Sogni di coltivare le tue piante in tutta tranquillit\u00e0 a casa? La Hortiline Growtent 90x90x180cm realizza questo sogno! Questo spazio di coltivazione non \u00e8 solo l&#8217;ideale, ma anche l&#8217;epitome della funzionalit\u00e0. La Hortiline Growtent offre tutto ci\u00f2 di cui [&hellip;]<\/p>\n","protected":false},"featured_media":9681,"comment_status":"open","ping_status":"closed","template":"","meta":{"_seopress_robots_primary_cat":"","_seopress_titles_title":"","_seopress_titles_desc":"","_seopress_robots_index":""},"product_brand":[],"product_cat":[628],"product_tag":[],"class_list":{"0":"post-18816","1":"product","2":"type-product","3":"status-publish","4":"has-post-thumbnail","6":"product_cat-tende","9":"instock","10":"taxable","11":"shipping-taxable","12":"purchasable","13":"product-type-simple","14":"product-grid-view"},"_links":{"self":[{"href":"https:\/\/greenkingdom.ch\/it\/wp-json\/wp\/v2\/product\/18816","targetHints":{"allow":["GET"]}}],"collection":[{"href":"https:\/\/greenkingdom.ch\/it\/wp-json\/wp\/v2\/product"}],"about":[{"href":"https:\/\/greenkingdom.ch\/it\/wp-json\/wp\/v2\/types\/product"}],"replies":[{"embeddable":true,"href":"https:\/\/greenkingdom.ch\/it\/wp-json\/wp\/v2\/comments?post=18816"}],"version-history":[{"count":0,"href":"https:\/\/greenkingdom.ch\/it\/wp-json\/wp\/v2\/product\/18816\/revisions"}],"wp:featuredmedia":[{"embeddable":true,"href":"https:\/\/greenkingdom.ch\/it\/wp-json\/wp\/v2\/media\/9681"}],"wp:attachment":[{"href":"https:\/\/greenkingdom.ch\/it\/wp-json\/wp\/v2\/media?parent=18816"}],"wp:term":[{"taxonomy":"product_brand","embeddable":true,"href":"https:\/\/greenkingdom.ch\/it\/wp-json\/wp\/v2\/product_brand?post=18816"},{"taxonomy":"product_cat","embeddable":true,"href":"https:\/\/greenkingdom.ch\/it\/wp-json\/wp\/v2\/product_cat?post=18816"},{"taxonomy":"product_tag","embeddable":true,"href":"https:\/\/greenkingdom.ch\/it\/wp-json\/wp\/v2\/product_tag?post=18816"}],"curies":[{"name":"wp","href":"https:\/\/api.w.org\/{rel}","templated":true}]}}