{"id":18830,"date":"2024-10-11T16:40:35","date_gmt":"2024-10-11T14:40:35","guid":{"rendered":"https:\/\/greenkingdom.ch\/product\/homelab-80\/"},"modified":"2024-10-11T16:40:35","modified_gmt":"2024-10-11T14:40:35","slug":"homelab-80","status":"publish","type":"product","link":"https:\/\/greenkingdom.ch\/it\/prodotto\/homelab-80\/","title":{"rendered":"Homelab 80"},"content":{"rendered":"<p>Scopri HomeLab 80, lo strumento indispensabile per i coltivatori che cercano una soluzione versatile ed efficiente. Con le sue dimensioni di 80 x 80 x 180 cm e una superficie di coltivazione di 0,64 m\u00b2, questa scatola offre uno spazio ideale per piante madri, piantine e sistemi idroponici. Illumina le tue piante con la luce a risparmio energetico da 250 watt per risultati ottimali. Questa grow box colpisce per la sua durata e l&#8217;eccezionale qualit\u00e0. Il suo interno riflettente argentato e l&#8217;esterno in poliestere nero garantiscono condizioni di crescita perfette. Le caratteristiche robuste e pratiche includono cerniere impermeabili, tubi di ventilazione regolabili e presenze\/uscite dell&#8217;aria con zanzariere. L&#8217;HomeLab 80 \u00e8 la scelta ideale per una coltivazione sostenibile e di successo. Offrendo condizioni di crescita ottimali, soddisfer\u00e0 le aspettative pi\u00f9 esigenti dei coltivatori. Caratteristiche:<br \/>\n&#8211; Materiale interno: superficie riflettente argento di alta qualit\u00e0<br \/>\n&#8211; Materiale esterno: poliestere nero, impermeabile e opaco<br \/>\n&#8211; Robusto, durevole e resistente<br \/>\n allo sporco- Cerniere impermeabili<br \/>\n&#8211; Finestre di visualizzazione bloccabili<br \/>\n&#8211; Carico massimo: 50 kg Dai alle tue piante il miglior ambiente di crescita con l&#8217;HomeLab 80. Una soluzione funzionale, efficiente e sostenibile per gli appassionati di piantumazione.  <\/p>\n","protected":false},"excerpt":{"rendered":"<p>Scopri HomeLab 80, lo strumento indispensabile per i coltivatori che cercano una soluzione versatile ed efficiente. Con le sue dimensioni di 80 x 80 x 180 cm e una superficie di coltivazione di 0,64 m\u00b2, questa scatola offre uno spazio ideale per piante madri, piantine e sistemi idroponici. Illumina le tue piante con la luce [&hellip;]<\/p>\n","protected":false},"featured_media":9744,"comment_status":"open","ping_status":"closed","template":"","meta":{"_seopress_robots_primary_cat":"","_seopress_titles_title":"","_seopress_titles_desc":"","_seopress_robots_index":""},"product_brand":[],"product_cat":[628],"product_tag":[],"class_list":{"0":"post-18830","1":"product","2":"type-product","3":"status-publish","4":"has-post-thumbnail","6":"product_cat-tende","9":"instock","10":"taxable","11":"shipping-taxable","12":"purchasable","13":"product-type-simple","14":"product-grid-view"},"_links":{"self":[{"href":"https:\/\/greenkingdom.ch\/it\/wp-json\/wp\/v2\/product\/18830","targetHints":{"allow":["GET"]}}],"collection":[{"href":"https:\/\/greenkingdom.ch\/it\/wp-json\/wp\/v2\/product"}],"about":[{"href":"https:\/\/greenkingdom.ch\/it\/wp-json\/wp\/v2\/types\/product"}],"replies":[{"embeddable":true,"href":"https:\/\/greenkingdom.ch\/it\/wp-json\/wp\/v2\/comments?post=18830"}],"version-history":[{"count":0,"href":"https:\/\/greenkingdom.ch\/it\/wp-json\/wp\/v2\/product\/18830\/revisions"}],"wp:featuredmedia":[{"embeddable":true,"href":"https:\/\/greenkingdom.ch\/it\/wp-json\/wp\/v2\/media\/9744"}],"wp:attachment":[{"href":"https:\/\/greenkingdom.ch\/it\/wp-json\/wp\/v2\/media?parent=18830"}],"wp:term":[{"taxonomy":"product_brand","embeddable":true,"href":"https:\/\/greenkingdom.ch\/it\/wp-json\/wp\/v2\/product_brand?post=18830"},{"taxonomy":"product_cat","embeddable":true,"href":"https:\/\/greenkingdom.ch\/it\/wp-json\/wp\/v2\/product_cat?post=18830"},{"taxonomy":"product_tag","embeddable":true,"href":"https:\/\/greenkingdom.ch\/it\/wp-json\/wp\/v2\/product_tag?post=18830"}],"curies":[{"name":"wp","href":"https:\/\/api.w.org\/{rel}","templated":true}]}}