{"id":18836,"date":"2024-10-11T16:40:35","date_gmt":"2024-10-11T14:40:35","guid":{"rendered":"https:\/\/greenkingdom.ch\/product\/homelab-60\/"},"modified":"2024-10-11T16:40:35","modified_gmt":"2024-10-11T14:40:35","slug":"homelab-60","status":"publish","type":"product","link":"https:\/\/greenkingdom.ch\/it\/prodotto\/homelab-60\/","title":{"rendered":"Homelab 60"},"content":{"rendered":"<p>Dalla germinazione alla fioritura, l&#8217;HomeLab 60 \u00e8 attrezzato per tutte le fasi del ciclo di crescita, garantendo risultati ottimali! La sua area di coltivazione di 0,36 m\u00b2 consente di risparmiare energia con una scelta di illuminazione che include un tubo fluorescente T5, un tubo compatto o una lampada HID da 150 watt. Assemblare pi\u00f9 tende da piantare fianco a fianco \u00e8 facile. La completa opacit\u00e0 delle pareti dell&#8217;HomeLab garantisce un ambiente di coltivazione chiuso e senza compromessi. &#8211; Dimensioni (montato): 60 x 60 x 160 cm<br \/>\n&#8211; Area di coltivazione: 0,36 m2 Materiale interno: superficie riflettente in argento di alta qualit\u00e0 Materiale esterno: tessuto in poliestere nero, impermeabile e opaco Materiali robusti, resistenti alla penetrazione e allo sporco per una lunga durata Rivestimento della cerniera impermeabile e resistente alla luce per evitare il passaggio di luce e odori Cerniere in metallo di alta qualit\u00e0 Materiale esterno durevole Calze tubolari foderate resistenti alla luce, stabili grazie a uno strato aggiuntivo di materiale Tubi di ventilazione: 3 x 130 mm per un&#8217;installazione facile e stabile del sistema di circolazione dell&#8217;aria, regolabili in modo flessibile Tubi per cavi: 2 x 100 mm 3 prese e uscite d&#8217;aria passive con zanzariera fine integrata ed elementi di chiusura rimovibili,  Offre la massima protezione contro i parassiti Carico massimo: fino a 50 kg Riferimento EAN: 4260220921882 <\/p>\n","protected":false},"excerpt":{"rendered":"<p>Dalla germinazione alla fioritura, l&#8217;HomeLab 60 \u00e8 attrezzato per tutte le fasi del ciclo di crescita, garantendo risultati ottimali! La sua area di coltivazione di 0,36 m\u00b2 consente di risparmiare energia con una scelta di illuminazione che include un tubo fluorescente T5, un tubo compatto o una lampada HID da 150 watt. Assemblare pi\u00f9 tende [&hellip;]<\/p>\n","protected":false},"featured_media":9733,"comment_status":"open","ping_status":"closed","template":"","meta":{"_seopress_robots_primary_cat":"","_seopress_titles_title":"","_seopress_titles_desc":"","_seopress_robots_index":""},"product_brand":[],"product_cat":[628],"product_tag":[],"class_list":{"0":"post-18836","1":"product","2":"type-product","3":"status-publish","4":"has-post-thumbnail","6":"product_cat-tende","9":"instock","10":"taxable","11":"shipping-taxable","12":"purchasable","13":"product-type-simple","14":"product-grid-view"},"_links":{"self":[{"href":"https:\/\/greenkingdom.ch\/it\/wp-json\/wp\/v2\/product\/18836","targetHints":{"allow":["GET"]}}],"collection":[{"href":"https:\/\/greenkingdom.ch\/it\/wp-json\/wp\/v2\/product"}],"about":[{"href":"https:\/\/greenkingdom.ch\/it\/wp-json\/wp\/v2\/types\/product"}],"replies":[{"embeddable":true,"href":"https:\/\/greenkingdom.ch\/it\/wp-json\/wp\/v2\/comments?post=18836"}],"version-history":[{"count":0,"href":"https:\/\/greenkingdom.ch\/it\/wp-json\/wp\/v2\/product\/18836\/revisions"}],"wp:featuredmedia":[{"embeddable":true,"href":"https:\/\/greenkingdom.ch\/it\/wp-json\/wp\/v2\/media\/9733"}],"wp:attachment":[{"href":"https:\/\/greenkingdom.ch\/it\/wp-json\/wp\/v2\/media?parent=18836"}],"wp:term":[{"taxonomy":"product_brand","embeddable":true,"href":"https:\/\/greenkingdom.ch\/it\/wp-json\/wp\/v2\/product_brand?post=18836"},{"taxonomy":"product_cat","embeddable":true,"href":"https:\/\/greenkingdom.ch\/it\/wp-json\/wp\/v2\/product_cat?post=18836"},{"taxonomy":"product_tag","embeddable":true,"href":"https:\/\/greenkingdom.ch\/it\/wp-json\/wp\/v2\/product_tag?post=18836"}],"curies":[{"name":"wp","href":"https:\/\/api.w.org\/{rel}","templated":true}]}}