{"id":18870,"date":"2024-10-11T16:41:00","date_gmt":"2024-10-11T14:41:00","guid":{"rendered":"https:\/\/greenkingdom.ch\/product\/ventola-in-linea-125mm\/"},"modified":"2024-10-11T16:41:00","modified_gmt":"2024-10-11T14:41:00","slug":"ventola-in-linea-125mm","status":"publish","type":"product","link":"https:\/\/greenkingdom.ch\/it\/prodotto\/ventola-in-linea-125mm\/","title":{"rendered":"Ventola in linea 125mm"},"content":{"rendered":"<p>Condotto Eco 125mm &#8211; Ideale per una migliore ventilazione! Il condotto Eco da 125 mm si adatta a tutti i tubi flessibili e alle aperture da 125 mm per la tua tenda o scatola. Perfetta per consentire l&#8217;ingresso di aria fresca, questa ventola in linea \u00e8 essenziale nei luoghi in cui l&#8217;aspirazione dell&#8217;aria \u00e8 limitata. Si prega di notare che non sono inclusi cavi, ma \u00e8 possibile ottenerli qui: https:\/\/www.fourtwenty.ch\/anschlusskabel-2-polig-2m-p-9885.html EAN: 8436554761173<\/p>\n","protected":false},"excerpt":{"rendered":"<p>Condotto Eco 125mm &#8211; Ideale per una migliore ventilazione! Il condotto Eco da 125 mm si adatta a tutti i tubi flessibili e alle aperture da 125 mm per la tua tenda o scatola. Perfetta per consentire l&#8217;ingresso di aria fresca, questa ventola in linea \u00e8 essenziale nei luoghi in cui l&#8217;aspirazione dell&#8217;aria \u00e8 limitata. [&hellip;]<\/p>\n","protected":false},"featured_media":9880,"comment_status":"open","ping_status":"closed","template":"","meta":{"_seopress_robots_primary_cat":"","_seopress_titles_title":"","_seopress_titles_desc":"","_seopress_robots_index":""},"product_brand":[],"product_cat":[633],"product_tag":[],"class_list":{"0":"post-18870","1":"product","2":"type-product","3":"status-publish","4":"has-post-thumbnail","6":"product_cat-estrattori","9":"instock","10":"taxable","11":"shipping-taxable","12":"purchasable","13":"product-type-simple","14":"product-grid-view"},"_links":{"self":[{"href":"https:\/\/greenkingdom.ch\/it\/wp-json\/wp\/v2\/product\/18870","targetHints":{"allow":["GET"]}}],"collection":[{"href":"https:\/\/greenkingdom.ch\/it\/wp-json\/wp\/v2\/product"}],"about":[{"href":"https:\/\/greenkingdom.ch\/it\/wp-json\/wp\/v2\/types\/product"}],"replies":[{"embeddable":true,"href":"https:\/\/greenkingdom.ch\/it\/wp-json\/wp\/v2\/comments?post=18870"}],"version-history":[{"count":0,"href":"https:\/\/greenkingdom.ch\/it\/wp-json\/wp\/v2\/product\/18870\/revisions"}],"wp:featuredmedia":[{"embeddable":true,"href":"https:\/\/greenkingdom.ch\/it\/wp-json\/wp\/v2\/media\/9880"}],"wp:attachment":[{"href":"https:\/\/greenkingdom.ch\/it\/wp-json\/wp\/v2\/media?parent=18870"}],"wp:term":[{"taxonomy":"product_brand","embeddable":true,"href":"https:\/\/greenkingdom.ch\/it\/wp-json\/wp\/v2\/product_brand?post=18870"},{"taxonomy":"product_cat","embeddable":true,"href":"https:\/\/greenkingdom.ch\/it\/wp-json\/wp\/v2\/product_cat?post=18870"},{"taxonomy":"product_tag","embeddable":true,"href":"https:\/\/greenkingdom.ch\/it\/wp-json\/wp\/v2\/product_tag?post=18870"}],"curies":[{"name":"wp","href":"https:\/\/api.w.org\/{rel}","templated":true}]}}