{"id":18884,"date":"2024-10-11T16:41:00","date_gmt":"2024-10-11T14:41:00","guid":{"rendered":"https:\/\/greenkingdom.ch\/product\/sp-td-160m3-h-100mm-silenzioso\/"},"modified":"2024-10-11T16:41:00","modified_gmt":"2024-10-11T14:41:00","slug":"sp-td-160m3-h-100mm-silenzioso","status":"publish","type":"product","link":"https:\/\/greenkingdom.ch\/it\/prodotto\/sp-td-160m3-h-100mm-silenzioso\/","title":{"rendered":"S&amp;P TD 160m3\/h 100mm Silenzioso"},"content":{"rendered":"<p>Scopri la S&amp;P TD-160\/100 N Silent, la ventola silenziosa pi\u00f9 compatta! Grazie alle sue dimensioni ridotte, si integra perfettamente in qualsiasi ambiente, anche il pi\u00f9 piccolo. Nonostante la sua compattezza, questo ventilatore \u00e8 incredibilmente silenzioso! S&amp;P, rinomato marchio produttrice di ventilatori, presenta il TD SILENT, uno dei pi\u00f9 silenziosi della sua categoria. Con una riduzione fino a 12 dB(A) rispetto ai suoi concorrenti, questo ventilatore sta rivoluzionando il mercato dei ventilatori tubolari. Le onde sonore vengono assorbite grazie alla sua struttura interna appositamente studiata per limitare il rumore. Le ventole S&amp;P Silent sono progettate senza graduazione. La velocit\u00e0 pu\u00f2 essere controllata solo da un trasformatore passo-passo. Si prega di notare che il cavo non \u00e8 incluso nella fornitura. Caratteristiche:<br \/>\n&#8211; Alloggiamento in plastica di alta qualit\u00e0<br \/>\n&#8211; Facile installazione con un&#8217;unit\u00e0 motore rimovibile e una console di montaggio integrata<br \/>\n&#8211; Alimentazione: 230V, 50 Hz<br \/>\n&#8211; Velocit\u00e0 di rotazione: 2500\/2200 giri\/min<br \/>\n&#8211; Potenza massima: 25\/12 W<br \/>\n&#8211; Portata d&#8217;aria: 180\/140 m3\/h<br \/>\n&#8211; Livello di pressione sonora: 24\/21 db(A)<br \/>\n&#8211; Temperatura massima: 40\u00b0C<br \/>\n&#8211; Peso: 1,5 kg Non perderti l&#8217;EAN:  8413893080240 per procurarti questo gioiello di tecnologia silenziosa!  <\/p>\n","protected":false},"excerpt":{"rendered":"<p>Scopri la S&amp;P TD-160\/100 N Silent, la ventola silenziosa pi\u00f9 compatta! Grazie alle sue dimensioni ridotte, si integra perfettamente in qualsiasi ambiente, anche il pi\u00f9 piccolo. Nonostante la sua compattezza, questo ventilatore \u00e8 incredibilmente silenzioso! S&amp;P, rinomato marchio produttrice di ventilatori, presenta il TD SILENT, uno dei pi\u00f9 silenziosi della sua categoria. Con una riduzione [&hellip;]<\/p>\n","protected":false},"featured_media":9846,"comment_status":"open","ping_status":"closed","template":"","meta":{"_seopress_robots_primary_cat":"","_seopress_titles_title":"","_seopress_titles_desc":"","_seopress_robots_index":""},"product_brand":[],"product_cat":[633],"product_tag":[],"class_list":{"0":"post-18884","1":"product","2":"type-product","3":"status-publish","4":"has-post-thumbnail","6":"product_cat-estrattori","9":"instock","10":"taxable","11":"shipping-taxable","12":"purchasable","13":"product-type-simple","14":"product-grid-view"},"_links":{"self":[{"href":"https:\/\/greenkingdom.ch\/it\/wp-json\/wp\/v2\/product\/18884","targetHints":{"allow":["GET"]}}],"collection":[{"href":"https:\/\/greenkingdom.ch\/it\/wp-json\/wp\/v2\/product"}],"about":[{"href":"https:\/\/greenkingdom.ch\/it\/wp-json\/wp\/v2\/types\/product"}],"replies":[{"embeddable":true,"href":"https:\/\/greenkingdom.ch\/it\/wp-json\/wp\/v2\/comments?post=18884"}],"version-history":[{"count":0,"href":"https:\/\/greenkingdom.ch\/it\/wp-json\/wp\/v2\/product\/18884\/revisions"}],"wp:featuredmedia":[{"embeddable":true,"href":"https:\/\/greenkingdom.ch\/it\/wp-json\/wp\/v2\/media\/9846"}],"wp:attachment":[{"href":"https:\/\/greenkingdom.ch\/it\/wp-json\/wp\/v2\/media?parent=18884"}],"wp:term":[{"taxonomy":"product_brand","embeddable":true,"href":"https:\/\/greenkingdom.ch\/it\/wp-json\/wp\/v2\/product_brand?post=18884"},{"taxonomy":"product_cat","embeddable":true,"href":"https:\/\/greenkingdom.ch\/it\/wp-json\/wp\/v2\/product_cat?post=18884"},{"taxonomy":"product_tag","embeddable":true,"href":"https:\/\/greenkingdom.ch\/it\/wp-json\/wp\/v2\/product_tag?post=18884"}],"curies":[{"name":"wp","href":"https:\/\/api.w.org\/{rel}","templated":true}]}}