{"id":18905,"date":"2024-10-11T16:41:01","date_gmt":"2024-10-11T14:41:01","guid":{"rendered":"https:\/\/greenkingdom.ch\/product\/iso-max-1480m3-h-250mm\/"},"modified":"2024-10-11T16:41:01","modified_gmt":"2024-10-11T14:41:01","slug":"iso-max-1480m3-h-250mm","status":"publish","type":"product","link":"https:\/\/greenkingdom.ch\/it\/prodotto\/iso-max-1480m3-h-250mm\/","title":{"rendered":"ISO-MAX 1480m3\/h 250mm"},"content":{"rendered":"<p>Scopri le caratteristiche della gamma Iso-Max:<\/p>\n<ul>\n<li>Max-Fan integrato in un silenziatore<\/li>\n<li>Silenzioso e potente<\/li>\n<li>Facile installazione<\/li>\n<li>Flusso d&#8217;aria uniforme attraverso il rotore-statore<\/li>\n<li>Alloggiamento in metallo completamente zincato<\/li>\n<li>Imbottito con schiuma acustica<\/li>\n<li>Motore svizzero di alta qualit\u00e0<\/li>\n<li>Compatibile con Satellite 4A e controller LCD-EC per una gestione ottimale<\/li>\n<\/ul>\n<p>L&#8217;Iso-Max \u00e8 progettato attorno al nostro sistema brevettato 3D rotore-statore, che garantisce un flusso d&#8217;aria eccezionale. Questa ventola unica incorpora un design silenzioso in cui l&#8217;alloggiamento in acciaio \u00e8 accuratamente isolato con schiuma speciale. Grazie all&#8217;isolamento di alta qualit\u00e0 e alla bassa turbolenza, il rumore \u00e8 ridotto al minimo per un funzionamento discreto. Dotato di interruttore termico di sicurezza, l&#8217;Iso-Max arresta il motore in caso di surriscaldamento. Le staffe di montaggio incluse semplificano l&#8217;installazione. Controlla il tuo Iso-Max con il Can-Fan Satellite 4A per una gestione ottimale della velocit\u00e0. Per un controllo completo, abbinalo al controller LCD-EC Can Fan tramite il Satellite 4A.  <\/p>\n<p>Caratteristiche tecniche:<\/p>\n<ul>\n<li>Materiale: Metallo<\/li>\n<li>Lunghezza: 680 mm<\/li>\n<li>Peso: 9,9 kg<\/li>\n<li>Diametro: 250 mm<\/li>\n<li>Portata: 1480 m3\/h<\/li>\n<li>Amperaggio: 0,9 A<\/li>\n<li>Potenza: 150 W<\/li>\n<li>Controllo della velocit\u00e0: S\u00ec<\/li>\n<\/ul>\n<p>EAN: 8718836156045<\/p>\n","protected":false},"excerpt":{"rendered":"<p>Scopri le caratteristiche della gamma Iso-Max: Max-Fan integrato in un silenziatore Silenzioso e potente Facile installazione Flusso d&#8217;aria uniforme attraverso il rotore-statore Alloggiamento in metallo completamente zincato Imbottito con schiuma acustica Motore svizzero di alta qualit\u00e0 Compatibile con Satellite 4A e controller LCD-EC per una gestione ottimale L&#8217;Iso-Max \u00e8 progettato attorno al nostro sistema brevettato [&hellip;]<\/p>\n","protected":false},"featured_media":9901,"comment_status":"open","ping_status":"closed","template":"","meta":{"_seopress_robots_primary_cat":"","_seopress_titles_title":"","_seopress_titles_desc":"","_seopress_robots_index":""},"product_brand":[],"product_cat":[633],"product_tag":[],"class_list":{"0":"post-18905","1":"product","2":"type-product","3":"status-publish","4":"has-post-thumbnail","6":"product_cat-estrattori","9":"instock","10":"taxable","11":"shipping-taxable","12":"purchasable","13":"product-type-simple","14":"product-grid-view"},"_links":{"self":[{"href":"https:\/\/greenkingdom.ch\/it\/wp-json\/wp\/v2\/product\/18905","targetHints":{"allow":["GET"]}}],"collection":[{"href":"https:\/\/greenkingdom.ch\/it\/wp-json\/wp\/v2\/product"}],"about":[{"href":"https:\/\/greenkingdom.ch\/it\/wp-json\/wp\/v2\/types\/product"}],"replies":[{"embeddable":true,"href":"https:\/\/greenkingdom.ch\/it\/wp-json\/wp\/v2\/comments?post=18905"}],"version-history":[{"count":0,"href":"https:\/\/greenkingdom.ch\/it\/wp-json\/wp\/v2\/product\/18905\/revisions"}],"wp:featuredmedia":[{"embeddable":true,"href":"https:\/\/greenkingdom.ch\/it\/wp-json\/wp\/v2\/media\/9901"}],"wp:attachment":[{"href":"https:\/\/greenkingdom.ch\/it\/wp-json\/wp\/v2\/media?parent=18905"}],"wp:term":[{"taxonomy":"product_brand","embeddable":true,"href":"https:\/\/greenkingdom.ch\/it\/wp-json\/wp\/v2\/product_brand?post=18905"},{"taxonomy":"product_cat","embeddable":true,"href":"https:\/\/greenkingdom.ch\/it\/wp-json\/wp\/v2\/product_cat?post=18905"},{"taxonomy":"product_tag","embeddable":true,"href":"https:\/\/greenkingdom.ch\/it\/wp-json\/wp\/v2\/product_tag?post=18905"}],"curies":[{"name":"wp","href":"https:\/\/api.w.org\/{rel}","templated":true}]}}