{"id":18920,"date":"2024-10-11T16:41:24","date_gmt":"2024-10-11T14:41:24","guid":{"rendered":"https:\/\/greenkingdom.ch\/product\/granulato-attivo-di-carbonio-400m3-h-125mm\/"},"modified":"2024-10-11T16:41:24","modified_gmt":"2024-10-11T14:41:24","slug":"granulato-attivo-di-carbonio-400m3-h-125mm","status":"publish","type":"product","link":"https:\/\/greenkingdom.ch\/it\/prodotto\/granulato-attivo-di-carbonio-400m3-h-125mm\/","title":{"rendered":"Granulato attivo di carbonio 400m3\/h 125mm"},"content":{"rendered":"<p>Scopri il filtro a pellet attivo al carbone, riempito con carbone attivo di cocco di alta qualit\u00e0 al 100%. Questo carbone attivo naturale \u00e8 noto per la sua efficacia nel filtrare gas e odori indesiderati, pur essendo pi\u00f9 duro e contenente meno polvere rispetto ad altre materie prime. Facile da installare grazie al suo dispositivo di sospensione, questo filtro ecologico \u00e8 perfetto per purificare l&#8217;aria in ambienti fino a 30 m3. Ecologico, sostenibile e rispettoso dell&#8217;ambiente, il carbone attivo di cocco \u00e8 una scelta responsabile per una filtrazione efficace. Grazie al suo dispositivo di sospensione, questo filtro \u00e8 adatto anche per ambienti umidi. Approfittate di una filtrazione affidabile con perdite di pressione minime, grazie alla portata ottimizzata. Il filtro a pellet attivo al carbone viene fornito con un prefiltro ePM10 al 55%, per una maggiore protezione e una maggiore durata. Questo prodotto di qualit\u00e0 svizzera vi garantisce un eccellente rapporto qualit\u00e0-prezzo. Investi in aria pulita per il tuo benessere! Caratteristiche:<br \/>\n\u2022 Attacco: mm \u00f8125<br \/>\n&#8211; Prestazioni ottimali del filtro a: m\u00b3\/h 400<br \/>\n&#8211; Portata: m\u00b3\/h 100 &#8211; 400<br \/>\n&#8211; Peso: kg 4,7<br \/>\n&#8211; Dimensioni: mm \u00f8190 x 370 EAN: 7640157680613   <\/p>\n","protected":false},"excerpt":{"rendered":"<p>Scopri il filtro a pellet attivo al carbone, riempito con carbone attivo di cocco di alta qualit\u00e0 al 100%. Questo carbone attivo naturale \u00e8 noto per la sua efficacia nel filtrare gas e odori indesiderati, pur essendo pi\u00f9 duro e contenente meno polvere rispetto ad altre materie prime. Facile da installare grazie al suo dispositivo [&hellip;]<\/p>\n","protected":false},"featured_media":9996,"comment_status":"open","ping_status":"closed","template":"","meta":{"_seopress_robots_primary_cat":"","_seopress_titles_title":"","_seopress_titles_desc":"","_seopress_robots_index":""},"product_brand":[],"product_cat":[638],"product_tag":[],"class_list":{"0":"post-18920","1":"product","2":"type-product","3":"status-publish","4":"has-post-thumbnail","6":"product_cat-filtri-a-carbone","9":"instock","10":"taxable","11":"shipping-taxable","12":"purchasable","13":"product-type-simple","14":"product-grid-view"},"_links":{"self":[{"href":"https:\/\/greenkingdom.ch\/it\/wp-json\/wp\/v2\/product\/18920","targetHints":{"allow":["GET"]}}],"collection":[{"href":"https:\/\/greenkingdom.ch\/it\/wp-json\/wp\/v2\/product"}],"about":[{"href":"https:\/\/greenkingdom.ch\/it\/wp-json\/wp\/v2\/types\/product"}],"replies":[{"embeddable":true,"href":"https:\/\/greenkingdom.ch\/it\/wp-json\/wp\/v2\/comments?post=18920"}],"version-history":[{"count":0,"href":"https:\/\/greenkingdom.ch\/it\/wp-json\/wp\/v2\/product\/18920\/revisions"}],"wp:featuredmedia":[{"embeddable":true,"href":"https:\/\/greenkingdom.ch\/it\/wp-json\/wp\/v2\/media\/9996"}],"wp:attachment":[{"href":"https:\/\/greenkingdom.ch\/it\/wp-json\/wp\/v2\/media?parent=18920"}],"wp:term":[{"taxonomy":"product_brand","embeddable":true,"href":"https:\/\/greenkingdom.ch\/it\/wp-json\/wp\/v2\/product_brand?post=18920"},{"taxonomy":"product_cat","embeddable":true,"href":"https:\/\/greenkingdom.ch\/it\/wp-json\/wp\/v2\/product_cat?post=18920"},{"taxonomy":"product_tag","embeddable":true,"href":"https:\/\/greenkingdom.ch\/it\/wp-json\/wp\/v2\/product_tag?post=18920"}],"curies":[{"name":"wp","href":"https:\/\/api.w.org\/{rel}","templated":true}]}}