{"id":18928,"date":"2024-10-11T16:41:25","date_gmt":"2024-10-11T14:41:25","guid":{"rendered":"https:\/\/greenkingdom.ch\/product\/biobizz-all-mix-50l-palette-65pz\/"},"modified":"2024-10-11T16:41:25","modified_gmt":"2024-10-11T14:41:25","slug":"biobizz-all-mix-50l-palette-65pz","status":"publish","type":"product","link":"https:\/\/greenkingdom.ch\/it\/prodotto\/biobizz-all-mix-50l-palette-65pz\/","title":{"rendered":"BioBizz All-mix 50l Palette 65pz"},"content":{"rendered":"<p>Scopri la gamma completa di Bio Bizz All-Mix, tra cui 65 sacchi da 50 litri per un totale di 3250 litri del miglior terriccio! Tutti\u00b7 Mix fa tutto il lavoro per creare l&#8217;ambiente perfetto per la fioritura delle piante durante tutto l&#8217;anno. Questa formula di substrato pre-fertilizzato imita le condizioni del terreno esterno ricco di microrganismi, promuovendo una crescita rigogliosa senza l&#8217;aggiunta di fertilizzanti aggiuntivi. Quando si utilizza Tutti\u00b7 Mescolare, si consiglia di inumidirlo con acqua e lasciarlo riposare per 36 ore per attivare i nutrienti e i microrganismi presenti. Mantieni sempre caldo il terriccio per un&#8217;attivit\u00e0 microbica ottimale e assicurati di mantenere un po&#8217; di asciutto tra un&#8217;annaffiatura e l&#8217;altra per consentire al terreno di respirare. I prodotti Biobizz contengono solo elementi biologici, garantendo un elevato valore di conducibilit\u00e0 elettrica. Con ingredienti biologici che vengono regolati automaticamente per mantenere il giusto pH, All\u00b7 Il mix \u00e8 una scelta di qualit\u00e0 per le tue piante. Composizione: 20% muschio di torba di sfagno, 35% torba da giardino, 10% humus di alta qualit\u00e0, 30% perlite, 5% Pre-Mix. pH: 6,6 EC: 2,4. Dai vita alle tue piante con Bio Bizz All-Mix! EAN: 0702639861006.  <\/p>\n","protected":false},"excerpt":{"rendered":"<p>Scopri la gamma completa di Bio Bizz All-Mix, tra cui 65 sacchi da 50 litri per un totale di 3250 litri del miglior terriccio! Tutti\u00b7 Mix fa tutto il lavoro per creare l&#8217;ambiente perfetto per la fioritura delle piante durante tutto l&#8217;anno. Questa formula di substrato pre-fertilizzato imita le condizioni del terreno esterno ricco di [&hellip;]<\/p>\n","protected":false},"featured_media":10014,"comment_status":"open","ping_status":"closed","template":"","meta":{"_seopress_robots_primary_cat":"","_seopress_titles_title":"","_seopress_titles_desc":"","_seopress_robots_index":""},"product_brand":[],"product_cat":[615],"product_tag":[],"class_list":{"0":"post-18928","1":"product","2":"type-product","3":"status-publish","4":"has-post-thumbnail","6":"product_cat-terriccio","9":"instock","10":"taxable","11":"shipping-taxable","12":"purchasable","13":"product-type-simple","14":"product-grid-view"},"_links":{"self":[{"href":"https:\/\/greenkingdom.ch\/it\/wp-json\/wp\/v2\/product\/18928","targetHints":{"allow":["GET"]}}],"collection":[{"href":"https:\/\/greenkingdom.ch\/it\/wp-json\/wp\/v2\/product"}],"about":[{"href":"https:\/\/greenkingdom.ch\/it\/wp-json\/wp\/v2\/types\/product"}],"replies":[{"embeddable":true,"href":"https:\/\/greenkingdom.ch\/it\/wp-json\/wp\/v2\/comments?post=18928"}],"version-history":[{"count":0,"href":"https:\/\/greenkingdom.ch\/it\/wp-json\/wp\/v2\/product\/18928\/revisions"}],"wp:featuredmedia":[{"embeddable":true,"href":"https:\/\/greenkingdom.ch\/it\/wp-json\/wp\/v2\/media\/10014"}],"wp:attachment":[{"href":"https:\/\/greenkingdom.ch\/it\/wp-json\/wp\/v2\/media?parent=18928"}],"wp:term":[{"taxonomy":"product_brand","embeddable":true,"href":"https:\/\/greenkingdom.ch\/it\/wp-json\/wp\/v2\/product_brand?post=18928"},{"taxonomy":"product_cat","embeddable":true,"href":"https:\/\/greenkingdom.ch\/it\/wp-json\/wp\/v2\/product_cat?post=18928"},{"taxonomy":"product_tag","embeddable":true,"href":"https:\/\/greenkingdom.ch\/it\/wp-json\/wp\/v2\/product_tag?post=18928"}],"curies":[{"name":"wp","href":"https:\/\/api.w.org\/{rel}","templated":true}]}}