{"id":18960,"date":"2024-10-11T16:37:55","date_gmt":"2024-10-11T14:37:55","guid":{"rendered":"https:\/\/greenkingdom.ch\/product\/biobizz-succo-di-radice-1l\/"},"modified":"2024-10-11T16:37:55","modified_gmt":"2024-10-11T14:37:55","slug":"biobizz-succo-di-radice-1l","status":"publish","type":"product","link":"https:\/\/greenkingdom.ch\/it\/prodotto\/biobizz-succo-di-radice-1l\/","title":{"rendered":"BioBizz Succo di Radice 1L"},"content":{"rendered":"<p>Realizzato interamente con ingredienti di origine vegetale per orti biologici, Root\u00b7 Il succo combina due straordinarie sostanze naturali: l&#8217;acido umico e le alghe di alta qualit\u00e0. Creato appositamente per favorire la crescita delle radici e stimolare la vita naturale che nutre gli apparati radicali delle tue piante. Radice\u00b7 Il succo funziona fin dall&#8217;inizio per stimolare la crescita delle radici, sia per le piantine che per le piante consolidate. Prepara le tue piante ad assorbire i nutrienti pi\u00f9 velocemente per piante pi\u00f9 vigorose e resistenti e un raccolto abbondante. Questo fertilizzante liquido \u00e8 ideale per arricchire terriccio, torba e miscele di cocco, proteggendo al contempo le radici nei sistemi idroponici o aeroponici. Per substrati come All\u00b7 Mescola o accendi\u00b7 Mescola, nutri le tue piante con Root\u00b7 Spremere all&#8217;inizio della loro crescita per favorire un forte radicamento. Biobizz raccomanda una dose da 1 a 4 ml di Root\u00b7 Succo per litro d&#8217;acqua. Nutri le tue piante con questo EAN di qualit\u00e0: 8718403231359. <\/p>\n","protected":false},"excerpt":{"rendered":"<p>Realizzato interamente con ingredienti di origine vegetale per orti biologici, Root\u00b7 Il succo combina due straordinarie sostanze naturali: l&#8217;acido umico e le alghe di alta qualit\u00e0. Creato appositamente per favorire la crescita delle radici e stimolare la vita naturale che nutre gli apparati radicali delle tue piante. Radice\u00b7 Il succo funziona fin dall&#8217;inizio per stimolare [&hellip;]<\/p>\n","protected":false},"featured_media":8780,"comment_status":"open","ping_status":"closed","template":"","meta":{"_seopress_robots_primary_cat":"","_seopress_titles_title":"","_seopress_titles_desc":"","_seopress_robots_index":""},"product_brand":[],"product_cat":[572],"product_tag":[],"class_list":{"0":"post-18960","1":"product","2":"type-product","3":"status-publish","4":"has-post-thumbnail","6":"product_cat-biobizz-it","9":"instock","10":"taxable","11":"shipping-taxable","12":"purchasable","13":"product-type-simple","14":"product-grid-view"},"_links":{"self":[{"href":"https:\/\/greenkingdom.ch\/it\/wp-json\/wp\/v2\/product\/18960","targetHints":{"allow":["GET"]}}],"collection":[{"href":"https:\/\/greenkingdom.ch\/it\/wp-json\/wp\/v2\/product"}],"about":[{"href":"https:\/\/greenkingdom.ch\/it\/wp-json\/wp\/v2\/types\/product"}],"replies":[{"embeddable":true,"href":"https:\/\/greenkingdom.ch\/it\/wp-json\/wp\/v2\/comments?post=18960"}],"version-history":[{"count":0,"href":"https:\/\/greenkingdom.ch\/it\/wp-json\/wp\/v2\/product\/18960\/revisions"}],"wp:featuredmedia":[{"embeddable":true,"href":"https:\/\/greenkingdom.ch\/it\/wp-json\/wp\/v2\/media\/8780"}],"wp:attachment":[{"href":"https:\/\/greenkingdom.ch\/it\/wp-json\/wp\/v2\/media?parent=18960"}],"wp:term":[{"taxonomy":"product_brand","embeddable":true,"href":"https:\/\/greenkingdom.ch\/it\/wp-json\/wp\/v2\/product_brand?post=18960"},{"taxonomy":"product_cat","embeddable":true,"href":"https:\/\/greenkingdom.ch\/it\/wp-json\/wp\/v2\/product_cat?post=18960"},{"taxonomy":"product_tag","embeddable":true,"href":"https:\/\/greenkingdom.ch\/it\/wp-json\/wp\/v2\/product_tag?post=18960"}],"curies":[{"name":"wp","href":"https:\/\/api.w.org\/{rel}","templated":true}]}}