{"id":19038,"date":"2024-10-11T16:38:20","date_gmt":"2024-10-11T14:38:20","guid":{"rendered":"https:\/\/greenkingdom.ch\/product\/canna-coco-professional-plus-50l\/"},"modified":"2024-10-11T16:38:20","modified_gmt":"2024-10-11T14:38:20","slug":"canna-coco-professional-plus-50l","status":"publish","type":"product","link":"https:\/\/greenkingdom.ch\/it\/prodotto\/canna-coco-professional-plus-50l\/","title":{"rendered":"Canna Coco Professional Plus 50L"},"content":{"rendered":"<p>CANNA Coco Professional Plus \u00e8 senza dubbio la scelta di cocco pi\u00f9 raffinata, pura e pulita sul mercato. Abbiamo testato a fondo questo substrato e siamo fiduciosi che sia il miglior substrato di cocco disponibile per l&#8217;acquisto. Il suo prezzo pi\u00f9 elevato \u00e8 giustificato dalla sua eccezionale qualit\u00e0, in quanto questo cocco pu\u00f2 essere tranquillamente riutilizzato ripetutamente. Questo prodotto 100% biologico si distingue per la sua struttura fine e omogenea, priva di additivi chimici, virus nocivi o agenti patogeni. La sua origine e purezza di livello mondiale lo rendono un substrato unico. Non sterilizzato, conserva la sua naturale struttura fibrosa spugnosa e funghi benefici come il Tricoderma, che proteggono le piante dalle malattie del suolo. CANNA Coco favorisce un radicamento sano, una crescita vigorosa e pu\u00f2 essere riutilizzato pi\u00f9 volte. Questo substrato offre il meglio di entrambi i mondi combinando i vantaggi della coltivazione del suolo (ricchezza e composizione organica) con la precisione nutritiva della coltivazione della lana di roccia. Il suo complesso sistema aria-acqua lo pone ben oltre gli altri substrati. Progettato appositamente per i coltivatori, \u00e8 certificato RHP e non contiene microrganismi nocivi. Le migliori noci di cocco dell&#8217;India sono state selezionate appositamente per la produzione di CANNA Coco Professional Plus, che viene immerso in acqua pura e privo di minerali. Pertanto, questo substrato \u00e8 al sicuro da impurit\u00e0 ed erbacce, offrendo una soluzione ideale per il futuro della coltivazione. CANNA Coco Professional Plus \u00e8 pronto all&#8217;uso, pre-ammollato e tamponato. Scegli la qualit\u00e0 e la durata con questo eccezionale substrato di cocco.  <\/p>\n","protected":false},"excerpt":{"rendered":"<p>CANNA Coco Professional Plus \u00e8 senza dubbio la scelta di cocco pi\u00f9 raffinata, pura e pulita sul mercato. Abbiamo testato a fondo questo substrato e siamo fiduciosi che sia il miglior substrato di cocco disponibile per l&#8217;acquisto. Il suo prezzo pi\u00f9 elevato \u00e8 giustificato dalla sua eccezionale qualit\u00e0, in quanto questo cocco pu\u00f2 essere tranquillamente [&hellip;]<\/p>\n","protected":false},"featured_media":8921,"comment_status":"open","ping_status":"closed","template":"","meta":{"_seopress_robots_primary_cat":"","_seopress_titles_title":"","_seopress_titles_desc":"","_seopress_robots_index":""},"product_brand":[],"product_cat":[611],"product_tag":[],"class_list":{"0":"post-19038","1":"product","2":"type-product","3":"status-publish","4":"has-post-thumbnail","6":"product_cat-cocco","9":"instock","10":"taxable","11":"shipping-taxable","12":"purchasable","13":"product-type-simple","14":"product-grid-view"},"_links":{"self":[{"href":"https:\/\/greenkingdom.ch\/it\/wp-json\/wp\/v2\/product\/19038","targetHints":{"allow":["GET"]}}],"collection":[{"href":"https:\/\/greenkingdom.ch\/it\/wp-json\/wp\/v2\/product"}],"about":[{"href":"https:\/\/greenkingdom.ch\/it\/wp-json\/wp\/v2\/types\/product"}],"replies":[{"embeddable":true,"href":"https:\/\/greenkingdom.ch\/it\/wp-json\/wp\/v2\/comments?post=19038"}],"version-history":[{"count":0,"href":"https:\/\/greenkingdom.ch\/it\/wp-json\/wp\/v2\/product\/19038\/revisions"}],"wp:featuredmedia":[{"embeddable":true,"href":"https:\/\/greenkingdom.ch\/it\/wp-json\/wp\/v2\/media\/8921"}],"wp:attachment":[{"href":"https:\/\/greenkingdom.ch\/it\/wp-json\/wp\/v2\/media?parent=19038"}],"wp:term":[{"taxonomy":"product_brand","embeddable":true,"href":"https:\/\/greenkingdom.ch\/it\/wp-json\/wp\/v2\/product_brand?post=19038"},{"taxonomy":"product_cat","embeddable":true,"href":"https:\/\/greenkingdom.ch\/it\/wp-json\/wp\/v2\/product_cat?post=19038"},{"taxonomy":"product_tag","embeddable":true,"href":"https:\/\/greenkingdom.ch\/it\/wp-json\/wp\/v2\/product_tag?post=19038"}],"curies":[{"name":"wp","href":"https:\/\/api.w.org\/{rel}","templated":true}]}}