{"id":19041,"date":"2024-10-11T16:38:20","date_gmt":"2024-10-11T14:38:20","guid":{"rendered":"https:\/\/greenkingdom.ch\/product\/biobizz-light-mix-50l\/"},"modified":"2024-10-11T16:38:20","modified_gmt":"2024-10-11T14:38:20","slug":"biobizz-light-mix-50l","status":"publish","type":"product","link":"https:\/\/greenkingdom.ch\/it\/prodotto\/biobizz-light-mix-50l\/","title":{"rendered":"BioBizz Light-mix 50l"},"content":{"rendered":"<p>Cerchi un maggiore controllo sulle tue piante? Luce\u00b7 Mix fornisce la base perfetta per guidare una crescita robusta fin dall&#8217;inizio. Attivando la microattivit\u00e0 essenziale quando l&#8217;acqua penetra nel terreno, questa miscela produce catalizzatori biologici che favoriscono un rapido sviluppo delle radici. Appositamente progettato per un drenaggio ottimale e compatibile con i sistemi di irrigazione automatici, Light\u00b7 Mix \u00e8 adatto a tutti i tipi di piante, anche le pi\u00f9 esigenti. I prodotti Biobizz privilegiano gli elementi biologici naturali per un valore medio di conducibilit\u00e0 elettrica adeguato. Scegli la luce\u00b7 Mescola e dai il meglio alle tue piante!     <\/p>\n","protected":false},"excerpt":{"rendered":"<p>Cerchi un maggiore controllo sulle tue piante? Luce\u00b7 Mix fornisce la base perfetta per guidare una crescita robusta fin dall&#8217;inizio. Attivando la microattivit\u00e0 essenziale quando l&#8217;acqua penetra nel terreno, questa miscela produce catalizzatori biologici che favoriscono un rapido sviluppo delle radici. Appositamente progettato per un drenaggio ottimale e compatibile con i sistemi di irrigazione automatici, [&hellip;]<\/p>\n","protected":false},"featured_media":8912,"comment_status":"open","ping_status":"closed","template":"","meta":{"_seopress_robots_primary_cat":"","_seopress_titles_title":"","_seopress_titles_desc":"","_seopress_robots_index":""},"product_brand":[],"product_cat":[615],"product_tag":[],"class_list":{"0":"post-19041","1":"product","2":"type-product","3":"status-publish","4":"has-post-thumbnail","6":"product_cat-terriccio","9":"instock","10":"taxable","11":"shipping-taxable","12":"purchasable","13":"product-type-simple","14":"product-grid-view"},"_links":{"self":[{"href":"https:\/\/greenkingdom.ch\/it\/wp-json\/wp\/v2\/product\/19041","targetHints":{"allow":["GET"]}}],"collection":[{"href":"https:\/\/greenkingdom.ch\/it\/wp-json\/wp\/v2\/product"}],"about":[{"href":"https:\/\/greenkingdom.ch\/it\/wp-json\/wp\/v2\/types\/product"}],"replies":[{"embeddable":true,"href":"https:\/\/greenkingdom.ch\/it\/wp-json\/wp\/v2\/comments?post=19041"}],"version-history":[{"count":0,"href":"https:\/\/greenkingdom.ch\/it\/wp-json\/wp\/v2\/product\/19041\/revisions"}],"wp:featuredmedia":[{"embeddable":true,"href":"https:\/\/greenkingdom.ch\/it\/wp-json\/wp\/v2\/media\/8912"}],"wp:attachment":[{"href":"https:\/\/greenkingdom.ch\/it\/wp-json\/wp\/v2\/media?parent=19041"}],"wp:term":[{"taxonomy":"product_brand","embeddable":true,"href":"https:\/\/greenkingdom.ch\/it\/wp-json\/wp\/v2\/product_brand?post=19041"},{"taxonomy":"product_cat","embeddable":true,"href":"https:\/\/greenkingdom.ch\/it\/wp-json\/wp\/v2\/product_cat?post=19041"},{"taxonomy":"product_tag","embeddable":true,"href":"https:\/\/greenkingdom.ch\/it\/wp-json\/wp\/v2\/product_tag?post=19041"}],"curies":[{"name":"wp","href":"https:\/\/api.w.org\/{rel}","templated":true}]}}