{"id":19068,"date":"2024-10-11T16:38:22","date_gmt":"2024-10-11T14:38:22","guid":{"rendered":"https:\/\/greenkingdom.ch\/product\/growsystem-aeroponic-0-8\/"},"modified":"2024-10-11T16:38:22","modified_gmt":"2024-10-11T14:38:22","slug":"growsystem-aeroponic-0-8","status":"publish","type":"product","link":"https:\/\/greenkingdom.ch\/it\/prodotto\/growsystem-aeroponic-0-8\/","title":{"rendered":"GrowSYSTEM Aeroponic 0.8"},"content":{"rendered":"<p>Il sistema aeroponico GrowSYSTEM 0.8 porta innovazione a tutti i sistemi di irrigazione aeroponica e idroponica. Sviluppato dall&#8217;azienda Growtool, questo perfetto sistema aeroponico \u00e8 adatto sia per i giardinieri dilettanti che per quelli professionisti. Niente pi\u00f9 danni causati dall&#8217;acqua grazie a una finitura impeccabile e a moduli perfettamente adattati. La distribuzione uniforme e ultrafine dell&#8217;acqua \u00e8 assicurata da ugelli spruzzatori ultrafini, evitando cos\u00ec l&#8217;intasamento grazie a un filtro dell&#8217;acqua integrato. D\u00ec addio al fastidio di coltivare e irrigare il terreno con il GrowSYSTEM Aeroponic 0.8, progettato per ospitare 8 piante. I suoi angoli arrotondati gli permettono di adattarsi perfettamente alle grow box standard da 80 cm x 80 cm, come l&#8217;Homebox Q80 e il Growlab 80. Il sistema include anche GrowDECK e GrowTABLE, che offrono spazio per la coltivazione di piantine. La pompa nel serbatoio alimenta in modo affidabile gli ugelli spruzzatori, mentre il sistema di filtraggio garantisce un&#8217;efficace pulizia della soluzione nutritiva, prevenendo il guasto dell&#8217;ugello. Il GrowRACK in alluminio garantisce la stabilit\u00e0 del sistema. Il prezzo include un serbatoio da 40 litri e altri componenti essenziali per una coltivazione ottimale. Dettagli del prodotto:<br \/>\n&#8211; GrowDECK 0.8 per un massimo di 8 piante con circuito di irrigazione integrato<br \/>\n&#8211; Square GrowTABLE 0.8<br \/>\n&#8211; Set di drenaggio e ingresso per il tavolo di allagamento<br \/>\n&#8211; Modular GrowRACK 0.8 &#8211; 25<br \/>\n&#8211; Sistema di filtraggio a pompa<br \/>\n&#8211; Nutrient GrowPUMP HX-8825<br \/>\n&#8211; Nutriment GrowTANK 40 litri Questo prodotto viene fornito su un pallet piccolo a causa delle sue dimensioni. EAN: 4260358343501 <\/p>\n","protected":false},"excerpt":{"rendered":"<p>Il sistema aeroponico GrowSYSTEM 0.8 porta innovazione a tutti i sistemi di irrigazione aeroponica e idroponica. Sviluppato dall&#8217;azienda Growtool, questo perfetto sistema aeroponico \u00e8 adatto sia per i giardinieri dilettanti che per quelli professionisti. Niente pi\u00f9 danni causati dall&#8217;acqua grazie a una finitura impeccabile e a moduli perfettamente adattati. La distribuzione uniforme e ultrafine dell&#8217;acqua [&hellip;]<\/p>\n","protected":false},"featured_media":8981,"comment_status":"open","ping_status":"closed","template":"","meta":{"_seopress_robots_primary_cat":"","_seopress_titles_title":"","_seopress_titles_desc":"","_seopress_robots_index":""},"product_brand":[],"product_cat":[620],"product_tag":[],"class_list":{"0":"post-19068","1":"product","2":"type-product","3":"status-publish","4":"has-post-thumbnail","6":"product_cat-sistemi-idroponici-e-aeroponici","9":"instock","10":"taxable","11":"shipping-taxable","12":"purchasable","13":"product-type-simple","14":"product-grid-view"},"_links":{"self":[{"href":"https:\/\/greenkingdom.ch\/it\/wp-json\/wp\/v2\/product\/19068","targetHints":{"allow":["GET"]}}],"collection":[{"href":"https:\/\/greenkingdom.ch\/it\/wp-json\/wp\/v2\/product"}],"about":[{"href":"https:\/\/greenkingdom.ch\/it\/wp-json\/wp\/v2\/types\/product"}],"replies":[{"embeddable":true,"href":"https:\/\/greenkingdom.ch\/it\/wp-json\/wp\/v2\/comments?post=19068"}],"version-history":[{"count":0,"href":"https:\/\/greenkingdom.ch\/it\/wp-json\/wp\/v2\/product\/19068\/revisions"}],"wp:featuredmedia":[{"embeddable":true,"href":"https:\/\/greenkingdom.ch\/it\/wp-json\/wp\/v2\/media\/8981"}],"wp:attachment":[{"href":"https:\/\/greenkingdom.ch\/it\/wp-json\/wp\/v2\/media?parent=19068"}],"wp:term":[{"taxonomy":"product_brand","embeddable":true,"href":"https:\/\/greenkingdom.ch\/it\/wp-json\/wp\/v2\/product_brand?post=19068"},{"taxonomy":"product_cat","embeddable":true,"href":"https:\/\/greenkingdom.ch\/it\/wp-json\/wp\/v2\/product_cat?post=19068"},{"taxonomy":"product_tag","embeddable":true,"href":"https:\/\/greenkingdom.ch\/it\/wp-json\/wp\/v2\/product_tag?post=19068"}],"curies":[{"name":"wp","href":"https:\/\/api.w.org\/{rel}","templated":true}]}}