{"id":19086,"date":"2024-10-11T16:38:45","date_gmt":"2024-10-11T14:38:45","guid":{"rendered":"https:\/\/greenkingdom.ch\/product\/bluelab-combometer\/"},"modified":"2024-10-11T16:38:45","modified_gmt":"2024-10-11T14:38:45","slug":"bluelab-combometer","status":"publish","type":"product","link":"https:\/\/greenkingdom.ch\/it\/prodotto\/bluelab-combometer\/","title":{"rendered":"BlueLab Combometer"},"content":{"rendered":"<p>Scopri Bluelab Combo, un dispositivo portatile e versatile che misura conducibilit\u00e0, pH e temperatura, tutto in un unico comodo strumento. Questa innovativa combinazione \u00e8 dotata di due sonde separate per una misurazione accurata: una per la conducibilit\u00e0 (CE) e l&#8217;altra per il pH. Facile da usare, basta immergere le sonde nella soluzione e i valori vengono visualizzati istantaneamente sullo schermo. Compatto e alimentato a batteria, il Bluelab Combo si distingue per la sua facilit\u00e0 d&#8217;uso grazie alla calibrazione automatica con un solo clic. Ottieni una garanzia di 5 anni sul dispositivo e una garanzia di 6 mesi sulla sonda per la massima tranquillit\u00e0. Personalizzabile in base alle proprie esigenze, il display visualizza le unit\u00e0 in \u00b0C o \u00b0F e EC, CF o TDS\/ppm 500 (KCl). Le sue straordinarie caratteristiche tecniche includono un design leggero e portatile, un display ampio e di facile lettura e nessuna calibrazione richiesta per la conducibilit\u00e0 e la temperatura. Approfittate di un intervallo di misurazione esteso per CE, CF, TDS\/ppm 500 (KCl), pH e temperatura in \u00b0C o \u00b0F.  Goditi la facilit\u00e0 d&#8217;uso con la calibrazione del pH con un solo clic e una funzione di spegnimento automatico per risparmiare la durata della batteria. Scegli l&#8217;affidabilit\u00e0 e la precisione di Bluelab Combo per tutte le tue misurazioni, a casa, in laboratorio o nel tuo giardino. Ordina il tuo oggi e sperimenta la tecnologia all&#8217;avanguardia a portata di mano.  <\/p>\n","protected":false},"excerpt":{"rendered":"<p>Scopri Bluelab Combo, un dispositivo portatile e versatile che misura conducibilit\u00e0, pH e temperatura, tutto in un unico comodo strumento. Questa innovativa combinazione \u00e8 dotata di due sonde separate per una misurazione accurata: una per la conducibilit\u00e0 (CE) e l&#8217;altra per il pH. Facile da usare, basta immergere le sonde nella soluzione e i valori [&hellip;]<\/p>\n","protected":false},"featured_media":9011,"comment_status":"open","ping_status":"closed","template":"","meta":{"_seopress_robots_primary_cat":"","_seopress_titles_title":"","_seopress_titles_desc":"","_seopress_robots_index":""},"product_brand":[],"product_cat":[595],"product_tag":[],"class_list":{"0":"post-19086","1":"product","2":"type-product","3":"status-publish","4":"has-post-thumbnail","6":"product_cat-strumenti","9":"instock","10":"taxable","11":"shipping-taxable","12":"purchasable","13":"product-type-simple","14":"product-grid-view"},"_links":{"self":[{"href":"https:\/\/greenkingdom.ch\/it\/wp-json\/wp\/v2\/product\/19086","targetHints":{"allow":["GET"]}}],"collection":[{"href":"https:\/\/greenkingdom.ch\/it\/wp-json\/wp\/v2\/product"}],"about":[{"href":"https:\/\/greenkingdom.ch\/it\/wp-json\/wp\/v2\/types\/product"}],"replies":[{"embeddable":true,"href":"https:\/\/greenkingdom.ch\/it\/wp-json\/wp\/v2\/comments?post=19086"}],"version-history":[{"count":0,"href":"https:\/\/greenkingdom.ch\/it\/wp-json\/wp\/v2\/product\/19086\/revisions"}],"wp:featuredmedia":[{"embeddable":true,"href":"https:\/\/greenkingdom.ch\/it\/wp-json\/wp\/v2\/media\/9011"}],"wp:attachment":[{"href":"https:\/\/greenkingdom.ch\/it\/wp-json\/wp\/v2\/media?parent=19086"}],"wp:term":[{"taxonomy":"product_brand","embeddable":true,"href":"https:\/\/greenkingdom.ch\/it\/wp-json\/wp\/v2\/product_brand?post=19086"},{"taxonomy":"product_cat","embeddable":true,"href":"https:\/\/greenkingdom.ch\/it\/wp-json\/wp\/v2\/product_cat?post=19086"},{"taxonomy":"product_tag","embeddable":true,"href":"https:\/\/greenkingdom.ch\/it\/wp-json\/wp\/v2\/product_tag?post=19086"}],"curies":[{"name":"wp","href":"https:\/\/api.w.org\/{rel}","templated":true}]}}