{"id":19094,"date":"2024-10-11T16:38:46","date_gmt":"2024-10-11T14:38:46","guid":{"rendered":"https:\/\/greenkingdom.ch\/product\/biobizz-ph-meno-1l\/"},"modified":"2024-10-11T16:38:46","modified_gmt":"2024-10-11T14:38:46","slug":"biobizz-ph-meno-1l","status":"publish","type":"product","link":"https:\/\/greenkingdom.ch\/it\/prodotto\/biobizz-ph-meno-1l\/","title":{"rendered":"BioBizz PH Meno 1L"},"content":{"rendered":"<p>Scopri Bio-pH- di BioBizz, una nuova aggiunta rivoluzionaria appositamente progettata per l&#8217;agricoltura biologica. Questa soluzione acquosa di acido citrico naturale estratto da agrumi come i limoni aiuta a regolare il pH dei substrati e delle colture senza disturbare l&#8217;equilibrio naturale del suolo. Compatibile con i nutrienti Biobizz, Bio-pH- facilita l&#8217;assorbimento dei nutrienti da parte delle piante. Il suo utilizzo durante la crescita e la fioritura \u00e8 ideale e pu\u00f2 essere integrato in qualsiasi sistema di irrigazione. Utilizzato per regolare il pH dei preparati nutritivi, Bio-pH- \u00e8 uno strumento essenziale per garantire un pH ottimale tra 6,2 e 6,5. Offrendo un approccio completamente biologico, rispetta la micro-vita del substrato, consentendo una coltivazione naturale dal seme al raccolto. Codice EAN: 8718403233001 <\/p>\n","protected":false},"excerpt":{"rendered":"<p>Scopri Bio-pH- di BioBizz, una nuova aggiunta rivoluzionaria appositamente progettata per l&#8217;agricoltura biologica. Questa soluzione acquosa di acido citrico naturale estratto da agrumi come i limoni aiuta a regolare il pH dei substrati e delle colture senza disturbare l&#8217;equilibrio naturale del suolo. Compatibile con i nutrienti Biobizz, Bio-pH- facilita l&#8217;assorbimento dei nutrienti da parte delle [&hellip;]<\/p>\n","protected":false},"featured_media":9026,"comment_status":"open","ping_status":"closed","template":"","meta":{"_seopress_robots_primary_cat":"","_seopress_titles_title":"","_seopress_titles_desc":"","_seopress_robots_index":""},"product_brand":[],"product_cat":[587],"product_tag":[],"class_list":{"0":"post-19094","1":"product","2":"type-product","3":"status-publish","4":"has-post-thumbnail","6":"product_cat-acidi-e-basi","9":"instock","10":"taxable","11":"shipping-taxable","12":"purchasable","13":"product-type-simple","14":"product-grid-view"},"_links":{"self":[{"href":"https:\/\/greenkingdom.ch\/it\/wp-json\/wp\/v2\/product\/19094","targetHints":{"allow":["GET"]}}],"collection":[{"href":"https:\/\/greenkingdom.ch\/it\/wp-json\/wp\/v2\/product"}],"about":[{"href":"https:\/\/greenkingdom.ch\/it\/wp-json\/wp\/v2\/types\/product"}],"replies":[{"embeddable":true,"href":"https:\/\/greenkingdom.ch\/it\/wp-json\/wp\/v2\/comments?post=19094"}],"version-history":[{"count":0,"href":"https:\/\/greenkingdom.ch\/it\/wp-json\/wp\/v2\/product\/19094\/revisions"}],"wp:featuredmedia":[{"embeddable":true,"href":"https:\/\/greenkingdom.ch\/it\/wp-json\/wp\/v2\/media\/9026"}],"wp:attachment":[{"href":"https:\/\/greenkingdom.ch\/it\/wp-json\/wp\/v2\/media?parent=19094"}],"wp:term":[{"taxonomy":"product_brand","embeddable":true,"href":"https:\/\/greenkingdom.ch\/it\/wp-json\/wp\/v2\/product_brand?post=19094"},{"taxonomy":"product_cat","embeddable":true,"href":"https:\/\/greenkingdom.ch\/it\/wp-json\/wp\/v2\/product_cat?post=19094"},{"taxonomy":"product_tag","embeddable":true,"href":"https:\/\/greenkingdom.ch\/it\/wp-json\/wp\/v2\/product_tag?post=19094"}],"curies":[{"name":"wp","href":"https:\/\/api.w.org\/{rel}","templated":true}]}}