{"id":19110,"date":"2024-10-11T16:38:47","date_gmt":"2024-10-11T14:38:47","guid":{"rendered":"https:\/\/greenkingdom.ch\/product\/growcontrol-fanbase-ec\/"},"modified":"2024-10-11T16:38:47","modified_gmt":"2024-10-11T14:38:47","slug":"growcontrol-fanbase-ec","status":"publish","type":"product","link":"https:\/\/greenkingdom.ch\/it\/prodotto\/growcontrol-fanbase-ec\/","title":{"rendered":"GrowControl Fanbase EC+"},"content":{"rendered":"<p>FANBASE EC+ mantiene la temperatura ambiente a tuo piacimento, impedendo la fuoriuscita di odori con una pressione negativa costante. Inoltre, riduce l&#8217;umidit\u00e0 dell&#8217;aria estratta. Questo controller \u00e8 progettato specificamente per i ventilatori EC e la sua precisione di controllo della pressione negativa \u00e8 assicurata dal sensore di pressione negativa PresSense. Le impostazioni intuitive e gli algoritmi di controllo avanzati offrono le condizioni ideali per le vostre piante. \u00c8 possibile regolare la pressione negativa, la temperatura e l&#8217;umidit\u00e0, anche in modo diverso per il giorno e la notte. Dotato di un&#8217;interfaccia USB per gli aggiornamenti, questo controller offre un&#8217;esperienza di controllo comoda e strutturata. Il kit include il controller FanBase EC+, un sensore di umidit\u00e0 e temperatura, un disco di montaggio, un cavo di alimentazione USB e le viti e i tasselli necessari per il montaggio. Si prega di notare che l&#8217;alimentatore non \u00e8 incluso. Scopri tutti i dettagli nella sezione &#8220;Dettagli prodotto&#8221;. Dai alle tue piante l&#8217;ambiente perfetto con FanBase EC+!  <\/p>\n","protected":false},"excerpt":{"rendered":"<p>FANBASE EC+ mantiene la temperatura ambiente a tuo piacimento, impedendo la fuoriuscita di odori con una pressione negativa costante. Inoltre, riduce l&#8217;umidit\u00e0 dell&#8217;aria estratta. Questo controller \u00e8 progettato specificamente per i ventilatori EC e la sua precisione di controllo della pressione negativa \u00e8 assicurata dal sensore di pressione negativa PresSense. Le impostazioni intuitive e gli [&hellip;]<\/p>\n","protected":false},"featured_media":9047,"comment_status":"open","ping_status":"closed","template":"","meta":{"_seopress_robots_primary_cat":"","_seopress_titles_title":"","_seopress_titles_desc":"","_seopress_robots_index":""},"product_brand":[],"product_cat":[592],"product_tag":[],"class_list":{"0":"post-19110","1":"product","2":"type-product","3":"status-publish","4":"has-post-thumbnail","6":"product_cat-clima","9":"instock","10":"taxable","11":"shipping-taxable","12":"purchasable","13":"product-type-simple","14":"product-grid-view"},"_links":{"self":[{"href":"https:\/\/greenkingdom.ch\/it\/wp-json\/wp\/v2\/product\/19110","targetHints":{"allow":["GET"]}}],"collection":[{"href":"https:\/\/greenkingdom.ch\/it\/wp-json\/wp\/v2\/product"}],"about":[{"href":"https:\/\/greenkingdom.ch\/it\/wp-json\/wp\/v2\/types\/product"}],"replies":[{"embeddable":true,"href":"https:\/\/greenkingdom.ch\/it\/wp-json\/wp\/v2\/comments?post=19110"}],"version-history":[{"count":0,"href":"https:\/\/greenkingdom.ch\/it\/wp-json\/wp\/v2\/product\/19110\/revisions"}],"wp:featuredmedia":[{"embeddable":true,"href":"https:\/\/greenkingdom.ch\/it\/wp-json\/wp\/v2\/media\/9047"}],"wp:attachment":[{"href":"https:\/\/greenkingdom.ch\/it\/wp-json\/wp\/v2\/media?parent=19110"}],"wp:term":[{"taxonomy":"product_brand","embeddable":true,"href":"https:\/\/greenkingdom.ch\/it\/wp-json\/wp\/v2\/product_brand?post=19110"},{"taxonomy":"product_cat","embeddable":true,"href":"https:\/\/greenkingdom.ch\/it\/wp-json\/wp\/v2\/product_cat?post=19110"},{"taxonomy":"product_tag","embeddable":true,"href":"https:\/\/greenkingdom.ch\/it\/wp-json\/wp\/v2\/product_tag?post=19110"}],"curies":[{"name":"wp","href":"https:\/\/api.w.org\/{rel}","templated":true}]}}