{"id":19126,"date":"2024-10-11T16:38:48","date_gmt":"2024-10-11T14:38:48","guid":{"rendered":"https:\/\/greenkingdom.ch\/product\/andermatt-biogarten-neemazal-t-s-3-porte-10ml\/"},"modified":"2024-10-11T16:38:48","modified_gmt":"2024-10-11T14:38:48","slug":"andermatt-biogarten-neemazal-t-s-3-porte-10ml","status":"publish","type":"product","link":"https:\/\/greenkingdom.ch\/it\/prodotto\/andermatt-biogarten-neemazal-t-s-3-porte-10ml\/","title":{"rendered":"Andermatt Biogarten NeemAzal-T\u00ae\/S 3 Porte 10ml"},"content":{"rendered":"<p>Scopri NeemAzal-T\u00ae\/S di Andermatt Biogarten, un eccezionale insetticida biologico per un efficace controllo dei parassiti nel tuo giardino. NeemAzal-T\u00ae\/S \u00e8 un potente insetticida biologico, che offre una soluzione ecologica per sradicare un&#8217;ampia variet\u00e0 di parassiti senza danneggiare gli insetti utili. Ideale per coloro che danno priorit\u00e0 alla protezione ecologica delle loro piante, NeemAzal-T\u00ae\/S contiene un estratto naturale di semi di albero di neem tropicale. Il suo principio attivo penetra nelle foglie ed elimina efficacemente parassiti come afidi, acari, tripidi e molti altri. Questo versatile insetticida \u00e8 adatto per frutta, bacche, verdura, erbe aromatiche e piante ornamentali, sia all&#8217;interno che all&#8217;esterno. Ecologico e amico degli insetti, NeemAzal-T\u00ae\/S \u00e8 una scelta sicura per un efficace controllo biologico. Facile da usare e compatibile con molti ausiliari, NeemAzal-T\u00ae\/S \u00e8 il tuo alleato per un giardino sano e preservato. Opta per una soluzione responsabile ed efficace contro i parassiti. Assicurarsi di seguire le istruzioni di sicurezza e di utilizzo per un uso ottimale di NeemAzal-T\u00ae\/S.<\/p>\n","protected":false},"excerpt":{"rendered":"<p>Scopri NeemAzal-T\u00ae\/S di Andermatt Biogarten, un eccezionale insetticida biologico per un efficace controllo dei parassiti nel tuo giardino. NeemAzal-T\u00ae\/S \u00e8 un potente insetticida biologico, che offre una soluzione ecologica per sradicare un&#8217;ampia variet\u00e0 di parassiti senza danneggiare gli insetti utili. Ideale per coloro che danno priorit\u00e0 alla protezione ecologica delle loro piante, NeemAzal-T\u00ae\/S contiene un [&hellip;]<\/p>\n","protected":false},"featured_media":9089,"comment_status":"open","ping_status":"closed","template":"","meta":{"_seopress_robots_primary_cat":"","_seopress_titles_title":"","_seopress_titles_desc":"","_seopress_robots_index":""},"product_brand":[],"product_cat":[605],"product_tag":[],"class_list":{"0":"post-19126","1":"product","2":"type-product","3":"status-publish","4":"has-post-thumbnail","6":"product_cat-clima-it","9":"instock","10":"taxable","11":"shipping-taxable","12":"purchasable","13":"product-type-simple","14":"product-grid-view"},"_links":{"self":[{"href":"https:\/\/greenkingdom.ch\/it\/wp-json\/wp\/v2\/product\/19126","targetHints":{"allow":["GET"]}}],"collection":[{"href":"https:\/\/greenkingdom.ch\/it\/wp-json\/wp\/v2\/product"}],"about":[{"href":"https:\/\/greenkingdom.ch\/it\/wp-json\/wp\/v2\/types\/product"}],"replies":[{"embeddable":true,"href":"https:\/\/greenkingdom.ch\/it\/wp-json\/wp\/v2\/comments?post=19126"}],"version-history":[{"count":0,"href":"https:\/\/greenkingdom.ch\/it\/wp-json\/wp\/v2\/product\/19126\/revisions"}],"wp:featuredmedia":[{"embeddable":true,"href":"https:\/\/greenkingdom.ch\/it\/wp-json\/wp\/v2\/media\/9089"}],"wp:attachment":[{"href":"https:\/\/greenkingdom.ch\/it\/wp-json\/wp\/v2\/media?parent=19126"}],"wp:term":[{"taxonomy":"product_brand","embeddable":true,"href":"https:\/\/greenkingdom.ch\/it\/wp-json\/wp\/v2\/product_brand?post=19126"},{"taxonomy":"product_cat","embeddable":true,"href":"https:\/\/greenkingdom.ch\/it\/wp-json\/wp\/v2\/product_cat?post=19126"},{"taxonomy":"product_tag","embeddable":true,"href":"https:\/\/greenkingdom.ch\/it\/wp-json\/wp\/v2\/product_tag?post=19126"}],"curies":[{"name":"wp","href":"https:\/\/api.w.org\/{rel}","templated":true}]}}