{"id":19137,"date":"2024-10-11T16:38:48","date_gmt":"2024-10-11T14:38:48","guid":{"rendered":"https:\/\/greenkingdom.ch\/product\/andermatt-biogarten-neemazal-t-s-100ml\/"},"modified":"2024-10-11T16:38:48","modified_gmt":"2024-10-11T14:38:48","slug":"andermatt-biogarten-neemazal-t-s-100ml","status":"publish","type":"product","link":"https:\/\/greenkingdom.ch\/it\/prodotto\/andermatt-biogarten-neemazal-t-s-100ml\/","title":{"rendered":"Andermatt Biogarten NeemAzal-T\u00ae\/S 100ml"},"content":{"rendered":"<p>Scopri NeemAzal-T\u00ae\/S di Andermatt Biogarten &#8211; il tuo alleato biologico contro i parassiti! NeemAzal-T\u00ae\/S \u00e8 un notevole insetticida biologico che offre una soluzione naturale e preserva gli insetti benefici. Una scelta ideale per chi cerca una protezione ecologica ed efficace per le proprie piante. Il suo principio attivo naturale, derivato dai semi di neem tropicale, agisce in modo rapido ed efficace inattivando i parassiti. Questo prodotto versatile offre un&#8217;ampia gamma di applicazioni, ideale per frutta e verdura, erbe aromatiche e piante ornamentali da interno ed esterno. Rispettoso dell&#8217;ambiente e degli insetti utili, NeemAzal-T\u00ae\/S \u00e8 delicato ed efficace. Facile da usare, pu\u00f2 essere combinato con altri ausiliari per un controllo biologico senza preoccupazioni. NeemAzal-T\u00ae\/S \u00e8 molto pi\u00f9 di un semplice insetticida, \u00e8 una scelta responsabile per tutti i giardinieri che hanno a cuore l&#8217;ambiente e un efficace controllo dei parassiti. Articolo EAN: 7640116934023<\/p>\n","protected":false},"excerpt":{"rendered":"<p>Scopri NeemAzal-T\u00ae\/S di Andermatt Biogarten &#8211; il tuo alleato biologico contro i parassiti! NeemAzal-T\u00ae\/S \u00e8 un notevole insetticida biologico che offre una soluzione naturale e preserva gli insetti benefici. Una scelta ideale per chi cerca una protezione ecologica ed efficace per le proprie piante. Il suo principio attivo naturale, derivato dai semi di neem tropicale, [&hellip;]<\/p>\n","protected":false},"featured_media":9101,"comment_status":"open","ping_status":"closed","template":"","meta":{"_seopress_robots_primary_cat":"","_seopress_titles_title":"","_seopress_titles_desc":"","_seopress_robots_index":""},"product_brand":[],"product_cat":[605],"product_tag":[],"class_list":{"0":"post-19137","1":"product","2":"type-product","3":"status-publish","4":"has-post-thumbnail","6":"product_cat-clima-it","9":"instock","10":"taxable","11":"shipping-taxable","12":"purchasable","13":"product-type-simple","14":"product-grid-view"},"_links":{"self":[{"href":"https:\/\/greenkingdom.ch\/it\/wp-json\/wp\/v2\/product\/19137","targetHints":{"allow":["GET"]}}],"collection":[{"href":"https:\/\/greenkingdom.ch\/it\/wp-json\/wp\/v2\/product"}],"about":[{"href":"https:\/\/greenkingdom.ch\/it\/wp-json\/wp\/v2\/types\/product"}],"replies":[{"embeddable":true,"href":"https:\/\/greenkingdom.ch\/it\/wp-json\/wp\/v2\/comments?post=19137"}],"version-history":[{"count":0,"href":"https:\/\/greenkingdom.ch\/it\/wp-json\/wp\/v2\/product\/19137\/revisions"}],"wp:featuredmedia":[{"embeddable":true,"href":"https:\/\/greenkingdom.ch\/it\/wp-json\/wp\/v2\/media\/9101"}],"wp:attachment":[{"href":"https:\/\/greenkingdom.ch\/it\/wp-json\/wp\/v2\/media?parent=19137"}],"wp:term":[{"taxonomy":"product_brand","embeddable":true,"href":"https:\/\/greenkingdom.ch\/it\/wp-json\/wp\/v2\/product_brand?post=19137"},{"taxonomy":"product_cat","embeddable":true,"href":"https:\/\/greenkingdom.ch\/it\/wp-json\/wp\/v2\/product_cat?post=19137"},{"taxonomy":"product_tag","embeddable":true,"href":"https:\/\/greenkingdom.ch\/it\/wp-json\/wp\/v2\/product_tag?post=19137"}],"curies":[{"name":"wp","href":"https:\/\/api.w.org\/{rel}","templated":true}]}}