{"id":19192,"date":"2024-10-11T16:39:14","date_gmt":"2024-10-11T14:39:14","guid":{"rendered":"https:\/\/greenkingdom.ch\/product\/elements-artesano-slim-papers-box\/"},"modified":"2024-10-11T16:39:14","modified_gmt":"2024-10-11T14:39:14","slug":"elements-artesano-slim-papers-box","status":"publish","type":"product","link":"https:\/\/greenkingdom.ch\/it\/prodotto\/elements-artesano-slim-papers-box\/","title":{"rendered":"Elements Artesano Slim Papers-Box"},"content":{"rendered":"<p>Scopri gli Artesano Elements, pensati per gli amanti del brivido! Questa pratica confezione contiene tutto ci\u00f2 di cui hai bisogno: carta e filtri di qualit\u00e0, oltre a un vassoio sbriciolatoio. Grazie alla sua chiusura magnetica, nulla si sporcher\u00e0 o si stropiccier\u00e0. Questi elementi sono realizzati in pura carta di riso, senza sostanze chimiche o canapa, fornendo una combustione quasi priva di residui. Una sottile striscia di gomma naturale assicura un incollaggio perfetto. Riscopri il piacere di fumare con queste cartine di qualit\u00e0 incomparabile! EAN: 716165178927.      <\/p>\n","protected":false},"excerpt":{"rendered":"<p>Scopri gli Artesano Elements, pensati per gli amanti del brivido! Questa pratica confezione contiene tutto ci\u00f2 di cui hai bisogno: carta e filtri di qualit\u00e0, oltre a un vassoio sbriciolatoio. Grazie alla sua chiusura magnetica, nulla si sporcher\u00e0 o si stropiccier\u00e0. Questi elementi sono realizzati in pura carta di riso, senza sostanze chimiche o canapa, [&hellip;]<\/p>\n","protected":false},"featured_media":9200,"comment_status":"open","ping_status":"closed","template":"","meta":{"_seopress_robots_primary_cat":"","_seopress_titles_title":"","_seopress_titles_desc":"","_seopress_robots_index":""},"product_brand":[],"product_cat":[656],"product_tag":[],"class_list":{"0":"post-19192","1":"product","2":"type-product","3":"status-publish","4":"has-post-thumbnail","6":"product_cat-cartine-per-sigarette","9":"instock","10":"taxable","11":"shipping-taxable","12":"purchasable","13":"product-type-simple","14":"product-grid-view"},"_links":{"self":[{"href":"https:\/\/greenkingdom.ch\/it\/wp-json\/wp\/v2\/product\/19192","targetHints":{"allow":["GET"]}}],"collection":[{"href":"https:\/\/greenkingdom.ch\/it\/wp-json\/wp\/v2\/product"}],"about":[{"href":"https:\/\/greenkingdom.ch\/it\/wp-json\/wp\/v2\/types\/product"}],"replies":[{"embeddable":true,"href":"https:\/\/greenkingdom.ch\/it\/wp-json\/wp\/v2\/comments?post=19192"}],"version-history":[{"count":0,"href":"https:\/\/greenkingdom.ch\/it\/wp-json\/wp\/v2\/product\/19192\/revisions"}],"wp:featuredmedia":[{"embeddable":true,"href":"https:\/\/greenkingdom.ch\/it\/wp-json\/wp\/v2\/media\/9200"}],"wp:attachment":[{"href":"https:\/\/greenkingdom.ch\/it\/wp-json\/wp\/v2\/media?parent=19192"}],"wp:term":[{"taxonomy":"product_brand","embeddable":true,"href":"https:\/\/greenkingdom.ch\/it\/wp-json\/wp\/v2\/product_brand?post=19192"},{"taxonomy":"product_cat","embeddable":true,"href":"https:\/\/greenkingdom.ch\/it\/wp-json\/wp\/v2\/product_cat?post=19192"},{"taxonomy":"product_tag","embeddable":true,"href":"https:\/\/greenkingdom.ch\/it\/wp-json\/wp\/v2\/product_tag?post=19192"}],"curies":[{"name":"wp","href":"https:\/\/api.w.org\/{rel}","templated":true}]}}