{"id":19214,"date":"2024-10-11T16:39:15","date_gmt":"2024-10-11T14:39:15","guid":{"rendered":"https:\/\/greenkingdom.ch\/product\/ocb-canapa-biologica-bio-scatola-corta\/"},"modified":"2024-10-11T16:39:15","modified_gmt":"2024-10-11T14:39:15","slug":"ocb-canapa-biologica-bio-scatola-corta","status":"publish","type":"product","link":"https:\/\/greenkingdom.ch\/it\/prodotto\/ocb-canapa-biologica-bio-scatola-corta\/","title":{"rendered":"OCB Canapa Biologica Bio Scatola Corta"},"content":{"rendered":"<p>Scopri la carta di canapa biologica OCB! Realizzata in pura canapa biologica non sbiancata, questa carta \u00e8 naturale al 100%. La gomma \u00e8 anche naturale al 100%, a base di gomma arabica. Il packaging \u00e8 riciclato e stampato con inchiostro vegetale naturale. Approfitta degli ottimi prezzi nella scatola da 50 pezzi. EAN: 3057067274506.     <\/p>\n","protected":false},"excerpt":{"rendered":"<p>Scopri la carta di canapa biologica OCB! Realizzata in pura canapa biologica non sbiancata, questa carta \u00e8 naturale al 100%. La gomma \u00e8 anche naturale al 100%, a base di gomma arabica. Il packaging \u00e8 riciclato e stampato con inchiostro vegetale naturale. Approfitta degli ottimi prezzi nella scatola da 50 pezzi. EAN: 3057067274506.<\/p>\n","protected":false},"featured_media":9230,"comment_status":"open","ping_status":"closed","template":"","meta":{"_seopress_robots_primary_cat":"","_seopress_titles_title":"","_seopress_titles_desc":"","_seopress_robots_index":""},"product_brand":[],"product_cat":[656],"product_tag":[],"class_list":{"0":"post-19214","1":"product","2":"type-product","3":"status-publish","4":"has-post-thumbnail","6":"product_cat-cartine-per-sigarette","9":"instock","10":"taxable","11":"shipping-taxable","12":"purchasable","13":"product-type-simple","14":"product-grid-view"},"_links":{"self":[{"href":"https:\/\/greenkingdom.ch\/it\/wp-json\/wp\/v2\/product\/19214","targetHints":{"allow":["GET"]}}],"collection":[{"href":"https:\/\/greenkingdom.ch\/it\/wp-json\/wp\/v2\/product"}],"about":[{"href":"https:\/\/greenkingdom.ch\/it\/wp-json\/wp\/v2\/types\/product"}],"replies":[{"embeddable":true,"href":"https:\/\/greenkingdom.ch\/it\/wp-json\/wp\/v2\/comments?post=19214"}],"version-history":[{"count":0,"href":"https:\/\/greenkingdom.ch\/it\/wp-json\/wp\/v2\/product\/19214\/revisions"}],"wp:featuredmedia":[{"embeddable":true,"href":"https:\/\/greenkingdom.ch\/it\/wp-json\/wp\/v2\/media\/9230"}],"wp:attachment":[{"href":"https:\/\/greenkingdom.ch\/it\/wp-json\/wp\/v2\/media?parent=19214"}],"wp:term":[{"taxonomy":"product_brand","embeddable":true,"href":"https:\/\/greenkingdom.ch\/it\/wp-json\/wp\/v2\/product_brand?post=19214"},{"taxonomy":"product_cat","embeddable":true,"href":"https:\/\/greenkingdom.ch\/it\/wp-json\/wp\/v2\/product_cat?post=19214"},{"taxonomy":"product_tag","embeddable":true,"href":"https:\/\/greenkingdom.ch\/it\/wp-json\/wp\/v2\/product_tag?post=19214"}],"curies":[{"name":"wp","href":"https:\/\/api.w.org\/{rel}","templated":true}]}}