{"id":19297,"date":"2024-10-11T16:36:33","date_gmt":"2024-10-11T14:36:33","guid":{"rendered":"https:\/\/greenkingdom.ch\/product\/passione-olandese-cbd-mazar-10pz\/"},"modified":"2024-10-11T16:36:33","modified_gmt":"2024-10-11T14:36:33","slug":"passione-olandese-cbd-mazar-10pz","status":"publish","type":"product","link":"https:\/\/greenkingdom.ch\/it\/prodotto\/passione-olandese-cbd-mazar-10pz\/","title":{"rendered":"Passione olandese CBD Mazar 10pz"},"content":{"rendered":"<div class=\"value\">\n<h2>Genetica CBD Mazar di Dutch Passion<\/h2>\n<p>La crescente domanda di variet\u00e0 CBD di alta qualit\u00e0 con basso contenuto di THC (&lt;1%) \u00e8 in costante aumento. Dutch Passion \u00e8 leader del settore con la sua iconica variet\u00e0 CBD Charlotte&#8217;s Angel, e ora sta aggiungendo un nuovo arrivato alla sua gamma di semi di canapa ricchi di CBD e a basso contenuto di THC. <\/p>\n<p>La CBD Mazar \u00e8 nata dall&#8217;incontro tra la CBD Charlotte&#8217;s Angel, una variet\u00e0 a predominanza sativa, e la Mazar, una variet\u00e0 indica classica e stabile della Dutch Passion.<\/p>\n<p>Con un livello di CBD leggermente inferiore rispetto al suo predecessore, la CBD Mazar vanta una concentrazione di CBD di circa il 10-13%, pur mantenendo il suo livello di THC al di sotto dell&#8217;1% (0,4-0,5% in media).<\/p>\n<p>Grazie al suo background genetico indica, la CBD Mazar \u00e8 pronta per essere raccolta in sole 8 settimane, una settimana prima della CBD Charlotte&#8217;s Angel, con un ciclo outdoor che termina alla fine di settembre.<\/p>\n<p>Vantando una produzione abbondante, la CBD Mazar offre cime dense e resinose, che emanano aromi terrosi, caldi e speziati. Ideale per l&#8217;estrazione e la produzione di oli grazie alla sua ricchezza di resina. <\/p>\n<h3>Caratteristiche:<\/h3>\n<ul>\n<li>Tempo di fioritura: 8 settimane<\/li>\n<li>Variet\u00e0: Indica<\/li>\n<li>CBD: Ricco di CBD 10% &#8211; 13%<\/li>\n<li>THC: Basso<\/li>\n<\/ul>\n<p><strong>Prodotti a base di semi di CBD esclusivamente per uso personale o per scopi commerciali non agricoli (compresa la coltivazione indoor, esclusa l&#8217;esposizione alla luce naturale, e fuori dalle fattorie o dalle aziende orticole).<\/strong><\/p>\n<p><strong>Si prega di controllare la &#8220;Scheda tecnica della canapa&#8221; dell&#8217;UFAG prima dell&#8217;acquisto. Vorremmo attirare la vostra attenzione sul fatto che alcune regioni richiedono una dichiarazione per la coltivazione della canapa. <\/strong><\/p>\n<p><strong>Acquistando semi di CBD, il cliente conferma: di avere almeno 18 anni di et\u00e0; Aver letto le suddette condizioni d&#8217;uso, rispettarle e rispettare le altre disposizioni legali e amministrative in vigore.<\/strong><\/p>\n<\/div>\n<div class=\"product attribute ean\"><strong class=\"type\">EAN<\/strong> <span class=\"value ean\">8720598991772<\/span><\/div>\n","protected":false},"excerpt":{"rendered":"<p>Genetica CBD Mazar di Dutch Passion La crescente domanda di variet\u00e0 CBD di alta qualit\u00e0 con basso contenuto di THC (&lt;1%) \u00e8 in costante aumento. Dutch Passion \u00e8 leader del settore con la sua iconica variet\u00e0 CBD Charlotte&#8217;s Angel, e ora sta aggiungendo un nuovo arrivato alla sua gamma di semi di canapa ricchi di [&hellip;]<\/p>\n","protected":false},"featured_media":8105,"comment_status":"open","ping_status":"closed","template":"","meta":{"_seopress_robots_primary_cat":"","_seopress_titles_title":"","_seopress_titles_desc":"","_seopress_robots_index":""},"product_brand":[],"product_cat":[542],"product_tag":[],"class_list":{"0":"post-19297","1":"product","2":"type-product","3":"status-publish","4":"has-post-thumbnail","6":"product_cat-semi","9":"instock","10":"taxable","11":"shipping-taxable","12":"purchasable","13":"product-type-simple","14":"product-grid-view"},"_links":{"self":[{"href":"https:\/\/greenkingdom.ch\/it\/wp-json\/wp\/v2\/product\/19297","targetHints":{"allow":["GET"]}}],"collection":[{"href":"https:\/\/greenkingdom.ch\/it\/wp-json\/wp\/v2\/product"}],"about":[{"href":"https:\/\/greenkingdom.ch\/it\/wp-json\/wp\/v2\/types\/product"}],"replies":[{"embeddable":true,"href":"https:\/\/greenkingdom.ch\/it\/wp-json\/wp\/v2\/comments?post=19297"}],"version-history":[{"count":0,"href":"https:\/\/greenkingdom.ch\/it\/wp-json\/wp\/v2\/product\/19297\/revisions"}],"wp:featuredmedia":[{"embeddable":true,"href":"https:\/\/greenkingdom.ch\/it\/wp-json\/wp\/v2\/media\/8105"}],"wp:attachment":[{"href":"https:\/\/greenkingdom.ch\/it\/wp-json\/wp\/v2\/media?parent=19297"}],"wp:term":[{"taxonomy":"product_brand","embeddable":true,"href":"https:\/\/greenkingdom.ch\/it\/wp-json\/wp\/v2\/product_brand?post=19297"},{"taxonomy":"product_cat","embeddable":true,"href":"https:\/\/greenkingdom.ch\/it\/wp-json\/wp\/v2\/product_cat?post=19297"},{"taxonomy":"product_tag","embeddable":true,"href":"https:\/\/greenkingdom.ch\/it\/wp-json\/wp\/v2\/product_tag?post=19297"}],"curies":[{"name":"wp","href":"https:\/\/api.w.org\/{rel}","templated":true}]}}