{"id":19332,"date":"2024-10-11T16:36:35","date_gmt":"2024-10-11T14:36:35","guid":{"rendered":"https:\/\/greenkingdom.ch\/product\/fenocan-fenojoy-cbd-samen-3stk\/"},"modified":"2024-10-11T16:36:35","modified_gmt":"2024-10-11T14:36:35","slug":"fenocan-fenojoy-cbd-samen-3stk","status":"publish","type":"product","link":"https:\/\/greenkingdom.ch\/it\/prodotto\/fenocan-fenojoy-cbd-samen-3stk\/","title":{"rendered":"Fenocan Fenojoy CBD Samen 3Stk"},"content":{"rendered":"<div class=\"value\">\n<h3>Fenocan Fenojoy<\/h3>\n<p>Vi presentiamo FENOJOY, una variet\u00e0 che \u00e8 il risultato dell&#8217;incrocio di un fenotipo AC\/DC scelto con l&#8217;ibrido FENOCAN FENOMED. FENOJOY produce fiori bianchi, resinosi, lunghi e densi con un profilo terpenico legnoso e pungente. Questa variet\u00e0 \u00e8 ideale sia per la coltivazione indoor che outdoor, offrendo abbondanti rese in qualit\u00e0 e quantit\u00e0.  <\/p>\n<ul>\n<li>Genetica: Fenojoy<\/li>\n<li>Metodo di coltivazione: indoor\/outdoor<\/li>\n<li>Periodo di raccolta outdoor: inizio\/met\u00e0 settembre<\/li>\n<li>Fioritura indoor: circa 60 giorni<\/li>\n<li>Produzione outdoor: &lt;320gr\/pianta<\/li>\n<li>Produzione indoor: &lt;35gr\/pianta<\/li>\n<li>Contenuto di THC: &lt;0,55%<\/li>\n<li>Contenuto di CBD: &lt;13%<\/li>\n<\/ul>\n<p>Verifica con il BLW &#8220;Merkblatt Hanf&#8221; prima di acquistare. Si noti che la coltivazione della canapa pu\u00f2 richiedere la registrazione in alcuni cantoni. <\/p>\n<\/div>\n<div class=\"product attribute ean\"><strong class=\"type\">EAN<\/strong> <span class=\"value ean\">7640176786686<\/span><\/div>\n","protected":false},"excerpt":{"rendered":"<p>Fenocan Fenojoy Vi presentiamo FENOJOY, una variet\u00e0 che \u00e8 il risultato dell&#8217;incrocio di un fenotipo AC\/DC scelto con l&#8217;ibrido FENOCAN FENOMED. FENOJOY produce fiori bianchi, resinosi, lunghi e densi con un profilo terpenico legnoso e pungente. Questa variet\u00e0 \u00e8 ideale sia per la coltivazione indoor che outdoor, offrendo abbondanti rese in qualit\u00e0 e quantit\u00e0. Genetica: [&hellip;]<\/p>\n","protected":false},"featured_media":8213,"comment_status":"open","ping_status":"closed","template":"","meta":{"_seopress_robots_primary_cat":"","_seopress_titles_title":"","_seopress_titles_desc":"","_seopress_robots_index":""},"product_brand":[],"product_cat":[542],"product_tag":[],"class_list":{"0":"post-19332","1":"product","2":"type-product","3":"status-publish","4":"has-post-thumbnail","6":"product_cat-semi","9":"instock","10":"taxable","11":"shipping-taxable","12":"purchasable","13":"product-type-simple","14":"product-grid-view"},"_links":{"self":[{"href":"https:\/\/greenkingdom.ch\/it\/wp-json\/wp\/v2\/product\/19332","targetHints":{"allow":["GET"]}}],"collection":[{"href":"https:\/\/greenkingdom.ch\/it\/wp-json\/wp\/v2\/product"}],"about":[{"href":"https:\/\/greenkingdom.ch\/it\/wp-json\/wp\/v2\/types\/product"}],"replies":[{"embeddable":true,"href":"https:\/\/greenkingdom.ch\/it\/wp-json\/wp\/v2\/comments?post=19332"}],"version-history":[{"count":0,"href":"https:\/\/greenkingdom.ch\/it\/wp-json\/wp\/v2\/product\/19332\/revisions"}],"wp:featuredmedia":[{"embeddable":true,"href":"https:\/\/greenkingdom.ch\/it\/wp-json\/wp\/v2\/media\/8213"}],"wp:attachment":[{"href":"https:\/\/greenkingdom.ch\/it\/wp-json\/wp\/v2\/media?parent=19332"}],"wp:term":[{"taxonomy":"product_brand","embeddable":true,"href":"https:\/\/greenkingdom.ch\/it\/wp-json\/wp\/v2\/product_brand?post=19332"},{"taxonomy":"product_cat","embeddable":true,"href":"https:\/\/greenkingdom.ch\/it\/wp-json\/wp\/v2\/product_cat?post=19332"},{"taxonomy":"product_tag","embeddable":true,"href":"https:\/\/greenkingdom.ch\/it\/wp-json\/wp\/v2\/product_tag?post=19332"}],"curies":[{"name":"wp","href":"https:\/\/api.w.org\/{rel}","templated":true}]}}