{"id":19335,"date":"2024-10-11T16:36:35","date_gmt":"2024-10-11T14:36:35","guid":{"rendered":"https:\/\/greenkingdom.ch\/product\/fenocan-fenoqueen-cbd-samen-3stk\/"},"modified":"2024-10-11T16:36:35","modified_gmt":"2024-10-11T14:36:35","slug":"fenocan-fenoqueen-cbd-samen-3stk","status":"publish","type":"product","link":"https:\/\/greenkingdom.ch\/it\/prodotto\/fenocan-fenoqueen-cbd-samen-3stk\/","title":{"rendered":"Fenocan Fenoqueen CBD Samen 3Stk"},"content":{"rendered":"<div class=\"value\">\n<h3>Scopri Fenocan Fenoqueen<\/h3>\n<p>La FENOQUEEN, come suggerisce il nome, \u00e8 un fulcro tra le variet\u00e0 offerte da FENOCAN.<\/p>\n<p>Questo ibrido a predominanza sativa (FM-1 x FC-1) produce cime generose con una resa elevata. Con il suo profilo terpenico unico e l&#8217;alto contenuto di CBD, questa variet\u00e0 \u00e8 diventata una delle pi\u00f9 amate in tutto il mondo, soprattutto per la produzione di fiori. <\/p>\n<ul>\n<li>Genetica: Fenoqueen<\/li>\n<li>Metodo di coltivazione: indoor\/serra\/outdoor<\/li>\n<li>Raccolta outdoor: met\u00e0 ottobre<\/li>\n<li>Fioritura indoor: circa 7-8 settimane<\/li>\n<li>Produzione outdoor: fino a 500g\/pianta<\/li>\n<li>Produzione indoor: circa 35g\/pianta<\/li>\n<li>Contenuto di THC: &lt;0,5 &#8211; 0,6%<\/li>\n<li>Contenuto di CBD: fino al 16%<\/li>\n<\/ul>\n<p>Prima di acquistare, consultare il &#8220;Merkblatt Hanf&#8221; della BLW. Si prega di notare che in alcuni cantoni la coltivazione della canapa \u00e8 soggetta a registrazione. <\/p>\n<\/div>\n<div class=\"product attribute ean\"><strong class=\"type\">EAN<\/strong> <span class=\"value ean\">7640176780868<\/span><\/div>\n","protected":false},"excerpt":{"rendered":"<p>Scopri Fenocan Fenoqueen La FENOQUEEN, come suggerisce il nome, \u00e8 un fulcro tra le variet\u00e0 offerte da FENOCAN. Questo ibrido a predominanza sativa (FM-1 x FC-1) produce cime generose con una resa elevata. Con il suo profilo terpenico unico e l&#8217;alto contenuto di CBD, questa variet\u00e0 \u00e8 diventata una delle pi\u00f9 amate in tutto il [&hellip;]<\/p>\n","protected":false},"featured_media":8201,"comment_status":"open","ping_status":"closed","template":"","meta":{"_seopress_robots_primary_cat":"","_seopress_titles_title":"","_seopress_titles_desc":"","_seopress_robots_index":""},"product_brand":[],"product_cat":[542],"product_tag":[],"class_list":{"0":"post-19335","1":"product","2":"type-product","3":"status-publish","4":"has-post-thumbnail","6":"product_cat-semi","9":"instock","10":"taxable","11":"shipping-taxable","12":"purchasable","13":"product-type-simple","14":"product-grid-view"},"_links":{"self":[{"href":"https:\/\/greenkingdom.ch\/it\/wp-json\/wp\/v2\/product\/19335","targetHints":{"allow":["GET"]}}],"collection":[{"href":"https:\/\/greenkingdom.ch\/it\/wp-json\/wp\/v2\/product"}],"about":[{"href":"https:\/\/greenkingdom.ch\/it\/wp-json\/wp\/v2\/types\/product"}],"replies":[{"embeddable":true,"href":"https:\/\/greenkingdom.ch\/it\/wp-json\/wp\/v2\/comments?post=19335"}],"version-history":[{"count":0,"href":"https:\/\/greenkingdom.ch\/it\/wp-json\/wp\/v2\/product\/19335\/revisions"}],"wp:featuredmedia":[{"embeddable":true,"href":"https:\/\/greenkingdom.ch\/it\/wp-json\/wp\/v2\/media\/8201"}],"wp:attachment":[{"href":"https:\/\/greenkingdom.ch\/it\/wp-json\/wp\/v2\/media?parent=19335"}],"wp:term":[{"taxonomy":"product_brand","embeddable":true,"href":"https:\/\/greenkingdom.ch\/it\/wp-json\/wp\/v2\/product_brand?post=19335"},{"taxonomy":"product_cat","embeddable":true,"href":"https:\/\/greenkingdom.ch\/it\/wp-json\/wp\/v2\/product_cat?post=19335"},{"taxonomy":"product_tag","embeddable":true,"href":"https:\/\/greenkingdom.ch\/it\/wp-json\/wp\/v2\/product_tag?post=19335"}],"curies":[{"name":"wp","href":"https:\/\/api.w.org\/{rel}","templated":true}]}}