{"id":19338,"date":"2024-10-11T16:36:35","date_gmt":"2024-10-11T14:36:35","guid":{"rendered":"https:\/\/greenkingdom.ch\/product\/fenocan-fenomoon-cbd-samen-3stk\/"},"modified":"2024-10-11T16:36:35","modified_gmt":"2024-10-11T14:36:35","slug":"fenocan-fenomoon-cbd-samen-3stk","status":"publish","type":"product","link":"https:\/\/greenkingdom.ch\/it\/prodotto\/fenocan-fenomoon-cbd-samen-3stk\/","title":{"rendered":"Fenocan Fenomoon CBD Samen 3Stk"},"content":{"rendered":"<p>Fenocan Fenomoon \u00e8 una variet\u00e0 di cannabis eccezionale che produce fiori densi e belli adornati con tricomi e una brillante lucentezza rosso-arancio. La sua genetica Fenomoon la rende una scelta di qualit\u00e0 per la coltivazione indoor, in serra o all&#8217;aperto. Il raccolto outdoor \u00e8 previsto a met\u00e0 ottobre, con la fioritura indoor in sole 7-8 settimane. Le rese possono raggiungere fino a 250g per pianta all&#8217;aperto e circa 25g per pianta indoor. Con un contenuto di THC inferiore allo 0,2-0,3% e un CBD di circa l&#8217;8%, questo prodotto \u00e8 perfettamente bilanciato. Si prega di informarsi sulle normative locali relative alla coltivazione della canapa prima dell&#8217;acquisto, in conformit\u00e0 con il &#8220;Merkblatt Hanf&#8221; della BLW. EAN: 7640176786327      <\/p>\n","protected":false},"excerpt":{"rendered":"<p>Fenocan Fenomoon \u00e8 una variet\u00e0 di cannabis eccezionale che produce fiori densi e belli adornati con tricomi e una brillante lucentezza rosso-arancio. La sua genetica Fenomoon la rende una scelta di qualit\u00e0 per la coltivazione indoor, in serra o all&#8217;aperto. Il raccolto outdoor \u00e8 previsto a met\u00e0 ottobre, con la fioritura indoor in sole 7-8 [&hellip;]<\/p>\n","protected":false},"featured_media":8207,"comment_status":"open","ping_status":"closed","template":"","meta":{"_seopress_robots_primary_cat":"","_seopress_titles_title":"","_seopress_titles_desc":"","_seopress_robots_index":""},"product_brand":[],"product_cat":[542],"product_tag":[],"class_list":{"0":"post-19338","1":"product","2":"type-product","3":"status-publish","4":"has-post-thumbnail","6":"product_cat-semi","9":"instock","10":"taxable","11":"shipping-taxable","12":"purchasable","13":"product-type-simple","14":"product-grid-view"},"_links":{"self":[{"href":"https:\/\/greenkingdom.ch\/it\/wp-json\/wp\/v2\/product\/19338","targetHints":{"allow":["GET"]}}],"collection":[{"href":"https:\/\/greenkingdom.ch\/it\/wp-json\/wp\/v2\/product"}],"about":[{"href":"https:\/\/greenkingdom.ch\/it\/wp-json\/wp\/v2\/types\/product"}],"replies":[{"embeddable":true,"href":"https:\/\/greenkingdom.ch\/it\/wp-json\/wp\/v2\/comments?post=19338"}],"version-history":[{"count":0,"href":"https:\/\/greenkingdom.ch\/it\/wp-json\/wp\/v2\/product\/19338\/revisions"}],"wp:featuredmedia":[{"embeddable":true,"href":"https:\/\/greenkingdom.ch\/it\/wp-json\/wp\/v2\/media\/8207"}],"wp:attachment":[{"href":"https:\/\/greenkingdom.ch\/it\/wp-json\/wp\/v2\/media?parent=19338"}],"wp:term":[{"taxonomy":"product_brand","embeddable":true,"href":"https:\/\/greenkingdom.ch\/it\/wp-json\/wp\/v2\/product_brand?post=19338"},{"taxonomy":"product_cat","embeddable":true,"href":"https:\/\/greenkingdom.ch\/it\/wp-json\/wp\/v2\/product_cat?post=19338"},{"taxonomy":"product_tag","embeddable":true,"href":"https:\/\/greenkingdom.ch\/it\/wp-json\/wp\/v2\/product_tag?post=19338"}],"curies":[{"name":"wp","href":"https:\/\/api.w.org\/{rel}","templated":true}]}}