{"id":19347,"date":"2024-10-11T16:36:35","date_gmt":"2024-10-11T14:36:35","guid":{"rendered":"https:\/\/greenkingdom.ch\/product\/fenocan-fenomed-cbd-samen-10stk\/"},"modified":"2024-10-11T16:36:35","modified_gmt":"2024-10-11T14:36:35","slug":"fenocan-fenomed-cbd-samen-10stk","status":"publish","type":"product","link":"https:\/\/greenkingdom.ch\/it\/prodotto\/fenocan-fenomed-cbd-samen-10stk\/","title":{"rendered":"Fenocan Fenomed CBD Samen 10Stk"},"content":{"rendered":"<p>Scopri la variet\u00e0 di cannabis Fenocan Fenomed, rinomata per il suo alto contenuto di CBD. Questi semi sono femminizzati, garantendo un raccolto di qualit\u00e0. Approfittate subito di questa nuova variet\u00e0 e lasciatevi sedurre dal suo eccezionale rapporto qualit\u00e0-prezzo! Caratteristiche:<br \/>\n&#8211; Genetica: Fenomed<br \/>\n&#8211; Metodo di coltivazione: indoor\/serra\/outdoor<br \/>\n&#8211; Raccolta outdoor: inizio\/met\u00e0 settembre<br \/>\n&#8211; Tempo di fioritura indoor: circa 60 giorni<br \/>\n&#8211; Resa outdoor fino a 800g\/pianta, indoor circa 500g\/m2<br \/>\n&#8211; Contenuto di THC: &lt;0,9% Contenuto di CBD: 24% Prima dell&#8217;acquisto, consultare il documento BLW &#8220;Merkblatt Hanf&#8221;. Si prega di notare che in alcuni cantoni la coltivazione della canapa richiede l&#8217;iscrizione. EAN: 7640176782527   <\/p>\n","protected":false},"excerpt":{"rendered":"<p>Scopri la variet\u00e0 di cannabis Fenocan Fenomed, rinomata per il suo alto contenuto di CBD. Questi semi sono femminizzati, garantendo un raccolto di qualit\u00e0. Approfittate subito di questa nuova variet\u00e0 e lasciatevi sedurre dal suo eccezionale rapporto qualit\u00e0-prezzo! Caratteristiche: &#8211; Genetica: Fenomed &#8211; Metodo di coltivazione: indoor\/serra\/outdoor &#8211; Raccolta outdoor: inizio\/met\u00e0 settembre &#8211; Tempo di [&hellip;]<\/p>\n","protected":false},"featured_media":8189,"comment_status":"open","ping_status":"closed","template":"","meta":{"_seopress_robots_primary_cat":"","_seopress_titles_title":"","_seopress_titles_desc":"","_seopress_robots_index":""},"product_brand":[],"product_cat":[542],"product_tag":[],"class_list":{"0":"post-19347","1":"product","2":"type-product","3":"status-publish","4":"has-post-thumbnail","6":"product_cat-semi","9":"instock","10":"taxable","11":"shipping-taxable","12":"purchasable","13":"product-type-simple","14":"product-grid-view"},"_links":{"self":[{"href":"https:\/\/greenkingdom.ch\/it\/wp-json\/wp\/v2\/product\/19347","targetHints":{"allow":["GET"]}}],"collection":[{"href":"https:\/\/greenkingdom.ch\/it\/wp-json\/wp\/v2\/product"}],"about":[{"href":"https:\/\/greenkingdom.ch\/it\/wp-json\/wp\/v2\/types\/product"}],"replies":[{"embeddable":true,"href":"https:\/\/greenkingdom.ch\/it\/wp-json\/wp\/v2\/comments?post=19347"}],"version-history":[{"count":0,"href":"https:\/\/greenkingdom.ch\/it\/wp-json\/wp\/v2\/product\/19347\/revisions"}],"wp:featuredmedia":[{"embeddable":true,"href":"https:\/\/greenkingdom.ch\/it\/wp-json\/wp\/v2\/media\/8189"}],"wp:attachment":[{"href":"https:\/\/greenkingdom.ch\/it\/wp-json\/wp\/v2\/media?parent=19347"}],"wp:term":[{"taxonomy":"product_brand","embeddable":true,"href":"https:\/\/greenkingdom.ch\/it\/wp-json\/wp\/v2\/product_brand?post=19347"},{"taxonomy":"product_cat","embeddable":true,"href":"https:\/\/greenkingdom.ch\/it\/wp-json\/wp\/v2\/product_cat?post=19347"},{"taxonomy":"product_tag","embeddable":true,"href":"https:\/\/greenkingdom.ch\/it\/wp-json\/wp\/v2\/product_tag?post=19347"}],"curies":[{"name":"wp","href":"https:\/\/api.w.org\/{rel}","templated":true}]}}