{"id":19369,"date":"2024-10-11T16:36:36","date_gmt":"2024-10-11T14:36:36","guid":{"rendered":"https:\/\/greenkingdom.ch\/product\/fenocan-fenopure-cbg-samen-3stk\/"},"modified":"2024-10-11T16:36:36","modified_gmt":"2024-10-11T14:36:36","slug":"fenocan-fenopure-cbg-samen-3stk","status":"publish","type":"product","link":"https:\/\/greenkingdom.ch\/it\/prodotto\/fenocan-fenopure-cbg-samen-3stk\/","title":{"rendered":"Fenocan Fenopure CBG Samen 3Stk"},"content":{"rendered":"<p>Scopri Fenocan Fenopure, una variet\u00e0 resinosa e a predominanza CBG con un potenziale unico. Il CBG, abbreviazione di cannabigerolo, \u00e8 oggetto di studio per le sue promettenti propriet\u00e0 farmacologiche, che lo collocano come precursore di CBD, CBC e THC. Con un contenuto di THC inferiore allo 0,2%, questa variet\u00e0 pu\u00f2 essere coltivata legalmente in molti paesi. Coltivata indoor, in serra o all&#8217;aperto, la sua resa pu\u00f2 raggiungere fino a 300g per pianta all&#8217;aperto e circa 25g per pianta indoor. Per saperne di pi\u00f9 prima dell&#8217;acquisto, consultate il &#8220;Merkblatt Hanf&#8221; della BLW, poich\u00e9 la coltivazione della canapa pu\u00f2 essere soggetta a regolamentazione in alcuni cantoni. Migliora la tua esperienza con Fenocan Fenopure ed esplora il mondo del CBG.     <\/p>\n","protected":false},"excerpt":{"rendered":"<p>Scopri Fenocan Fenopure, una variet\u00e0 resinosa e a predominanza CBG con un potenziale unico. Il CBG, abbreviazione di cannabigerolo, \u00e8 oggetto di studio per le sue promettenti propriet\u00e0 farmacologiche, che lo collocano come precursore di CBD, CBC e THC. Con un contenuto di THC inferiore allo 0,2%, questa variet\u00e0 pu\u00f2 essere coltivata legalmente in molti [&hellip;]<\/p>\n","protected":false},"featured_media":8219,"comment_status":"open","ping_status":"closed","template":"","meta":{"_seopress_robots_primary_cat":"","_seopress_titles_title":"","_seopress_titles_desc":"","_seopress_robots_index":""},"product_brand":[],"product_cat":[542],"product_tag":[],"class_list":{"0":"post-19369","1":"product","2":"type-product","3":"status-publish","4":"has-post-thumbnail","6":"product_cat-semi","9":"instock","10":"taxable","11":"shipping-taxable","12":"purchasable","13":"product-type-simple","14":"product-grid-view"},"_links":{"self":[{"href":"https:\/\/greenkingdom.ch\/it\/wp-json\/wp\/v2\/product\/19369","targetHints":{"allow":["GET"]}}],"collection":[{"href":"https:\/\/greenkingdom.ch\/it\/wp-json\/wp\/v2\/product"}],"about":[{"href":"https:\/\/greenkingdom.ch\/it\/wp-json\/wp\/v2\/types\/product"}],"replies":[{"embeddable":true,"href":"https:\/\/greenkingdom.ch\/it\/wp-json\/wp\/v2\/comments?post=19369"}],"version-history":[{"count":0,"href":"https:\/\/greenkingdom.ch\/it\/wp-json\/wp\/v2\/product\/19369\/revisions"}],"wp:featuredmedia":[{"embeddable":true,"href":"https:\/\/greenkingdom.ch\/it\/wp-json\/wp\/v2\/media\/8219"}],"wp:attachment":[{"href":"https:\/\/greenkingdom.ch\/it\/wp-json\/wp\/v2\/media?parent=19369"}],"wp:term":[{"taxonomy":"product_brand","embeddable":true,"href":"https:\/\/greenkingdom.ch\/it\/wp-json\/wp\/v2\/product_brand?post=19369"},{"taxonomy":"product_cat","embeddable":true,"href":"https:\/\/greenkingdom.ch\/it\/wp-json\/wp\/v2\/product_cat?post=19369"},{"taxonomy":"product_tag","embeddable":true,"href":"https:\/\/greenkingdom.ch\/it\/wp-json\/wp\/v2\/product_tag?post=19369"}],"curies":[{"name":"wp","href":"https:\/\/api.w.org\/{rel}","templated":true}]}}