{"id":19384,"date":"2024-10-11T16:37:00","date_gmt":"2024-10-11T14:37:00","guid":{"rendered":"https:\/\/greenkingdom.ch\/product\/scatola-da-giardino-high-pro-basic-100\/"},"modified":"2024-10-11T16:37:00","modified_gmt":"2024-10-11T14:37:00","slug":"scatola-da-giardino-high-pro-basic-100","status":"publish","type":"product","link":"https:\/\/greenkingdom.ch\/it\/prodotto\/scatola-da-giardino-high-pro-basic-100\/","title":{"rendered":"Scatola da giardino High Pro Basic 100"},"content":{"rendered":"<p>Scopri il bellissimo Garden High Pro Box 100, un&#8217;allettante alternativa ai soliti locali notturni e alle camere buie, che offre una qualit\u00e0 quasi simile a un prezzo interessante! Realizzato da Secret Jardin, questo Garden High Pro continua la tradizione dei modelli precedenti, ma ad un costo pi\u00f9 accessibile. All&#8217;interno, una lastra diamantata in Mylar riflettente, pi\u00f9 spessa delle foglie convenzionali, diffonde la luce in modo preciso e uniforme per garantire un&#8217;illuminazione ottimale delle tue piante. Impostare le tue colture in questa scatola sar\u00e0 un&#8217;esperienza piacevole, che tu sia un principiante o un esperto. Il suo facile montaggio ti permetter\u00e0 di iniziare rapidamente il tuo progetto di giardinaggio. Inoltre, \u00e8 facile smontarlo e riporlo dove si vuole una volta installato. Questo Garden High Pro Box 100 offre 3 aperture per cavi, ventilazione e alimentazione dell&#8217;aria, oltre a 3 trappole per la luce\/fessure di ventilazione e un ripiano per un comodo utilizzo. Con 5 aperture per tubi da 165 mm, un&#8217;apertura per cavi da 80 mm e una dimensione di 100 x 100 x 200 cm, questa scatola soddisfer\u00e0 le tue esigenze di coltivazione indoor. Montalo in soli 20 minuti e lascia che ti accompagni nella tua passione per il giardinaggio! <\/p>\n","protected":false},"excerpt":{"rendered":"<p>Scopri il bellissimo Garden High Pro Box 100, un&#8217;allettante alternativa ai soliti locali notturni e alle camere buie, che offre una qualit\u00e0 quasi simile a un prezzo interessante! Realizzato da Secret Jardin, questo Garden High Pro continua la tradizione dei modelli precedenti, ma ad un costo pi\u00f9 accessibile. All&#8217;interno, una lastra diamantata in Mylar riflettente, [&hellip;]<\/p>\n","protected":false},"featured_media":8309,"comment_status":"open","ping_status":"closed","template":"","meta":{"_seopress_robots_primary_cat":"","_seopress_titles_title":"","_seopress_titles_desc":"","_seopress_robots_index":""},"product_brand":[],"product_cat":[628],"product_tag":[],"class_list":{"0":"post-19384","1":"product","2":"type-product","3":"status-publish","4":"has-post-thumbnail","6":"product_cat-tende","9":"instock","10":"taxable","11":"shipping-taxable","12":"purchasable","13":"product-type-simple","14":"product-grid-view"},"_links":{"self":[{"href":"https:\/\/greenkingdom.ch\/it\/wp-json\/wp\/v2\/product\/19384","targetHints":{"allow":["GET"]}}],"collection":[{"href":"https:\/\/greenkingdom.ch\/it\/wp-json\/wp\/v2\/product"}],"about":[{"href":"https:\/\/greenkingdom.ch\/it\/wp-json\/wp\/v2\/types\/product"}],"replies":[{"embeddable":true,"href":"https:\/\/greenkingdom.ch\/it\/wp-json\/wp\/v2\/comments?post=19384"}],"version-history":[{"count":0,"href":"https:\/\/greenkingdom.ch\/it\/wp-json\/wp\/v2\/product\/19384\/revisions"}],"wp:featuredmedia":[{"embeddable":true,"href":"https:\/\/greenkingdom.ch\/it\/wp-json\/wp\/v2\/media\/8309"}],"wp:attachment":[{"href":"https:\/\/greenkingdom.ch\/it\/wp-json\/wp\/v2\/media?parent=19384"}],"wp:term":[{"taxonomy":"product_brand","embeddable":true,"href":"https:\/\/greenkingdom.ch\/it\/wp-json\/wp\/v2\/product_brand?post=19384"},{"taxonomy":"product_cat","embeddable":true,"href":"https:\/\/greenkingdom.ch\/it\/wp-json\/wp\/v2\/product_cat?post=19384"},{"taxonomy":"product_tag","embeddable":true,"href":"https:\/\/greenkingdom.ch\/it\/wp-json\/wp\/v2\/product_tag?post=19384"}],"curies":[{"name":"wp","href":"https:\/\/api.w.org\/{rel}","templated":true}]}}