{"id":19408,"date":"2024-10-11T16:37:01","date_gmt":"2024-10-11T14:37:01","guid":{"rendered":"https:\/\/greenkingdom.ch\/product\/scatola-da-giardino-high-pro-basic-120\/"},"modified":"2024-10-11T16:37:01","modified_gmt":"2024-10-11T14:37:01","slug":"scatola-da-giardino-high-pro-basic-120","status":"publish","type":"product","link":"https:\/\/greenkingdom.ch\/it\/prodotto\/scatola-da-giardino-high-pro-basic-120\/","title":{"rendered":"Scatola da giardino High Pro Basic 120"},"content":{"rendered":"<p>Scopri la Garden High Pro Box 120, un&#8217;alternativa elegante e conveniente alle tradizionali grow box. Realizzata da Secret Jardin, questa scatola offre una qualit\u00e0 quasi identica a un prezzo pi\u00f9 vantaggioso. Il suo interno \u00e8 rivestito con una lastra diamantata Mylar riflettente e garantisce una distribuzione precisa e uniforme della luce per piante perfettamente illuminate. Assemblalo in soli 20 minuti e sfrutta le sue 3 aperture per cavi e ventilazione. Con le sue dimensioni di 120 x 120 x 200 cm, questa scatola si adatta facilmente a qualsiasi stanza con un&#8217;altezza minima di 200 cm. Aggiungi questo prezioso alleato al tuo giardinaggio e coltiva con piacere, che tu sia un principiante o un esperto!     <\/p>\n","protected":false},"excerpt":{"rendered":"<p>Scopri la Garden High Pro Box 120, un&#8217;alternativa elegante e conveniente alle tradizionali grow box. Realizzata da Secret Jardin, questa scatola offre una qualit\u00e0 quasi identica a un prezzo pi\u00f9 vantaggioso. Il suo interno \u00e8 rivestito con una lastra diamantata Mylar riflettente e garantisce una distribuzione precisa e uniforme della luce per piante perfettamente illuminate. [&hellip;]<\/p>\n","protected":false},"featured_media":8321,"comment_status":"open","ping_status":"closed","template":"","meta":{"_seopress_robots_primary_cat":"","_seopress_titles_title":"","_seopress_titles_desc":"","_seopress_robots_index":""},"product_brand":[],"product_cat":[628],"product_tag":[],"class_list":{"0":"post-19408","1":"product","2":"type-product","3":"status-publish","4":"has-post-thumbnail","6":"product_cat-tende","9":"instock","10":"taxable","11":"shipping-taxable","12":"purchasable","13":"product-type-simple","14":"product-grid-view"},"_links":{"self":[{"href":"https:\/\/greenkingdom.ch\/it\/wp-json\/wp\/v2\/product\/19408","targetHints":{"allow":["GET"]}}],"collection":[{"href":"https:\/\/greenkingdom.ch\/it\/wp-json\/wp\/v2\/product"}],"about":[{"href":"https:\/\/greenkingdom.ch\/it\/wp-json\/wp\/v2\/types\/product"}],"replies":[{"embeddable":true,"href":"https:\/\/greenkingdom.ch\/it\/wp-json\/wp\/v2\/comments?post=19408"}],"version-history":[{"count":0,"href":"https:\/\/greenkingdom.ch\/it\/wp-json\/wp\/v2\/product\/19408\/revisions"}],"wp:featuredmedia":[{"embeddable":true,"href":"https:\/\/greenkingdom.ch\/it\/wp-json\/wp\/v2\/media\/8321"}],"wp:attachment":[{"href":"https:\/\/greenkingdom.ch\/it\/wp-json\/wp\/v2\/media?parent=19408"}],"wp:term":[{"taxonomy":"product_brand","embeddable":true,"href":"https:\/\/greenkingdom.ch\/it\/wp-json\/wp\/v2\/product_brand?post=19408"},{"taxonomy":"product_cat","embeddable":true,"href":"https:\/\/greenkingdom.ch\/it\/wp-json\/wp\/v2\/product_cat?post=19408"},{"taxonomy":"product_tag","embeddable":true,"href":"https:\/\/greenkingdom.ch\/it\/wp-json\/wp\/v2\/product_tag?post=19408"}],"curies":[{"name":"wp","href":"https:\/\/api.w.org\/{rel}","templated":true}]}}