{"id":19410,"date":"2024-10-11T16:37:02","date_gmt":"2024-10-11T14:37:02","guid":{"rendered":"https:\/\/greenkingdom.ch\/product\/homebox-ambient-q120\/"},"modified":"2024-10-11T16:37:02","modified_gmt":"2024-10-11T14:37:02","slug":"homebox-ambient-q120","status":"publish","type":"product","link":"https:\/\/greenkingdom.ch\/it\/prodotto\/homebox-ambient-q120\/","title":{"rendered":"Homebox Ambient Q120"},"content":{"rendered":"<p>Prova la potenza della lampada da coltivazione HID da 600 watt abbinata alla grow box HOMEbox\u00ae Ambient Q120! Grazie al suo rivestimento interno super riflettente PAR+, le tue piante crescono pi\u00f9 velocemente, producono pi\u00f9 fiori e frutti. La qualit\u00e0 \u00e8 eccezionale, perch\u00e9 il calore \u00e8 meglio controllato. Questa efficiente grow room offre solo 1,44 m\u00b2 di superficie! L&#8217;HOMEbox\u00ae Ambient Q120 \u00e8 la scelta dei coltivatori indoor appassionati per tutte le fasi della vita delle piante, con un uso ideale nella camera di fioritura per un massimo di 36 piante. Editing facile, video di aiuto disponibili. Caratteristiche:<br \/>\n&#8211; Dimensioni: 120 x 120 x 200 cm<br \/>\n&#8211; Area di coltivazione: 1,44 m\u00b2<br \/>\n&#8211; Design e tecnologia tedeschi all&#8217;avanguardia<br \/>\n&#8211; Materiali robusti e durevoli<br \/>\n&#8211; Pavimento rimovibile e resistente all&#8217;acqua<br \/>\n&#8211; Doppio<br \/>\n accesso laterale- Prese d&#8217;aria, zanzariera, tessuto resistente incluso<br \/>\n&#8211; Crescita migliorata grazie alla fodera super riflettente PAR+<br \/>\n&#8211; Cerniere oscuranti, sigillatura<br \/>\n della luce- Portata massima: 75 kg Dai vita al tuo giardino interno con la HOMEbox\u00ae Ambient Q120! EAN: 4260220921721.   <\/p>\n","protected":false},"excerpt":{"rendered":"<p>Prova la potenza della lampada da coltivazione HID da 600 watt abbinata alla grow box HOMEbox\u00ae Ambient Q120! Grazie al suo rivestimento interno super riflettente PAR+, le tue piante crescono pi\u00f9 velocemente, producono pi\u00f9 fiori e frutti. La qualit\u00e0 \u00e8 eccezionale, perch\u00e9 il calore \u00e8 meglio controllato. Questa efficiente grow room offre solo 1,44 m\u00b2 [&hellip;]<\/p>\n","protected":false},"featured_media":8396,"comment_status":"open","ping_status":"closed","template":"","meta":{"_seopress_robots_primary_cat":"","_seopress_titles_title":"","_seopress_titles_desc":"","_seopress_robots_index":""},"product_brand":[],"product_cat":[628],"product_tag":[],"class_list":{"0":"post-19410","1":"product","2":"type-product","3":"status-publish","4":"has-post-thumbnail","6":"product_cat-tende","9":"instock","10":"taxable","11":"shipping-taxable","12":"purchasable","13":"product-type-simple","14":"product-grid-view"},"_links":{"self":[{"href":"https:\/\/greenkingdom.ch\/it\/wp-json\/wp\/v2\/product\/19410","targetHints":{"allow":["GET"]}}],"collection":[{"href":"https:\/\/greenkingdom.ch\/it\/wp-json\/wp\/v2\/product"}],"about":[{"href":"https:\/\/greenkingdom.ch\/it\/wp-json\/wp\/v2\/types\/product"}],"replies":[{"embeddable":true,"href":"https:\/\/greenkingdom.ch\/it\/wp-json\/wp\/v2\/comments?post=19410"}],"version-history":[{"count":0,"href":"https:\/\/greenkingdom.ch\/it\/wp-json\/wp\/v2\/product\/19410\/revisions"}],"wp:featuredmedia":[{"embeddable":true,"href":"https:\/\/greenkingdom.ch\/it\/wp-json\/wp\/v2\/media\/8396"}],"wp:attachment":[{"href":"https:\/\/greenkingdom.ch\/it\/wp-json\/wp\/v2\/media?parent=19410"}],"wp:term":[{"taxonomy":"product_brand","embeddable":true,"href":"https:\/\/greenkingdom.ch\/it\/wp-json\/wp\/v2\/product_brand?post=19410"},{"taxonomy":"product_cat","embeddable":true,"href":"https:\/\/greenkingdom.ch\/it\/wp-json\/wp\/v2\/product_cat?post=19410"},{"taxonomy":"product_tag","embeddable":true,"href":"https:\/\/greenkingdom.ch\/it\/wp-json\/wp\/v2\/product_tag?post=19410"}],"curies":[{"name":"wp","href":"https:\/\/api.w.org\/{rel}","templated":true}]}}