{"id":19422,"date":"2024-10-11T16:37:02","date_gmt":"2024-10-11T14:37:02","guid":{"rendered":"https:\/\/greenkingdom.ch\/product\/homebox-ambient-q80\/"},"modified":"2024-10-11T16:37:02","modified_gmt":"2024-10-11T14:37:02","slug":"homebox-ambient-q80","status":"publish","type":"product","link":"https:\/\/greenkingdom.ch\/it\/prodotto\/homebox-ambient-q80\/","title":{"rendered":"Homebox Ambient Q80"},"content":{"rendered":"<p>Scopri la tenda da coltivazione HOMEbox\u00ae Ambient Q80, uno spazio compatto e altamente produttivo per le tue piante. Con un&#8217;efficiente sorgente luminosa da 250 W, questo ambiente offre una riflettivit\u00e0 senza pari per rese di qualit\u00e0. Le dimensioni assemblate di 80 x 80 x 160 cm forniscono un&#8217;area di coltivazione di 0,64 m2. Il design all&#8217;avanguardia e la tecnologia made in Germany garantiscono una lunga durata. Le caratteristiche includono aperture di ventilazione OmniFlow, rivestimento interno PAR+ per una migliore crescita, una robusta struttura in metallo e cerniere a tenuta di luce. L&#8217;unit\u00e0 \u00e8 completamente sigillata e opaca per garantire un ambiente ottimale per le vostre piante. Con la possibilit\u00e0 di accesso passo-passo e senza barriere, l&#8217;HOMEbox\u00ae Ambient Q80 \u00e8 ideale per tutti i metodi di coltivazione pi\u00f9 comuni. Ottieni questa tenda da coltivazione di qualit\u00e0 per risultati eccezionali.  <\/p>\n","protected":false},"excerpt":{"rendered":"<p>Scopri la tenda da coltivazione HOMEbox\u00ae Ambient Q80, uno spazio compatto e altamente produttivo per le tue piante. Con un&#8217;efficiente sorgente luminosa da 250 W, questo ambiente offre una riflettivit\u00e0 senza pari per rese di qualit\u00e0. Le dimensioni assemblate di 80 x 80 x 160 cm forniscono un&#8217;area di coltivazione di 0,64 m2. Il design [&hellip;]<\/p>\n","protected":false},"featured_media":8381,"comment_status":"open","ping_status":"closed","template":"","meta":{"_seopress_robots_primary_cat":"","_seopress_titles_title":"","_seopress_titles_desc":"","_seopress_robots_index":""},"product_brand":[],"product_cat":[628],"product_tag":[],"class_list":{"0":"post-19422","1":"product","2":"type-product","3":"status-publish","4":"has-post-thumbnail","6":"product_cat-tende","9":"instock","10":"taxable","11":"shipping-taxable","12":"purchasable","13":"product-type-simple","14":"product-grid-view"},"_links":{"self":[{"href":"https:\/\/greenkingdom.ch\/it\/wp-json\/wp\/v2\/product\/19422","targetHints":{"allow":["GET"]}}],"collection":[{"href":"https:\/\/greenkingdom.ch\/it\/wp-json\/wp\/v2\/product"}],"about":[{"href":"https:\/\/greenkingdom.ch\/it\/wp-json\/wp\/v2\/types\/product"}],"replies":[{"embeddable":true,"href":"https:\/\/greenkingdom.ch\/it\/wp-json\/wp\/v2\/comments?post=19422"}],"version-history":[{"count":0,"href":"https:\/\/greenkingdom.ch\/it\/wp-json\/wp\/v2\/product\/19422\/revisions"}],"wp:featuredmedia":[{"embeddable":true,"href":"https:\/\/greenkingdom.ch\/it\/wp-json\/wp\/v2\/media\/8381"}],"wp:attachment":[{"href":"https:\/\/greenkingdom.ch\/it\/wp-json\/wp\/v2\/media?parent=19422"}],"wp:term":[{"taxonomy":"product_brand","embeddable":true,"href":"https:\/\/greenkingdom.ch\/it\/wp-json\/wp\/v2\/product_brand?post=19422"},{"taxonomy":"product_cat","embeddable":true,"href":"https:\/\/greenkingdom.ch\/it\/wp-json\/wp\/v2\/product_cat?post=19422"},{"taxonomy":"product_tag","embeddable":true,"href":"https:\/\/greenkingdom.ch\/it\/wp-json\/wp\/v2\/product_tag?post=19422"}],"curies":[{"name":"wp","href":"https:\/\/api.w.org\/{rel}","templated":true}]}}