{"id":19428,"date":"2024-10-11T16:37:03","date_gmt":"2024-10-11T14:37:03","guid":{"rendered":"https:\/\/greenkingdom.ch\/product\/alimentatore-elettronico-lumatek-pro-250w\/"},"modified":"2024-10-11T16:37:03","modified_gmt":"2024-10-11T14:37:03","slug":"alimentatore-elettronico-lumatek-pro-250w","status":"publish","type":"product","link":"https:\/\/greenkingdom.ch\/it\/prodotto\/alimentatore-elettronico-lumatek-pro-250w\/","title":{"rendered":"Alimentatore elettronico Lumatek Pro 250W"},"content":{"rendered":"<p>Dai un&#8217;occhiata a questo versatile reattore plug &amp; play, perfetto per lampadine a vapori di sodio e lampadine ad alogenuri metallici. Apprezzerai il suo basso consumo energetico, la maggiore durata della lampada e l&#8217;avvio regolare, consentendo una maggiore durata della lampadina. Questo reattore offre anche un disturbo minimo nella rete e pu\u00f2 essere utilizzato con un dimmer per una versatilit\u00e0 ancora maggiore. Sfrutta la funzione super-lumen per la massima luminosit\u00e0. Compatibile con lampade a vapori di sodio o ioduri metallici da 250W. Non perdere questa opportunit\u00e0 per un&#8217;installazione semplificata ed efficiente! EAN: 5060560030119    <\/p>\n","protected":false},"excerpt":{"rendered":"<p>Dai un&#8217;occhiata a questo versatile reattore plug &amp; play, perfetto per lampadine a vapori di sodio e lampadine ad alogenuri metallici. Apprezzerai il suo basso consumo energetico, la maggiore durata della lampada e l&#8217;avvio regolare, consentendo una maggiore durata della lampadina. Questo reattore offre anche un disturbo minimo nella rete e pu\u00f2 essere utilizzato con [&hellip;]<\/p>\n","protected":false},"featured_media":8429,"comment_status":"open","ping_status":"closed","template":"","meta":{"_seopress_robots_primary_cat":"","_seopress_titles_title":"","_seopress_titles_desc":"","_seopress_robots_index":""},"product_brand":[],"product_cat":[561],"product_tag":[],"class_list":{"0":"post-19428","1":"product","2":"type-product","3":"status-publish","4":"has-post-thumbnail","6":"product_cat-sodio","9":"instock","10":"taxable","11":"shipping-taxable","12":"purchasable","13":"product-type-simple","14":"product-grid-view"},"_links":{"self":[{"href":"https:\/\/greenkingdom.ch\/it\/wp-json\/wp\/v2\/product\/19428","targetHints":{"allow":["GET"]}}],"collection":[{"href":"https:\/\/greenkingdom.ch\/it\/wp-json\/wp\/v2\/product"}],"about":[{"href":"https:\/\/greenkingdom.ch\/it\/wp-json\/wp\/v2\/types\/product"}],"replies":[{"embeddable":true,"href":"https:\/\/greenkingdom.ch\/it\/wp-json\/wp\/v2\/comments?post=19428"}],"version-history":[{"count":0,"href":"https:\/\/greenkingdom.ch\/it\/wp-json\/wp\/v2\/product\/19428\/revisions"}],"wp:featuredmedia":[{"embeddable":true,"href":"https:\/\/greenkingdom.ch\/it\/wp-json\/wp\/v2\/media\/8429"}],"wp:attachment":[{"href":"https:\/\/greenkingdom.ch\/it\/wp-json\/wp\/v2\/media?parent=19428"}],"wp:term":[{"taxonomy":"product_brand","embeddable":true,"href":"https:\/\/greenkingdom.ch\/it\/wp-json\/wp\/v2\/product_brand?post=19428"},{"taxonomy":"product_cat","embeddable":true,"href":"https:\/\/greenkingdom.ch\/it\/wp-json\/wp\/v2\/product_cat?post=19428"},{"taxonomy":"product_tag","embeddable":true,"href":"https:\/\/greenkingdom.ch\/it\/wp-json\/wp\/v2\/product_tag?post=19428"}],"curies":[{"name":"wp","href":"https:\/\/api.w.org\/{rel}","templated":true}]}}