{"id":19431,"date":"2024-10-11T16:37:03","date_gmt":"2024-10-11T14:37:03","guid":{"rendered":"https:\/\/greenkingdom.ch\/product\/giardino-highpro-pronet-modular-120\/"},"modified":"2024-10-11T16:37:03","modified_gmt":"2024-10-11T14:37:03","slug":"giardino-highpro-pronet-modular-120","status":"publish","type":"product","link":"https:\/\/greenkingdom.ch\/it\/prodotto\/giardino-highpro-pronet-modular-120\/","title":{"rendered":"Giardino Highpro Pronet Modular 120"},"content":{"rendered":"<p>Scopri il Garden Highpro Modular Pronet, una rete di supporto elastica progettata per le piante nelle tende da coltivazione. Questa rete sostiene le piante pesanti nella parte superiore, soprattutto quando si formano i frutti. Con una maglia di circa 20 cm, realizzata in materiale elastico di 3 mm di spessore, questo prodotto \u00e8 perfetto per tende di dimensioni fino a 1,2&#215;1,2m. Realizzata al 100% in gomma naturale, la Pronet \u00e8 dotata di 4 ganci aggiuntivi per un uso flessibile con altre reti modulari Garden Highpro. Questa rete pu\u00f2 essere piegata a proprio piacimento per adattarsi perfettamente alla tua tenda o stanza di coltivazione, fino a 150x150cm. Il colore nero e la versatilit\u00e0 del Pronet lo rendono un accessorio indispensabile per gli appassionati di coltivazione indoor. Codice EAN: 8436554760909. <\/p>\n","protected":false},"excerpt":{"rendered":"<p>Scopri il Garden Highpro Modular Pronet, una rete di supporto elastica progettata per le piante nelle tende da coltivazione. Questa rete sostiene le piante pesanti nella parte superiore, soprattutto quando si formano i frutti. Con una maglia di circa 20 cm, realizzata in materiale elastico di 3 mm di spessore, questo prodotto \u00e8 perfetto per [&hellip;]<\/p>\n","protected":false},"featured_media":8417,"comment_status":"open","ping_status":"closed","template":"","meta":{"_seopress_robots_primary_cat":"","_seopress_titles_title":"","_seopress_titles_desc":"","_seopress_robots_index":""},"product_brand":[],"product_cat":[626],"product_tag":[],"class_list":{"0":"post-19431","1":"product","2":"type-product","3":"status-publish","4":"has-post-thumbnail","6":"product_cat-accessori-grow-box","9":"instock","10":"taxable","11":"shipping-taxable","12":"purchasable","13":"product-type-simple","14":"product-grid-view"},"_links":{"self":[{"href":"https:\/\/greenkingdom.ch\/it\/wp-json\/wp\/v2\/product\/19431","targetHints":{"allow":["GET"]}}],"collection":[{"href":"https:\/\/greenkingdom.ch\/it\/wp-json\/wp\/v2\/product"}],"about":[{"href":"https:\/\/greenkingdom.ch\/it\/wp-json\/wp\/v2\/types\/product"}],"replies":[{"embeddable":true,"href":"https:\/\/greenkingdom.ch\/it\/wp-json\/wp\/v2\/comments?post=19431"}],"version-history":[{"count":0,"href":"https:\/\/greenkingdom.ch\/it\/wp-json\/wp\/v2\/product\/19431\/revisions"}],"wp:featuredmedia":[{"embeddable":true,"href":"https:\/\/greenkingdom.ch\/it\/wp-json\/wp\/v2\/media\/8417"}],"wp:attachment":[{"href":"https:\/\/greenkingdom.ch\/it\/wp-json\/wp\/v2\/media?parent=19431"}],"wp:term":[{"taxonomy":"product_brand","embeddable":true,"href":"https:\/\/greenkingdom.ch\/it\/wp-json\/wp\/v2\/product_brand?post=19431"},{"taxonomy":"product_cat","embeddable":true,"href":"https:\/\/greenkingdom.ch\/it\/wp-json\/wp\/v2\/product_cat?post=19431"},{"taxonomy":"product_tag","embeddable":true,"href":"https:\/\/greenkingdom.ch\/it\/wp-json\/wp\/v2\/product_tag?post=19431"}],"curies":[{"name":"wp","href":"https:\/\/api.w.org\/{rel}","templated":true}]}}