{"id":19432,"date":"2024-10-11T16:37:04","date_gmt":"2024-10-11T14:37:04","guid":{"rendered":"https:\/\/greenkingdom.ch\/product\/philips-son-t-pia-250w\/"},"modified":"2024-10-11T16:37:04","modified_gmt":"2024-10-11T14:37:04","slug":"philips-son-t-pia-250w","status":"publish","type":"product","link":"https:\/\/greenkingdom.ch\/it\/prodotto\/philips-son-t-pia-250w\/","title":{"rendered":"Philips SON-T PIA 250W"},"content":{"rendered":"<p>Scopri la lampadina a vapori di sodio Son-T PIA da 250 watt, ideale per la fase di fioritura con il suo spettro di colori rosso\/giallo. Il Philips Son-T PIA \u00e8 perfetto per piccole parti e reattori pi\u00f9 economici. Economica e durevole, \u00e8 la lampadina di partenza perfetta. Colore: Rosso\/Giallo (220 [ 2000K GZT ])Flusso luminoso<br \/>\n: 32800 lm<br \/>\nTemperatura di colore: 2000 K<br \/>\nEfficienza luminosa: 126,15 lm\/W<br \/>\nIndice di resa cromatica: 25 Questa lampadina \u00e8 dimmerabile e ha un tempo di installazione rapido di 5 minuti. Inoltre, \u00e8 inclusa la tassa di riciclaggio, che consente di smaltire gratuitamente le lampadine usate. Aggiungi questo bulbo alla tua stanza di coltivazione per piante in fiore!  <\/p>\n","protected":false},"excerpt":{"rendered":"<p>Scopri la lampadina a vapori di sodio Son-T PIA da 250 watt, ideale per la fase di fioritura con il suo spettro di colori rosso\/giallo. Il Philips Son-T PIA \u00e8 perfetto per piccole parti e reattori pi\u00f9 economici. Economica e durevole, \u00e8 la lampadina di partenza perfetta. Colore: Rosso\/Giallo (220 [ 2000K GZT ])Flusso luminoso [&hellip;]<\/p>\n","protected":false},"featured_media":8453,"comment_status":"open","ping_status":"closed","template":"","meta":{"_seopress_robots_primary_cat":"","_seopress_titles_title":"","_seopress_titles_desc":"","_seopress_robots_index":""},"product_brand":[],"product_cat":[561],"product_tag":[],"class_list":{"0":"post-19432","1":"product","2":"type-product","3":"status-publish","4":"has-post-thumbnail","6":"product_cat-sodio","9":"instock","10":"taxable","11":"shipping-taxable","12":"purchasable","13":"product-type-simple","14":"product-grid-view"},"_links":{"self":[{"href":"https:\/\/greenkingdom.ch\/it\/wp-json\/wp\/v2\/product\/19432","targetHints":{"allow":["GET"]}}],"collection":[{"href":"https:\/\/greenkingdom.ch\/it\/wp-json\/wp\/v2\/product"}],"about":[{"href":"https:\/\/greenkingdom.ch\/it\/wp-json\/wp\/v2\/types\/product"}],"replies":[{"embeddable":true,"href":"https:\/\/greenkingdom.ch\/it\/wp-json\/wp\/v2\/comments?post=19432"}],"version-history":[{"count":0,"href":"https:\/\/greenkingdom.ch\/it\/wp-json\/wp\/v2\/product\/19432\/revisions"}],"wp:featuredmedia":[{"embeddable":true,"href":"https:\/\/greenkingdom.ch\/it\/wp-json\/wp\/v2\/media\/8453"}],"wp:attachment":[{"href":"https:\/\/greenkingdom.ch\/it\/wp-json\/wp\/v2\/media?parent=19432"}],"wp:term":[{"taxonomy":"product_brand","embeddable":true,"href":"https:\/\/greenkingdom.ch\/it\/wp-json\/wp\/v2\/product_brand?post=19432"},{"taxonomy":"product_cat","embeddable":true,"href":"https:\/\/greenkingdom.ch\/it\/wp-json\/wp\/v2\/product_cat?post=19432"},{"taxonomy":"product_tag","embeddable":true,"href":"https:\/\/greenkingdom.ch\/it\/wp-json\/wp\/v2\/product_tag?post=19432"}],"curies":[{"name":"wp","href":"https:\/\/api.w.org\/{rel}","templated":true}]}}