{"id":19493,"date":"2024-10-11T16:37:28","date_gmt":"2024-10-11T14:37:28","guid":{"rendered":"https:\/\/greenkingdom.ch\/product\/lumatek-zeus-600w-pro-29-%ce%bcmol-j\/"},"modified":"2024-10-11T16:37:28","modified_gmt":"2024-10-11T14:37:28","slug":"lumatek-zeus-600w-pro-29-%ce%bcmol-j","status":"publish","type":"product","link":"https:\/\/greenkingdom.ch\/it\/prodotto\/lumatek-zeus-600w-pro-29-%ce%bcmol-j\/","title":{"rendered":"Lumatek Zeus 600W Pro 2,9 \u03bcmol\/J."},"content":{"rendered":"<p>Scopri Zeus 600W Pro 2.9 &#8211; Il punto di riferimento nell&#8217;illuminazione a LED per la crescita delle piante Lo Zeus 600W Pro 2.9 di Lumatek \u00e8 una vera rivoluzione nel campo dell&#8217;illuminazione per l&#8217;orticoltura. Questa lampada spinge i confini della tecnologia LED offrendo potenza, efficienza e qualit\u00e0 della luce senza pari. Prestazioni eccezionali: la Zeus 600W Pro 2.9 produce un impressionante flusso luminoso di 1770 \u03bcmol\/s con un&#8217;efficienza fino a 2,9 \u03bcmol\/J. Ideale per la fase di fioritura su un&#8217;area di 1,4&#215;1,4m e per la fase vegetativa su 1,5&#215;1,5m, questa lampada garantisce un&#8217;illuminazione uniforme e ad alta intensit\u00e0, perfetta per i giardinieri indoor pi\u00f9 esigenti. Design innovativo e prestazioni ottimali: grazie ai diodi Osram e Lumileds di alta qualit\u00e0 e a un esclusivo design modulare della barra luminosa, lo Zeus 600W Pro 2.9 offre una distribuzione ottimale della luce. La tecnologia di protezione Clear Glue massimizza la trasmissione della luce e prolunga la durata del diodo. Spettro completo per una crescita ottimale: lo spettro completo di Zeus 600W Pro 2.9 promuove una crescita sana e la massima resa, dalla germinazione al raccolto. Facile da controllare e mantenere: con il pannello digitale Lumatek Plus 2.0, \u00e8 possibile controllare facilmente i cicli di luce e i livelli di dimmerazione. Il raffreddamento passivo garantisce un funzionamento silenzioso, mentre la certificazione IP65 fornisce protezione contro acqua e polvere. Aggiornabile per una flessibilit\u00e0 a lungo termine: gli utenti di Zeus 600W Pro possono aggiornare facilmente il proprio dispositivo sostituendo le barre LED, fornendo un modo conveniente per accedere alla tecnologia pi\u00f9 recente senza dover acquistare nuove apparecchiature.<\/p>\n<p>Specifiche:<br \/>\n&#8211; Efficienza: fino a 2,9 \u03bcmol\/J<br \/>\n&#8211; PPF: 1770 \u03bcmol\/s<br \/>\n&#8211; Tensione di ingresso: 220-240V, 50-60Hz<br \/>\n&#8211; Potenza in ingresso: 615W (\u00b15%)<br \/>\n&#8211; Copertura: 1,4&#215;1,4m fiore, 1,5&#215;1,5m Veg- Resistenza<br \/>\n all&#8217;acqua: IP65<br \/>\n&#8211; Durata della vita: +60.000 ore<br \/>\n&#8211; Distribuzione della luce: 120\u00b0<br \/>\n&#8211; Sorgente luminosa: diodi Osram e Lumileds- Regolazione dell&#8217;intensit\u00e0<br \/>\n: OFF-25-50-75%-100%-50%<br \/>\n&#8211; Controllo esterno:  con Lumatek Digital Panel Plus 2.0<br \/>\n&#8211; Peso: 13,5 kg<br \/>\n&#8211; Dimensioni: 1091&#215;1182,4&#215;51,9mm<br \/>\n&#8211; Spettro: completo<\/p>\n<p>Fornitura:<br \/>\n&#8211; 6 x Barre luminose magnetiche Lumatek 100W Pro 2.9<br \/>\n&#8211; 1 x Driver Lumatek 600W Pro 2.9 con cavi di collegamento<br \/>\n&#8211; 1 x Struttura LED con cavi di collegamento<br \/>\n&#8211; 1 x Dimmer 0-10V + Velcro<br \/>\n&#8211; 2 x Gancio per cavo metallico<br \/>\n&#8211; 1 x Manuale<\/p>\n<p>EAN: 5060560031505<\/p>\n","protected":false},"excerpt":{"rendered":"<p>Scopri Zeus 600W Pro 2.9 &#8211; Il punto di riferimento nell&#8217;illuminazione a LED per la crescita delle piante Lo Zeus 600W Pro 2.9 di Lumatek \u00e8 una vera rivoluzione nel campo dell&#8217;illuminazione per l&#8217;orticoltura. Questa lampada spinge i confini della tecnologia LED offrendo potenza, efficienza e qualit\u00e0 della luce senza pari. Prestazioni eccezionali: la Zeus [&hellip;]<\/p>\n","protected":false},"featured_media":8555,"comment_status":"open","ping_status":"closed","template":"","meta":{"_seopress_robots_primary_cat":"","_seopress_titles_title":"","_seopress_titles_desc":"","_seopress_robots_index":""},"product_brand":[],"product_cat":[560],"product_tag":[],"class_list":{"0":"post-19493","1":"product","2":"type-product","3":"status-publish","4":"has-post-thumbnail","6":"product_cat-led-it","9":"instock","10":"taxable","11":"shipping-taxable","12":"purchasable","13":"product-type-simple","14":"product-grid-view"},"_links":{"self":[{"href":"https:\/\/greenkingdom.ch\/it\/wp-json\/wp\/v2\/product\/19493","targetHints":{"allow":["GET"]}}],"collection":[{"href":"https:\/\/greenkingdom.ch\/it\/wp-json\/wp\/v2\/product"}],"about":[{"href":"https:\/\/greenkingdom.ch\/it\/wp-json\/wp\/v2\/types\/product"}],"replies":[{"embeddable":true,"href":"https:\/\/greenkingdom.ch\/it\/wp-json\/wp\/v2\/comments?post=19493"}],"version-history":[{"count":0,"href":"https:\/\/greenkingdom.ch\/it\/wp-json\/wp\/v2\/product\/19493\/revisions"}],"wp:featuredmedia":[{"embeddable":true,"href":"https:\/\/greenkingdom.ch\/it\/wp-json\/wp\/v2\/media\/8555"}],"wp:attachment":[{"href":"https:\/\/greenkingdom.ch\/it\/wp-json\/wp\/v2\/media?parent=19493"}],"wp:term":[{"taxonomy":"product_brand","embeddable":true,"href":"https:\/\/greenkingdom.ch\/it\/wp-json\/wp\/v2\/product_brand?post=19493"},{"taxonomy":"product_cat","embeddable":true,"href":"https:\/\/greenkingdom.ch\/it\/wp-json\/wp\/v2\/product_cat?post=19493"},{"taxonomy":"product_tag","embeddable":true,"href":"https:\/\/greenkingdom.ch\/it\/wp-json\/wp\/v2\/product_tag?post=19493"}],"curies":[{"name":"wp","href":"https:\/\/api.w.org\/{rel}","templated":true}]}}